{"id":971,"date":"2022-09-07T15:47:25","date_gmt":"2022-09-07T15:47:25","guid":{"rendered":"https:\/\/aston.ch\/manuel-barreiro-castaneda\/"},"modified":"2025-09-17T13:14:52","modified_gmt":"2025-09-17T13:14:52","slug":"manuel-barreiro-castaneda","status":"publish","type":"page","link":"https:\/\/aston.ch\/it\/manuel-barreiro-castaneda\/","title":{"rendered":"Il nostro fondatore &#8211; Manuel Barreiro Casta\u00f1eda"},"content":{"rendered":"<p>[et_pb_section fb_built=&#8221;1&#8243; _builder_version=&#8221;4.16&#8243; global_colors_info=&#8221;{}&#8221;][et_pb_row module_class=&#8221;full-width-row manuel-row-title h500&#8243; _builder_version=&#8221;4.16&#8243; background_image=&#8221;https:\/\/aston.ch\/wp-content\/uploads\/2019\/03\/who-we-are.jpg&#8221; background_position=&#8221;center_right&#8221; locked=&#8221;off&#8221; global_colors_info=&#8221;{}&#8221;][et_pb_column type=&#8221;4_4&#8243; _builder_version=&#8221;4.16&#8243; custom_padding=&#8221;|||&#8221; global_colors_info=&#8221;{}&#8221; custom_padding__hover=&#8221;|||&#8221;][et_pb_text _builder_version=&#8221;4.16&#8243; global_colors_info=&#8221;{}&#8221;]<\/p>\n<h1>Il nostro fondatore &#8211; Manuel Barreiro Casta\u00f1eda<\/h1>\n<p>[\/et_pb_text][et_pb_divider module_class=&#8221;separator&#8221; _builder_version=&#8221;4.16&#8243; global_colors_info=&#8221;{}&#8221;][\/et_pb_divider][et_pb_text module_class=&#8221;title-description&#8221; _builder_version=&#8221;4.16&#8243; global_colors_info=&#8221;{}&#8221;]Dirigente immobiliare e filantropo di grande esperienza, Manuel Barreiro Casta\u00f1eda \u00e8 il fondatore e presidente del Gruppo Aston.<br \/>\n[\/et_pb_text][\/et_pb_column][\/et_pb_row][\/et_pb_section][et_pb_section fb_built=&#8221;1&#8243; module_class=&#8221;bio-section&#8221; _builder_version=&#8221;4.16&#8243; global_colors_info=&#8221;{}&#8221;][et_pb_row column_structure=&#8221;2_3,1_3&#8243; _builder_version=&#8221;4.27.4&#8243; background_size=&#8221;initial&#8221; background_position=&#8221;top_left&#8221; background_repeat=&#8221;repeat&#8221; hover_enabled=&#8221;0&#8243; global_colors_info=&#8221;{}&#8221; sticky_enabled=&#8221;0&#8243;][et_pb_column type=&#8221;2_3&#8243; _builder_version=&#8221;4.16&#8243; custom_padding=&#8221;|||&#8221; global_colors_info=&#8221;{}&#8221; custom_padding__hover=&#8221;|||&#8221;][et_pb_text _builder_version=&#8221;4.27.4&#8243; hover_enabled=&#8221;0&#8243; global_colors_info=&#8221;{}&#8221; sticky_enabled=&#8221;0&#8243;]<\/p>\n<h2><b>Il nostro fondatore &#8211; Manuel Barreiro Casta\u00f1eda<\/b><\/h2>\n<p>&nbsp;<\/p>\n<p><b>Leader immobiliare impegnato nello sviluppo sostenibile<\/b><\/p>\n<p>Manuel Barreiro Casta\u00f1eda \u00e8 fondatore e presidente del <b>Gruppo Aston<\/b>, una societ\u00e0 di private equity che ha realizzato oltre <b>1 miliardo di dollari di investimenti<\/b> in Nord America ed Europa. Con pi\u00f9 di vent\u2019anni d\u2018esperienza nell\u2019immobiliare internazionale, si \u00e8 costruito una reputazione di <b>leader strategico<\/b>, all\u2019incrocio tra <b>immobiliare, tecnologia, sostenibilit\u00e0, mobilit\u00e0 e smart cities<\/b>.<\/p>\n<p>Convinto sostenitore dello <b>sviluppo urbano sostenibile<\/b>, il Sig. Barreiro Casta\u00f1eda integra gli <b>Obiettivi di Sviluppo Sostenibile (OSS) delle Nazioni Unite<\/b> nei progetti del Gruppo Aston, per migliorare la qualit\u00e0 della vita, ridurre le disuguaglianze e generare valore duraturo per le comunit\u00e0. Il suo impegno va oltre il business: sostiene attivamente <b>l\u2019imprenditorialit\u00e0 e l\u2019innovazione<\/b>, accompagnando giovani imprenditori tecnologici e aiutandoli a trasformare le loro idee in imprese di rilevanza globale.<\/p>\n<p>&nbsp;<\/p>\n<h3>Leadership globale in tecnologia e sostenibilit\u00e0<\/h3>\n<p>Il Sig. Barreiro Casta\u00f1eda \u00e8 membro attivo dell\u2019<b>Unione Internazionale delle Telecomunicazioni (ITU)<\/b>, l\u2019agenzia specializzata delle Nazioni Unite per le tecnologie dell\u2019informazione e della comunicazione. Ha ricoperto in precedenza il ruolo di <b>Vicepresidente del Gruppo di lavoro 8 sul Metaverso \u2013 Sostenibilit\u00e0, Accessibilit\u00e0 e Inclusione<\/b>, con un focus sull\u2019equit\u00e0 e sulla responsabilit\u00e0 ambientale nei mondi virtuali emergenti. Attualmente, \u00e8 membro del <b>Comitato esecutivo della Global Initiative on Virtual Worlds \u2013 Discovering the CitiVerse<\/b>, che elabora politiche e linee guida per ambienti virtuali <b>aperti, interoperabili e socialmente responsabili<\/b>.<\/p>\n<p>&nbsp;<\/p>\n<h3>Impegno accademico ed expertise<\/h3>\n<p>Parallelamente alla carriera professionale, il Sig. Barreiro Casta\u00f1eda \u00e8 molto attivo in ambito accademico. \u00c8 docente nel <b>Real Estate Programme di Oxford<\/b>, dove condivide con dirigenti provenienti da tutto il mondo la sua esperienza nei mercati sviluppati ed emergenti. Ha inoltre completato il <b>Real Estate Programme di Oxford<\/b> e l\u2019<b>Oxford Programme on Valuation of Private Assets<\/b>.<\/p>\n<p>\u00c8 in possesso di un <b>Executive MSc in Cities<\/b> conseguito presso la <b>London School of Economics (LSE)<\/b>, con specializzazione in sviluppo urbano sostenibile, mobilit\u00e0 e gestione delle risorse idriche. In questo contesto ha approfondito il suo interesse per le <b>applicazioni dell\u2019intelligenza artificiale (IA) e dell\u2019Internet of Things (IoT) nello sviluppo urbano<\/b>. Attualmente frequenta l\u2019<b>Owner\/President Management Program<\/b> presso la <b>Harvard Business School<\/b>, per affinare ulteriormente le proprie capacit\u00e0 di leadership.<\/p>\n<p>Il suo percorso accademico comprende anche un <b>MBA presso la McCombs School of Business (University of Texas at Austin)<\/b> e una <b>laurea in commercio internazionale presso l\u2019ITESM<\/b>, con programmi di scambio in Giappone e Argentina. Durante il soggiorno in Giappone, dove ha osservato come la tecnologia possa migliorare la vita delle persone vulnerabili, ha maturato la missione che guida la sua carriera: <b>costruire citt\u00e0 migliori e pi\u00f9 inclusive, a partire dal suo Messico natale<\/b>.<\/p>\n<p>&nbsp;<\/p>\n<h3>Riconoscimenti e impegno sociale<\/h3>\n<p>In riconoscimento del suo contributo all\u2019<b>istruzione, all\u2019innovazione e allo sviluppo del Messico<\/b>, il Sig. Barreiro Casta\u00f1eda ha ricevuto un <b>dottorato honoris causa<\/b>. \u00c8 inoltre presidente della <b>Fondazione Aston Barreiro-Ugalde<\/b> (<a href=\"http:\/\/www.astonfoundationbu.org\">astonfoundationbu.org<\/a>), un\u2019organizzazione senza scopo di lucro che offre sostegno educativo ai bambini provenienti da famiglie a basso reddito. A livello locale, promuove <b>iniziative di sostenibilit\u00e0 a Quer\u00e9taro<\/b>, in particolare nei settori della mobilit\u00e0 e dell\u2019ambiente, continuando al contempo a intervenire in importanti forum internazionali sul futuro delle citt\u00e0.<\/p>\n<p>[\/et_pb_text][et_pb_code admin_label=&#8221;Social&#8221; _builder_version=&#8221;4.27.4&#8243; global_colors_info=&#8221;{}&#8221;]<\/p>\n<ul class=\"social\"><!-- [et_pb_line_break_holder] --><\/p>\n<li><a href=\"https:\/\/manuelbarreirocastaneda.com\/\" target=\"_blank\"><svg xmlns=\"http:\/\/www.w3.org\/2000\/svg\" viewBox=\"0 0 512 512\" width=\"30\"><path fill=\"#99c43f\" d=\"M352 256c0 22.2-1.2 43.6-3.3 64l-185.3 0c-2.2-20.4-3.3-41.8-3.3-64s1.2-43.6 3.3-64l185.3 0c2.2 20.4 3.3 41.8 3.3 64zm28.8-64l123.1 0c5.3 20.5 8.1 41.9 8.1 64s-2.8 43.5-8.1 64l-123.1 0c2.1-20.6 3.2-42 3.2-64s-1.1-43.4-3.2-64zm112.6-32l-116.7 0c-10-63.9-29.8-117.4-55.3-151.6c78.3 20.7 142 77.5 171.9 151.6zm-149.1 0l-176.6 0c6.1-36.4 15.5-68.6 27-94.7c10.5-23.6 22.2-40.7 33.5-51.5C239.4 3.2 248.7 0 256 0s16.6 3.2 27.8 13.8c11.3 10.8 23 27.9 33.5 51.5c11.6 26 20.9 58.2 27 94.7zm-209 0L18.6 160C48.6 85.9 112.2 29.1 190.6 8.4C165.1 42.6 145.3 96.1 135.3 160zM8.1 192l123.1 0c-2.1 20.6-3.2 42-3.2 64s1.1 43.4 3.2 64L8.1 320C2.8 299.5 0 278.1 0 256s2.8-43.5 8.1-64zM194.7 446.6c-11.6-26-20.9-58.2-27-94.6l176.6 0c-6.1 36.4-15.5 68.6-27 94.6c-10.5 23.6-22.2 40.7-33.5 51.5C272.6 508.8 263.3 512 256 512s-16.6-3.2-27.8-13.8c-11.3-10.8-23-27.9-33.5-51.5zM135.3 352c10 63.9 29.8 117.4 55.3 151.6C112.2 482.9 48.6 426.1 18.6 352l116.7 0zm358.1 0c-30 74.1-93.6 130.9-171.9 151.6c25.5-34.2 45.2-87.7 55.3-151.6l116.7 0z\"\/><\/svg><\/a><\/li>\n<p><!-- [et_pb_line_break_holder] --><\/p>\n<li><a href=\"https:\/\/www.linkedin.com\/in\/manuel-barreiro-casta%C3%B1eda-346470182\/\" target=\"_blank\"><svg xmlns=\"http:\/\/www.w3.org\/2000\/svg\" viewBox=\"0 0 448 512\" width=\"30\"><path fill=\"#99c43f\" d=\"M100.3 448H7.4V148.9h92.9zM53.8 108.1C24.1 108.1 0 83.5 0 53.8a53.8 53.8 0 0 1 107.6 0c0 29.7-24.1 54.3-53.8 54.3zM447.9 448h-92.7V302.4c0-34.7-.7-79.2-48.3-79.2-48.3 0-55.7 37.7-55.7 76.7V448h-92.8V148.9h89.1v40.8h1.3c12.4-23.5 42.7-48.3 87.9-48.3 94 0 111.3 61.9 111.3 142.3V448z\"\/><\/svg><\/a><\/li>\n<p><!-- [et_pb_line_break_holder] --><\/p>\n<li><a href=\"https:\/\/twitter.com\/manuelBarreiroC\" target=\"_blank\"><svg xmlns=\"http:\/\/www.w3.org\/2000\/svg\" viewBox=\"0 0 512 512\" width=\"30\"><path fill=\"#99c340\" d=\"M389.2 48h70.6L305.6 224.2 487 464H345L233.7 318.6 106.5 464H35.8L200.7 275.5 26.8 48H172.4L272.9 180.9 389.2 48zM364.4 421.8h39.1L151.1 88h-42L364.4 421.8z\"\/><\/svg><\/a><\/li>\n<p><!-- [et_pb_line_break_holder] --><\/ul>\n<p>[\/et_pb_code][\/et_pb_column][et_pb_column type=&#8221;1_3&#8243; _builder_version=&#8221;4.16&#8243; custom_padding=&#8221;|||&#8221; global_colors_info=&#8221;{}&#8221; custom_padding__hover=&#8221;|||&#8221;][et_pb_image src=&#8221;https:\/\/aston.ch\/wp-content\/uploads\/2022\/09\/manuel-barreiro.jpg&#8221; align_tablet=&#8221;center&#8221; align_phone=&#8221;center&#8221; align_last_edited=&#8221;on|desktop&#8221; _builder_version=&#8221;4.16&#8243; global_colors_info=&#8221;{}&#8221;][\/et_pb_image][\/et_pb_column][\/et_pb_row][\/et_pb_section]<\/p>\n","protected":false},"excerpt":{"rendered":"<p>Il nostro fondatore &#8211; Manuel Barreiro Casta\u00f1eda Dirigente immobiliare e filantropo di grande esperienza, Manuel Barreiro Casta\u00f1eda \u00e8 il fondatore e presidente del Gruppo Aston. Il nostro fondatore &#8211; Manuel Barreiro Casta\u00f1eda &nbsp; Leader immobiliare impegnato nello sviluppo sostenibile Manuel Barreiro Casta\u00f1eda \u00e8 fondatore e presidente del Gruppo Aston, una societ\u00e0 di private equity che [&hellip;]<\/p>\n","protected":false},"author":1,"featured_media":0,"parent":0,"menu_order":0,"comment_status":"closed","ping_status":"closed","template":"","meta":{"_et_pb_use_builder":"on","_et_pb_old_content":"","_et_gb_content_width":"","ngg_post_thumbnail":0,"footnotes":""},"class_list":["post-971","page","type-page","status-publish","hentry"],"_links":{"self":[{"href":"https:\/\/aston.ch\/it\/wp-json\/wp\/v2\/pages\/971","targetHints":{"allow":["GET"]}}],"collection":[{"href":"https:\/\/aston.ch\/it\/wp-json\/wp\/v2\/pages"}],"about":[{"href":"https:\/\/aston.ch\/it\/wp-json\/wp\/v2\/types\/page"}],"author":[{"embeddable":true,"href":"https:\/\/aston.ch\/it\/wp-json\/wp\/v2\/users\/1"}],"replies":[{"embeddable":true,"href":"https:\/\/aston.ch\/it\/wp-json\/wp\/v2\/comments?post=971"}],"version-history":[{"count":8,"href":"https:\/\/aston.ch\/it\/wp-json\/wp\/v2\/pages\/971\/revisions"}],"predecessor-version":[{"id":2167,"href":"https:\/\/aston.ch\/it\/wp-json\/wp\/v2\/pages\/971\/revisions\/2167"}],"wp:attachment":[{"href":"https:\/\/aston.ch\/it\/wp-json\/wp\/v2\/media?parent=971"}],"curies":[{"name":"wp","href":"https:\/\/api.w.org\/{rel}","templated":true}]}}