{"id":855,"date":"2019-03-05T10:18:56","date_gmt":"2019-03-05T10:18:56","guid":{"rendered":"https:\/\/aston.ch\/politica-de-cookies\/"},"modified":"2025-06-12T08:26:15","modified_gmt":"2025-06-12T08:26:15","slug":"cookies-policy","status":"publish","type":"page","link":"https:\/\/aston.ch\/it\/cookies-policy\/","title":{"rendered":"Cookies policy"},"content":{"rendered":"<p>[et_pb_section fb_built=&#8221;1&#8243; admin_label=&#8221;section&#8221; _builder_version=&#8221;4.16&#8243; global_colors_info=&#8221;{}&#8221;][et_pb_row admin_label=&#8221;row&#8221; _builder_version=&#8221;4.16&#8243; background_size=&#8221;initial&#8221; background_position=&#8221;top_left&#8221; background_repeat=&#8221;repeat&#8221; global_colors_info=&#8221;{}&#8221;][et_pb_column type=&#8221;4_4&#8243; _builder_version=&#8221;4.16&#8243; custom_padding=&#8221;|||&#8221; global_colors_info=&#8221;{}&#8221; custom_padding__hover=&#8221;|||&#8221;][et_pb_text admin_label=&#8221;Text&#8221; _builder_version=&#8221;4.27.4&#8243; background_size=&#8221;initial&#8221; background_position=&#8221;top_left&#8221; background_repeat=&#8221;repeat&#8221; hover_enabled=&#8221;0&#8243; global_colors_info=&#8221;{}&#8221; sticky_enabled=&#8221;0&#8243;]<\/p>\n<h3><b>COSA SONO I COOKIE?<\/b><\/h3>\n<p><span style=\"font-weight: 400;\">I cookie sono piccoli file di testo che alcuni siti web posizionano e memorizzano sui computer e dispositivi mobili degli utenti. Questi file sono generalmente utilizzati per migliorare l&#8217;esperienza dell&#8217;utente raccogliendo informazioni sulle sue abitudini di navigazione. A seconda delle informazioni memorizzate, possono essere utilizzati anche per riconoscere l&#8217;utente. Il browser dell&#8217;utente memorizza i cookie sul disco rigido solo durante la sessione attiva, quindi utilizzano uno spazio minimo e non danneggiano il computer.<\/span><\/p>\n<p><span style=\"font-weight: 400;\">I cookie non contengono informazioni personali specifiche; nella maggior parte dei casi vengono eliminati al termine della sessione (chiamati &#8220;cookie di sessione&#8221;).<\/span><\/p>\n<p>La maggior parte dei browser accetta i cookie come impostazione predefinita e, indipendentemente da ci\u00f2, consente di attivare o bloccare i cookie temporanei o permanenti nelle impostazioni di sicurezza.<\/p>\n<h3>&nbsp;<\/h3>\n<h3><b>CHE TIPO DI COOKIE UTILIZZIAMO?<\/b><\/h3>\n<p><span style=\"font-weight: 400;\">Questo sito web utilizza i seguenti tipi di cookie:<\/span><\/p>\n<p><strong>Cookie analitici:<\/strong>&nbsp;<span style=\"font-weight: 400;\">Questi cookie vengono utilizzati per raccogliere informazioni e monitorare i visitatori del sito web per aiutarci a comprendere come viene utilizzato il nostro sito. Questi dati servono a migliorare le prestazioni del sito e quindi l&#8217;esperienza dell&#8217;utente.<\/span><\/p>\n<p><strong>Cookie tecnici:<\/strong><span style=\"font-weight: 400;\">Questi cookie consentono all&#8217;utente di navigare nel sito web e utilizzare le diverse opzioni o servizi presenti, come effettuare un acquisto online.<\/span><\/p>\n<p><span style=\"font-weight: 400;\"><strong>Cookie di personalizzazione:<\/strong>Questi cookie possono essere impostati da questo sito o da terze parti; permettono all&#8217;utente di accedere ai servizi web con determinate caratteristiche predefinite, come le preferenze linguistiche, il tipo di browser utilizzato, la configurazione regionale da cui si accede al servizio, ecc.<\/span><\/p>\n<p><b>Cookie pubblicitari:<\/b> <span style=\"font-weight: 400;\">Questi cookie possono essere impostati da questo sito o da terze parti; vengono utilizzati per indirizzare la pubblicit\u00e0 verso l&#8217;utente e permettono il tracciamento delle abitudini di navigazione su diversi siti web per scopi di marketing simili.<\/span><\/p>\n<p><b>Cookie di pubblicit\u00e0 comportamentale:<\/b><span style=\"font-weight: 400;\">Questi cookie vengono impostati dai nostri partner pubblicitari per fornire pubblicit\u00e0 comportamentale e dati analitici di remarketing. Raccolgono informazioni di navigazione necessarie per creare profili e comprendere le abitudini degli utenti al fine di sviluppare routine pubblicitarie personalizzate.<\/span><\/p>\n<p>&nbsp;<\/p>\n<h3><b>BLOCCO DEI COOKIE.<\/b><\/h3>\n<p>Puoi scegliere di consentire, bloccare o eliminare i cookie installati sul tuo dispositivo tramite le impostazioni del tuo browser. La maggior parte dei browser offre la possibilit\u00e0 di bloccare o eliminare i cookie installati sul dispositivo.<\/p>\n<p><span style=\"font-weight: 400;\">Qui sotto puoi trovare le impostazioni dei browser pi\u00f9 comuni per accettare, installare o disattivare i cookie:<\/span><\/p>\n<p><a href=\"https:\/\/support.google.com\/chrome\/answer\/95647?hl=es\" target=\"_blank\" rel=\"noopener noreferrer\"><span style=\"font-weight: 400;\">Impostazioni dei cookie in Google Chrome<\/span><\/a><\/p>\n<p><a href=\"http:\/\/windows.microsoft.com\/es-es\/windows7\/how-to-manage-cookies-in-internet-explorer-9\" target=\"_blank\" rel=\"noopener noreferrer\"><span style=\"font-weight: 400;\">Impostazioni dei cookie in Microsoft Internet Explorer<\/span><\/a><\/p>\n<p><a href=\"https:\/\/support.mozilla.org\/es\/kb\/habilitar-y-deshabilitar-cookies-sitios-web-rastrear-preferencias?redirectlocale=es&amp;redirectslug=habilitar-y-deshabilitar-cookies-que-los-sitios-we\" target=\"_blank\" rel=\"noopener noreferrer\"><span style=\"font-weight: 400;\">Impostazioni dei cookie in Mozilla Firefox<\/span><\/a><\/p>\n<p><a href=\"https:\/\/support.apple.com\/es-es\/HT201265\" target=\"_blank\" rel=\"noopener noreferrer\"><span style=\"font-weight: 400;\">Impostazioni dei cookie in Safari (Apple)<\/span><\/a><\/p>\n<h3>&nbsp;<\/h3>\n<h3><b>COOKIE DI TERZE PARTI.<\/b><\/h3>\n<p>Questo sito utilizza servizi di terze parti per raccogliere informazioni a fini statistici. Utilizziamo i servizi di Google Adsense e Google Analytics per le nostre statistiche e il marketing. Alcuni di questi cookie sono necessari per il funzionamento del sito, come il motore di ricerca integrato. Il nostro sito include anche altre funzionalit\u00e0 fornite da terze parti. \u00c8 possibile condividere facilmente i nostri contenuti sui social media come Facebook, Twitter o Google+ utilizzando i pulsanti appositi.<\/p>\n<h4>&nbsp;<\/h4>\n<h4><b>AVVISO SULLA RIMOZIONE DEI COOKIE.<\/b><\/h4>\n<p><span style=\"font-weight: 400;\">Puoi scegliere di consentire, bloccare o eliminare i cookie installati sul tuo computer regolando le impostazioni del browser che utilizzi. Tuttavia, ci\u00f2 potrebbe limitare la possibilit\u00e0 di accedere a determinate parti del sito web e influire sulla tua esperienza.<\/span><\/p>\n<p><span style=\"font-weight: 400;\">Puoi contattare questo sito tramite i nostri canali di comunicazione se hai domande riguardanti la nostra politica sui cookie.<\/span><\/p>\n<p>[\/et_pb_text][\/et_pb_column][\/et_pb_row][\/et_pb_section]<\/p>\n","protected":false},"excerpt":{"rendered":"<p>COSA SONO I COOKIE? I cookie sono piccoli file di testo che alcuni siti web posizionano e memorizzano sui computer e dispositivi mobili degli utenti. Questi file sono generalmente utilizzati per migliorare l&#8217;esperienza dell&#8217;utente raccogliendo informazioni sulle sue abitudini di navigazione. A seconda delle informazioni memorizzate, possono essere utilizzati anche per riconoscere l&#8217;utente. Il browser [&hellip;]<\/p>\n","protected":false},"author":1,"featured_media":0,"parent":0,"menu_order":0,"comment_status":"closed","ping_status":"open","template":"","meta":{"_et_pb_use_builder":"on","_et_pb_old_content":"<h2>Qui\u00e9nes somos<\/h2>\r\n\r\n<p>La direcci\u00f3n de nuestra web es: https:\/\/aston.ch.<\/p>\r\n\r\n<h2>Qu\u00e9 datos personales recogemos y por qu\u00e9 los recogemos<\/h2>\r\n\r\n<h3>Comentarios<\/h3>\r\n\r\n<p>Cuando los visitantes dejan comentarios en la web, recopilamos los datos que se muestran en el formulario de comentarios, as\u00ed como la direcci\u00f3n IP del visitante y la cadena de agentes de usuario del navegador para ayudar a la detecci\u00f3n de spam.<\/p>\r\n\r\n<p>Una cadena an\u00f3nima creada a partir de tu direcci\u00f3n de correo electr\u00f3nico (tambi\u00e9n llamada hash) puede ser proporcionada al servicio de Gravatar para ver si la est\u00e1s usando. La pol\u00edtica de privacidad del servicio Gravatar est\u00e1 disponible aqu\u00ed: https:\/\/automattic.com\/privacy\/. Despu\u00e9s de la aprobaci\u00f3n de tu comentario, la imagen de tu perfil es visible para el p\u00fablico en el contexto de su comentario.<\/p>\r\n\r\n<h3>Medios<\/h3>\r\n\r\n<p>Si subes im\u00e1genes a la web deber\u00edas evitar subir im\u00e1genes con datos de ubicaci\u00f3n (GPS EXIF) incluidos. Los visitantes de la web pueden descargar y extraer cualquier dato de localizaci\u00f3n de las im\u00e1genes de la web.<\/p>\r\n\r\n<h3>Formularios de contacto<\/h3>\r\n\r\n<h3>Cookies<\/h3>\r\n\r\n<p>Si dejas un comentario en nuestro sitio puedes elegir guardar tu nombre, direcci\u00f3n de correo electr\u00f3nico y web en cookies. Esto es para tu comodidad, para que no tengas que volver a rellenar tus datos cuando dejes otro comentario. Estas cookies tendr\u00e1n una duraci\u00f3n de un a\u00f1o.<\/p>\r\n\r\n<p>Si tienes una cuenta y te conectas a este sitio, instalaremos una cookie temporal para determinar si tu navegador acepta cookies. Esta cookie no contiene datos personales y se elimina al cerrar el navegador.<\/p>\r\n\r\n<p>Cuando inicias sesi\u00f3n, tambi\u00e9n instalaremos varias cookies para guardar tu informaci\u00f3n de inicio de sesi\u00f3n y tus opciones de visualizaci\u00f3n de pantalla. Las cookies de inicio de sesi\u00f3n duran dos d\u00edas, y las cookies de opciones de pantalla duran un a\u00f1o. Si seleccionas \"Recordarme\", tu inicio de sesi\u00f3n perdurar\u00e1 durante dos semanas. Si sales de tu cuenta, las cookies de inicio de sesi\u00f3n se eliminar\u00e1n.<\/p>\r\n\r\n<p>Si editas o publicas un art\u00edculo se guardar\u00e1 una cookie adicional en tu navegador. Esta cookie no incluye datos personales y simplemente indica el ID del art\u00edculo que acabas de editar. Caduca despu\u00e9s de 1 d\u00eda.<\/p>\r\n\r\n<h3>Contenido incrustado de otros sitios web<\/h3>\r\n\r\n<p>Los art\u00edculos de este sitio pueden incluir contenido incrustado (por ejemplo, v\u00eddeos, im\u00e1genes, art\u00edculos, etc.). El contenido incrustado de otras web se comporta exactamente de la misma manera que si el visitante hubiera visitado la otra web.<\/p>\r\n\r\n<p>Estas web pueden recopilar datos sobre ti, utilizar cookies, incrustar un seguimiento adicional de terceros, y supervisar tu interacci\u00f3n con ese contenido incrustado, incluido el seguimiento de tu interacci\u00f3n con el contenido incrustado si tienes una cuenta y est\u00e1s conectado a esa web.<\/p>\r\n\r\n<h3>Anal\u00edtica<\/h3>\r\n\r\n<h2>Con qui\u00e9n compartimos tus datos<\/h2>\r\n\r\n<h2>Cu\u00e1nto tiempo conservamos tus datos<\/h2>\r\n\r\n<p>Si dejas un comentario, el comentario y sus metadatos se conservan indefinidamente. Esto es para que podamos reconocer y aprobar comentarios sucesivos autom\u00e1ticamente en lugar de mantenerlos en una cola de moderaci\u00f3n.<\/p>\r\n\r\n<p>De los usuarios que se registran en nuestra web (si los hay), tambi\u00e9n almacenamos la informaci\u00f3n personal que proporcionan en su perfil de usuario. Todos los usuarios pueden ver, editar o eliminar su informaci\u00f3n personal en cualquier momento (excepto que no pueden cambiar su nombre de usuario). Los administradores de la web tambi\u00e9n pueden ver y editar esa informaci\u00f3n.<\/p>\r\n\r\n<h2>Qu\u00e9 derechos tienes sobre tus datos<\/h2>\r\n\r\n<p>Si tienes una cuenta o has dejado comentarios en esta web, puedes solicitar recibir un archivo de exportaci\u00f3n de los datos personales que tenemos sobre ti, incluyendo cualquier dato que nos hayas proporcionado. Tambi\u00e9n puedes solicitar que eliminemos cualquier dato personal que tengamos sobre ti. Esto no incluye ning\u00fan dato que estemos obligados a conservar con fines administrativos, legales o de seguridad.<\/p>\r\n\r\n<h2>D\u00f3nde enviamos tus datos<\/h2>\r\n\r\n<p>Los comentarios de los visitantes puede que los revise un servicio de detecci\u00f3n autom\u00e1tica de spam.<\/p>\r\n\r\n<h2>Tu informaci\u00f3n de contacto<\/h2>\r\n\r\n<h2>Informaci\u00f3n adicional<\/h2>\r\n\r\n<h3>C\u00f3mo protegemos tus datos<\/h3>\r\n\r\n<h3>Qu\u00e9 procedimientos utilizamos contra las brechas de datos<\/h3>\r\n\r\n<h3>De qu\u00e9 terceros recibimos datos<\/h3>\r\n\r\n<h3>Qu\u00e9 tipo de toma de decisiones automatizada y\/o perfilado hacemos con los datos del usuario<\/h3>\r\n\r\n<h3>Requerimientos regulatorios de revelaci\u00f3n de informaci\u00f3n del sector<\/h3>\r\n","_et_gb_content_width":"","ngg_post_thumbnail":0,"footnotes":""},"class_list":["post-855","page","type-page","status-publish","hentry"],"_links":{"self":[{"href":"https:\/\/aston.ch\/it\/wp-json\/wp\/v2\/pages\/855","targetHints":{"allow":["GET"]}}],"collection":[{"href":"https:\/\/aston.ch\/it\/wp-json\/wp\/v2\/pages"}],"about":[{"href":"https:\/\/aston.ch\/it\/wp-json\/wp\/v2\/types\/page"}],"author":[{"embeddable":true,"href":"https:\/\/aston.ch\/it\/wp-json\/wp\/v2\/users\/1"}],"replies":[{"embeddable":true,"href":"https:\/\/aston.ch\/it\/wp-json\/wp\/v2\/comments?post=855"}],"version-history":[{"count":6,"href":"https:\/\/aston.ch\/it\/wp-json\/wp\/v2\/pages\/855\/revisions"}],"predecessor-version":[{"id":2128,"href":"https:\/\/aston.ch\/it\/wp-json\/wp\/v2\/pages\/855\/revisions\/2128"}],"wp:attachment":[{"href":"https:\/\/aston.ch\/it\/wp-json\/wp\/v2\/media?parent=855"}],"curies":[{"name":"wp","href":"https:\/\/api.w.org\/{rel}","templated":true}]}}