{"id":764,"date":"2019-02-28T12:40:39","date_gmt":"2019-02-28T12:40:39","guid":{"rendered":"https:\/\/aston.ch\/durabilite\/"},"modified":"2025-05-21T07:49:03","modified_gmt":"2025-05-21T07:49:03","slug":"sostenibilita","status":"publish","type":"page","link":"https:\/\/aston.ch\/it\/sostenibilita\/","title":{"rendered":"Sostenibilit\u00e0"},"content":{"rendered":"<p>[et_pb_section fb_built=&#8221;1&#8243; _builder_version=&#8221;4.16&#8243; global_colors_info=&#8221;{}&#8221;][et_pb_row module_class=&#8221;full-width-row sustainability-row-title h500&#8243; _builder_version=&#8221;4.27.4&#8243; background_image=&#8221;https:\/\/aston.ch\/wp-content\/uploads\/2025\/05\/sustainability-1.jpg&#8221; global_colors_info=&#8221;{}&#8221;][et_pb_column type=&#8221;4_4&#8243; _builder_version=&#8221;4.16&#8243; custom_padding=&#8221;|||&#8221; global_colors_info=&#8221;{}&#8221; custom_padding__hover=&#8221;|||&#8221;][et_pb_text admin_label=&#8221;Sustainability&#8221; _builder_version=&#8221;4.16&#8243; global_colors_info=&#8221;{}&#8221;]<\/p>\n<h1>Sostenibilit\u00e0<\/h1>\n<p>[\/et_pb_text][et_pb_divider module_class=&#8221;separator&#8221; _builder_version=&#8221;4.16&#8243; global_colors_info=&#8221;{}&#8221;][\/et_pb_divider][\/et_pb_column][\/et_pb_row][et_pb_row column_structure=&#8221;1_3,2_3&#8243; make_equal=&#8221;on&#8221; module_class=&#8221;full-width-row h500&#8243; _builder_version=&#8221;4.27.4&#8243; global_colors_info=&#8221;{}&#8221;][et_pb_column type=&#8221;1_3&#8243; module_class=&#8221;container-block&#8221; _builder_version=&#8221;4.16&#8243; custom_padding=&#8221;|||&#8221; global_colors_info=&#8221;{}&#8221; custom_padding__hover=&#8221;|||&#8221;][et_pb_text _builder_version=&#8221;4.16&#8243; global_colors_info=&#8221;{}&#8221;]<\/p>\n<h2>I valori prima di tutto<\/h2>\n<p>[\/et_pb_text][et_pb_divider module_class=&#8221;separator&#8221; _builder_version=&#8221;4.16&#8243; global_colors_info=&#8221;{}&#8221;][\/et_pb_divider][et_pb_text module_class=&#8221;title-description&#8221; _builder_version=&#8221;4.16&#8243; global_colors_info=&#8221;{}&#8221;]In ogni progetto che intraprendiamo, a prescindere dalle dimensioni, ci concentriamo sulla tutela delle persone e dell\u00b4ambiente, oltre a cercare di creare e promuovere lo sviluppo economico locale.<br \/>\n[\/et_pb_text][\/et_pb_column][et_pb_column type=&#8221;2_3&#8243; module_class=&#8221;container-block-list&#8221; _builder_version=&#8221;4.27.4&#8243; background_image=&#8221;https:\/\/aston.ch\/wp-content\/uploads\/2025\/05\/sustainability-2.jpg&#8221; custom_padding=&#8221;|||&#8221; global_colors_info=&#8221;{}&#8221; custom_padding__hover=&#8221;|||&#8221;][et_pb_text module_class=&#8221;block-list&#8221; _builder_version=&#8221;4.16&#8243; global_colors_info=&#8221;{}&#8221;]<\/p>\n<ul>\n<li>Responsabilitit\u00e0<\/li>\n<li>Impegno<\/li>\n<li>Acquisizione di talenti<\/li>\n<li>Orientamento alle prestazioni<\/li>\n<li>Innovazione<\/li>\n<\/ul>\n<p>[\/et_pb_text][\/et_pb_column][\/et_pb_row][et_pb_row column_structure=&#8221;2_3,1_3&#8243; make_equal=&#8221;on&#8221; module_class=&#8221;full-width-row h500&#8243; _builder_version=&#8221;4.27.4&#8243; global_colors_info=&#8221;{}&#8221;][et_pb_column type=&#8221;2_3&#8243; module_class=&#8221;container-block-list container-block-list-right&#8221; _builder_version=&#8221;4.27.4&#8243; background_image=&#8221;https:\/\/aston.ch\/wp-content\/uploads\/2025\/05\/sustainability-3.jpg&#8221; custom_padding=&#8221;|||&#8221; global_colors_info=&#8221;{}&#8221; custom_padding__hover=&#8221;|||&#8221;][et_pb_text module_class=&#8221;block-list&#8221; _builder_version=&#8221;4.16&#8243; global_colors_info=&#8221;{}&#8221;]<\/p>\n<ul>\n<li>Ristrutturazione<\/li>\n<li>Prestazioni ottimali dell\u00b4edificio<\/li>\n<li>Servizio alla comunit\u00e0<\/li>\n<\/ul>\n<p>[\/et_pb_text][\/et_pb_column][et_pb_column type=&#8221;1_3&#8243; module_class=&#8221;container-block&#8221; _builder_version=&#8221;4.16&#8243; custom_padding=&#8221;|||&#8221; global_colors_info=&#8221;{}&#8221; custom_padding__hover=&#8221;|||&#8221;][et_pb_text _builder_version=&#8221;4.16&#8243; global_colors_info=&#8221;{}&#8221;]<\/p>\n<h2>Sostenibilit\u00e0 ambientale<\/h2>\n<p>[\/et_pb_text][et_pb_divider module_class=&#8221;separator&#8221; _builder_version=&#8221;4.16&#8243; global_colors_info=&#8221;{}&#8221;][\/et_pb_divider][et_pb_text module_class=&#8221;title-description&#8221; _builder_version=&#8221;4.16&#8243; global_colors_info=&#8221;{}&#8221;]Nous nous effor\u00e7ons d&#8217;avoir un impact positif et responsable sur la plan\u00e8te en menant des projets respectueux de l&#8217;environnement.<br \/>\n[\/et_pb_text][\/et_pb_column][\/et_pb_row][\/et_pb_section]<\/p>\n","protected":false},"excerpt":{"rendered":"<p>Sostenibilit\u00e0 I valori prima di tutto In ogni progetto che intraprendiamo, a prescindere dalle dimensioni, ci concentriamo sulla tutela delle persone e dell\u00b4ambiente, oltre a cercare di creare e promuovere lo sviluppo economico locale. Responsabilitit\u00e0 Impegno Acquisizione di talenti Orientamento alle prestazioni Innovazione Ristrutturazione Prestazioni ottimali dell\u00b4edificio Servizio alla comunit\u00e0 Sostenibilit\u00e0 ambientale Nous nous effor\u00e7ons [&hellip;]<\/p>\n","protected":false},"author":1,"featured_media":0,"parent":0,"menu_order":0,"comment_status":"closed","ping_status":"closed","template":"","meta":{"_et_pb_use_builder":"on","_et_pb_old_content":"","_et_gb_content_width":"","ngg_post_thumbnail":0,"footnotes":""},"class_list":["post-764","page","type-page","status-publish","hentry"],"_links":{"self":[{"href":"https:\/\/aston.ch\/it\/wp-json\/wp\/v2\/pages\/764","targetHints":{"allow":["GET"]}}],"collection":[{"href":"https:\/\/aston.ch\/it\/wp-json\/wp\/v2\/pages"}],"about":[{"href":"https:\/\/aston.ch\/it\/wp-json\/wp\/v2\/types\/page"}],"author":[{"embeddable":true,"href":"https:\/\/aston.ch\/it\/wp-json\/wp\/v2\/users\/1"}],"replies":[{"embeddable":true,"href":"https:\/\/aston.ch\/it\/wp-json\/wp\/v2\/comments?post=764"}],"version-history":[{"count":5,"href":"https:\/\/aston.ch\/it\/wp-json\/wp\/v2\/pages\/764\/revisions"}],"predecessor-version":[{"id":1902,"href":"https:\/\/aston.ch\/it\/wp-json\/wp\/v2\/pages\/764\/revisions\/1902"}],"wp:attachment":[{"href":"https:\/\/aston.ch\/it\/wp-json\/wp\/v2\/media?parent=764"}],"curies":[{"name":"wp","href":"https:\/\/api.w.org\/{rel}","templated":true}]}}