{"id":743,"date":"2019-03-01T11:24:20","date_gmt":"2019-03-01T11:24:20","guid":{"rendered":"https:\/\/aston.ch\/qui-nous-sommes\/"},"modified":"2025-05-20T14:36:24","modified_gmt":"2025-05-20T14:36:24","slug":"chi-siamo","status":"publish","type":"page","link":"https:\/\/aston.ch\/it\/chi-siamo\/","title":{"rendered":"Chi siamo"},"content":{"rendered":"<p>[et_pb_section fb_built=&#8221;1&#8243; disabled_on=&#8221;off|off|off&#8221; _builder_version=&#8221;4.16&#8243; global_colors_info=&#8221;{}&#8221; collapsed=&#8221;on&#8221;][et_pb_row module_class=&#8221;full-width-row who-we-are-row-title h500&#8243; _builder_version=&#8221;4.16&#8243; background_image=&#8221;https:\/\/aston.ch\/wp-content\/uploads\/2019\/03\/who-we-are.jpg&#8221; background_position=&#8221;center_right&#8221; global_colors_info=&#8221;{}&#8221;][et_pb_column type=&#8221;4_4&#8243; _builder_version=&#8221;4.16&#8243; custom_padding=&#8221;|||&#8221; global_colors_info=&#8221;{}&#8221; custom_padding__hover=&#8221;|||&#8221;][et_pb_text _builder_version=&#8221;4.16&#8243; global_colors_info=&#8221;{}&#8221;]<\/p>\n<h1>Chi siamo<\/h1>\n<p>[\/et_pb_text][et_pb_divider module_class=&#8221;separator&#8221; _builder_version=&#8221;4.16&#8243; global_colors_info=&#8221;{}&#8221;][\/et_pb_divider][et_pb_text module_class=&#8221;title-description&#8221; _builder_version=&#8221;4.16&#8243; global_colors_info=&#8221;{}&#8221;]Aston \u00e8 una piattaforma orientata alla performance che identifica opportunit\u00e0 uniche nel loro genere e offre un portafoglio diversificato nei settori dei servizi finanziari, immobiliare, risorse naturali, infrastrutture, alimenti e bevande, tecnologia, istruzione e salute.<\/p>\n<p>Gli investimenti di Aston coprono un&#8217;ampia gamma di settori in Messico, Europa e Nord America, con particolare attenzione alle societ\u00e0 orientate alla crescita. L&#8217;obiettivo \u00e8 quello di creare valore a lungo termine all&#8217;interno di aziende solide, fornendo una guida strategica, capitali e aiutando le aziende a liberare il loro potenziale pi\u00f9 forte per avere successo in mercati competitivi.<br \/>\n[\/et_pb_text][\/et_pb_column][\/et_pb_row][\/et_pb_section][et_pb_section fb_built=&#8221;1&#8243; disabled_on=&#8221;on|on|on&#8221; _builder_version=&#8221;4.16&#8243; disabled=&#8221;on&#8221; global_colors_info=&#8221;{}&#8221; collapsed=&#8221;on&#8221;][et_pb_row module_class=&#8221;full-width-row who-we-are-row-title h500&#8243; _builder_version=&#8221;4.16&#8243; background_image=&#8221;https:\/\/aston.ch\/wp-content\/uploads\/2019\/03\/who-we-are.jpg&#8221; background_position=&#8221;center_right&#8221; global_colors_info=&#8221;{}&#8221;][et_pb_column type=&#8221;4_4&#8243; _builder_version=&#8221;4.16&#8243; custom_padding=&#8221;|||&#8221; global_colors_info=&#8221;{}&#8221; custom_padding__hover=&#8221;|||&#8221;][et_pb_text _builder_version=&#8221;4.16&#8243; global_colors_info=&#8221;{}&#8221;]<\/p>\n<h1>Nosotros<\/h1>\n<p>[\/et_pb_text][et_pb_divider module_class=&#8221;separator&#8221; _builder_version=&#8221;4.16&#8243; global_colors_info=&#8221;{}&#8221;][\/et_pb_divider][\/et_pb_column][\/et_pb_row][\/et_pb_section][et_pb_section fb_built=&#8221;1&#8243; disabled_on=&#8221;on|on|on&#8221; _builder_version=&#8221;4.16&#8243; disabled=&#8221;on&#8221; global_colors_info=&#8221;{}&#8221; collapsed=&#8221;on&#8221;][et_pb_row module_class=&#8221;full-width-row who-we-are-row-description bg-aston&#8221; _builder_version=&#8221;4.16&#8243; background_position=&#8221;center_right&#8221; global_colors_info=&#8221;{}&#8221;][et_pb_column type=&#8221;4_4&#8243; _builder_version=&#8221;4.16&#8243; custom_padding=&#8221;|||&#8221; global_colors_info=&#8221;{}&#8221; custom_padding__hover=&#8221;|||&#8221;][et_pb_text module_class=&#8221;title-description&#8221; _builder_version=&#8221;4.16&#8243; global_colors_info=&#8221;{}&#8221;]Aston se enfoca en identificar oportunidades \u00fanicas ofreciendo una cartera diversificada de inversiones en diferentes sectores: Servicios Financieros, Bienes Ra\u00ecces, Recursos Naturales, Infraestructura, Alimentos y Bebidas, Tecnolog\u00eda, Educaci\u00f3n y Salud.<\/p>\n<p>Aston abarca una amplia variedad de industrias en M\u00e9xico, Norte Am\u00e9rica y Europa, con un enfoque especial en empresas orientadas al crecimiento. Nos centramos en construir valor a largo plazo a trav\u00e9s de orientaci\u00f3n estrat\u00e9gica, capital, y ayuda a las empresas a descubrir su mayor potencial y sobresalir en un entorno de mercados competitivos.<br \/>\n[\/et_pb_text][\/et_pb_column][\/et_pb_row][\/et_pb_section][et_pb_section fb_built=&#8221;1&#8243; module_class=&#8221;section-point bg-dark-grey&#8221; _builder_version=&#8221;4.16&#8243; global_colors_info=&#8221;{}&#8221; collapsed=&#8221;on&#8221;][et_pb_row make_equal=&#8221;on&#8221; module_class=&#8221;row-points&#8221; _builder_version=&#8221;4.16&#8243; global_colors_info=&#8221;{}&#8221; column_structure=&#8221;1_4,3_4&#8243;][et_pb_column type=&#8221;1_4&#8243; module_class=&#8221;points-icon-container&#8221; _builder_version=&#8221;4.16&#8243; custom_padding=&#8221;|||&#8221; global_colors_info=&#8221;{}&#8221; custom_padding__hover=&#8221;|||&#8221;][et_pb_image src=&#8221;https:\/\/aston.ch\/wp-content\/uploads\/2019\/02\/estate.svg&#8221; align_tablet=&#8221;center&#8221; align_last_edited=&#8221;on|desktop&#8221; _builder_version=&#8221;4.16&#8243; global_colors_info=&#8221;{}&#8221; align_phone=&#8221;center&#8221;][\/et_pb_image][\/et_pb_column][et_pb_column type=&#8221;3_4&#8243; module_class=&#8221;points-text-container&#8221; _builder_version=&#8221;4.16&#8243; custom_padding=&#8221;|||&#8221; global_colors_info=&#8221;{}&#8221; custom_padding__hover=&#8221;|||&#8221;][et_pb_text _builder_version=&#8221;4.16&#8243; global_colors_info=&#8221;{}&#8221;]<\/p>\n<h3>Immobiliare<\/h3>\n<p>[\/et_pb_text][et_pb_text _builder_version=&#8221;4.16&#8243; global_colors_info=&#8221;{}&#8221;]Aston effettua investimenti immobiliari intelligenti in mercati con solidi fondamentali, concentrandosi sull&#8217;investimento in una variet\u00e0 di attivit\u00e0 attraverso le sue quattro piattaforme operative: Aspen, Akua, Auren e Abac.<br \/>\n[\/et_pb_text][\/et_pb_column][\/et_pb_row][\/et_pb_section][et_pb_section fb_built=&#8221;1&#8243; module_class=&#8221;section-point bg-light-grey&#8221; _builder_version=&#8221;4.16&#8243; global_colors_info=&#8221;{}&#8221; collapsed=&#8221;on&#8221;][et_pb_row make_equal=&#8221;on&#8221; module_class=&#8221;row-points&#8221; _builder_version=&#8221;4.16&#8243; global_colors_info=&#8221;{}&#8221; column_structure=&#8221;1_4,3_4&#8243;][et_pb_column type=&#8221;1_4&#8243; module_class=&#8221;points-icon-container&#8221; _builder_version=&#8221;4.16&#8243; custom_padding=&#8221;|||&#8221; global_colors_info=&#8221;{}&#8221; custom_padding__hover=&#8221;|||&#8221;][et_pb_image src=&#8221;https:\/\/aston.ch\/wp-content\/uploads\/2019\/02\/financial.svg&#8221; align_tablet=&#8221;center&#8221; align_last_edited=&#8221;on|desktop&#8221; _builder_version=&#8221;4.16&#8243; global_colors_info=&#8221;{}&#8221; align_phone=&#8221;center&#8221;][\/et_pb_image][\/et_pb_column][et_pb_column type=&#8221;3_4&#8243; module_class=&#8221;points-text-container&#8221; _builder_version=&#8221;4.16&#8243; custom_padding=&#8221;|||&#8221; global_colors_info=&#8221;{}&#8221; custom_padding__hover=&#8221;|||&#8221;][et_pb_text _builder_version=&#8221;4.16&#8243; global_colors_info=&#8221;{}&#8221;]<\/p>\n<h3>Servizi finanziari<\/h3>\n<p>[\/et_pb_text][et_pb_text _builder_version=&#8221;4.16&#8243; global_colors_info=&#8221;{}&#8221;]Coinvolgimento finanziario in opportunit\u00e0 commerciali interessanti. Forniamo sostegno finanziario alle piccole e medie imprese in cerca di capitali per portare a termine i loro progetti.<br \/>\n[\/et_pb_text][\/et_pb_column][\/et_pb_row][\/et_pb_section][et_pb_section fb_built=&#8221;1&#8243; module_class=&#8221;section-point bg-dark-grey&#8221; _builder_version=&#8221;4.16&#8243; global_colors_info=&#8221;{}&#8221; collapsed=&#8221;on&#8221;][et_pb_row make_equal=&#8221;on&#8221; module_class=&#8221;row-points&#8221; _builder_version=&#8221;4.16&#8243; global_colors_info=&#8221;{}&#8221; column_structure=&#8221;1_4,3_4&#8243;][et_pb_column type=&#8221;1_4&#8243; module_class=&#8221;points-icon-container&#8221; _builder_version=&#8221;4.16&#8243; custom_padding=&#8221;|||&#8221; global_colors_info=&#8221;{}&#8221; custom_padding__hover=&#8221;|||&#8221;][et_pb_image src=&#8221;https:\/\/aston.ch\/wp-content\/uploads\/2019\/02\/natural.svg&#8221; align_tablet=&#8221;center&#8221; align_last_edited=&#8221;on|desktop&#8221; _builder_version=&#8221;4.16&#8243; global_colors_info=&#8221;{}&#8221; align_phone=&#8221;center&#8221;][\/et_pb_image][\/et_pb_column][et_pb_column type=&#8221;3_4&#8243; module_class=&#8221;points-text-container&#8221; _builder_version=&#8221;4.16&#8243; custom_padding=&#8221;|||&#8221; global_colors_info=&#8221;{}&#8221; custom_padding__hover=&#8221;|||&#8221;][et_pb_text _builder_version=&#8221;4.16&#8243; global_colors_info=&#8221;{}&#8221;]<\/p>\n<h3>Risorse naturali e insfrastrutture<\/h3>\n<p>[\/et_pb_text][et_pb_text _builder_version=&#8221;4.16&#8243; global_colors_info=&#8221;{}&#8221;]Partecipando a settori quali i servizi idrici, l&#8217;energia pulita e i trasporti, abbiamo sviluppato progetti sostenibili che favoriscono la crescita economica locale, promuovono la creazione di posti di lavoro e migliorano la qualit\u00e0 della vita.<br \/>\n[\/et_pb_text][\/et_pb_column][\/et_pb_row][\/et_pb_section][et_pb_section fb_built=&#8221;1&#8243; module_class=&#8221;section-point bg-light-grey&#8221; _builder_version=&#8221;4.16&#8243; global_colors_info=&#8221;{}&#8221; collapsed=&#8221;on&#8221;][et_pb_row make_equal=&#8221;on&#8221; module_class=&#8221;row-points&#8221; _builder_version=&#8221;4.16&#8243; global_colors_info=&#8221;{}&#8221; column_structure=&#8221;1_4,3_4&#8243;][et_pb_column type=&#8221;1_4&#8243; module_class=&#8221;points-icon-container&#8221; _builder_version=&#8221;4.16&#8243; custom_padding=&#8221;|||&#8221; global_colors_info=&#8221;{}&#8221; custom_padding__hover=&#8221;|||&#8221;][et_pb_image src=&#8221;https:\/\/aston.ch\/wp-content\/uploads\/2019\/02\/food.svg&#8221; align_tablet=&#8221;center&#8221; align_last_edited=&#8221;on|desktop&#8221; _builder_version=&#8221;4.16&#8243; global_colors_info=&#8221;{}&#8221; align_phone=&#8221;center&#8221;][\/et_pb_image][\/et_pb_column][et_pb_column type=&#8221;3_4&#8243; module_class=&#8221;points-text-container&#8221; _builder_version=&#8221;4.16&#8243; custom_padding=&#8221;|||&#8221; global_colors_info=&#8221;{}&#8221; custom_padding__hover=&#8221;|||&#8221;][et_pb_text _builder_version=&#8221;4.16&#8243; global_colors_info=&#8221;{}&#8221;]<\/p>\n<h3>Alimenti e bevande<\/h3>\n<p>[\/et_pb_text][et_pb_text _builder_version=&#8221;4.16&#8243; global_colors_info=&#8221;{}&#8221;]Siamo specializzati nel fornire capitali a societ\u00e0 emergenti del settore alimentare e delle bevande che beneficiano di servizi a valore aggiunto, tra cui la pianificazione strategica, il marketing, la finanza, le risorse umane e un&#8217;ampia rete che offre opportunit\u00e0 di crescita.<br \/>\n[\/et_pb_text][\/et_pb_column][\/et_pb_row][\/et_pb_section][et_pb_section fb_built=&#8221;1&#8243; module_class=&#8221;section-point bg-dark-grey&#8221; _builder_version=&#8221;4.16&#8243; global_colors_info=&#8221;{}&#8221; collapsed=&#8221;on&#8221;][et_pb_row make_equal=&#8221;on&#8221; module_class=&#8221;row-points&#8221; _builder_version=&#8221;4.16&#8243; global_colors_info=&#8221;{}&#8221; column_structure=&#8221;1_4,3_4&#8243;][et_pb_column type=&#8221;1_4&#8243; module_class=&#8221;points-icon-container&#8221; _builder_version=&#8221;4.16&#8243; custom_padding=&#8221;|||&#8221; global_colors_info=&#8221;{}&#8221; custom_padding__hover=&#8221;|||&#8221;][et_pb_image src=&#8221;https:\/\/aston.ch\/wp-content\/uploads\/2019\/02\/technology.svg&#8221; align_tablet=&#8221;center&#8221; align_last_edited=&#8221;on|desktop&#8221; _builder_version=&#8221;4.16&#8243; global_colors_info=&#8221;{}&#8221; align_phone=&#8221;center&#8221;][\/et_pb_image][\/et_pb_column][et_pb_column type=&#8221;3_4&#8243; module_class=&#8221;points-text-container&#8221; _builder_version=&#8221;4.16&#8243; custom_padding=&#8221;|||&#8221; global_colors_info=&#8221;{}&#8221; custom_padding__hover=&#8221;|||&#8221;][et_pb_text _builder_version=&#8221;4.16&#8243; global_colors_info=&#8221;{}&#8221;]<\/p>\n<h3>Tecnologia<\/h3>\n<p>[\/et_pb_text][et_pb_text _builder_version=&#8221;4.16&#8243; global_colors_info=&#8221;{}&#8221;]Investire strategicamente nel settore tecnologico e fornire capitali alle aziende che si trovano ad affrontare punti di inflessione strategici e\/o operativi. Attualmente investe in aziende di software, dati e tecnologia con una prospettiva a lungo termine.<br \/>\n[\/et_pb_text][\/et_pb_column][\/et_pb_row][\/et_pb_section][et_pb_section fb_built=&#8221;1&#8243; module_class=&#8221;section-point bg-light-grey&#8221; _builder_version=&#8221;4.16&#8243; global_colors_info=&#8221;{}&#8221; collapsed=&#8221;on&#8221;][et_pb_row make_equal=&#8221;on&#8221; module_class=&#8221;row-points&#8221; _builder_version=&#8221;4.16&#8243; global_colors_info=&#8221;{}&#8221; column_structure=&#8221;1_4,3_4&#8243;][et_pb_column type=&#8221;1_4&#8243; module_class=&#8221;points-icon-container&#8221; _builder_version=&#8221;4.16&#8243; custom_padding=&#8221;|||&#8221; global_colors_info=&#8221;{}&#8221; custom_padding__hover=&#8221;|||&#8221;][et_pb_image src=&#8221;https:\/\/aston.ch\/wp-content\/uploads\/2019\/02\/education.svg&#8221; align_tablet=&#8221;center&#8221; align_last_edited=&#8221;on|desktop&#8221; _builder_version=&#8221;4.16&#8243; global_colors_info=&#8221;{}&#8221; align_phone=&#8221;center&#8221;][\/et_pb_image][\/et_pb_column][et_pb_column type=&#8221;3_4&#8243; module_class=&#8221;points-text-container&#8221; _builder_version=&#8221;4.16&#8243; custom_padding=&#8221;|||&#8221; global_colors_info=&#8221;{}&#8221; custom_padding__hover=&#8221;|||&#8221;][et_pb_text _builder_version=&#8221;4.16&#8243; global_colors_info=&#8221;{}&#8221;]<\/p>\n<h3>Istruzione<\/h3>\n<p>[\/et_pb_text][et_pb_text _builder_version=&#8221;4.16&#8243; global_colors_info=&#8221;{}&#8221;]Avventura nel settore dell&#8217;istruzione che offre soluzioni innovative e si concentra sulla soddisfazione delle crescenti esigenze specialistiche di studenti e professionisti.<br \/>\n[\/et_pb_text][\/et_pb_column][\/et_pb_row][\/et_pb_section][et_pb_section fb_built=&#8221;1&#8243; module_class=&#8221;section-point bg-dark-grey&#8221; _builder_version=&#8221;4.16&#8243; global_colors_info=&#8221;{}&#8221; collapsed=&#8221;on&#8221;][et_pb_row make_equal=&#8221;on&#8221; module_class=&#8221;row-points&#8221; _builder_version=&#8221;4.16&#8243; global_colors_info=&#8221;{}&#8221; column_structure=&#8221;1_4,3_4&#8243;][et_pb_column type=&#8221;1_4&#8243; module_class=&#8221;points-icon-container&#8221; _builder_version=&#8221;4.16&#8243; custom_padding=&#8221;|||&#8221; global_colors_info=&#8221;{}&#8221; custom_padding__hover=&#8221;|||&#8221;][et_pb_image src=&#8221;https:\/\/aston.ch\/wp-content\/uploads\/2019\/02\/health.svg&#8221; align_tablet=&#8221;center&#8221; align_last_edited=&#8221;on|desktop&#8221; _builder_version=&#8221;4.16&#8243; global_colors_info=&#8221;{}&#8221; align_phone=&#8221;center&#8221;][\/et_pb_image][\/et_pb_column][et_pb_column type=&#8221;3_4&#8243; module_class=&#8221;points-text-container&#8221; _builder_version=&#8221;4.16&#8243; custom_padding=&#8221;|||&#8221; global_colors_info=&#8221;{}&#8221; custom_padding__hover=&#8221;|||&#8221;][et_pb_text _builder_version=&#8221;4.16&#8243; global_colors_info=&#8221;{}&#8221;]<\/p>\n<h3>Salute<\/h3>\n<p>[\/et_pb_text][et_pb_text _builder_version=&#8221;4.16&#8243; global_colors_info=&#8221;{}&#8221;]Puntiamo su aziende con team manageriali di talento che rispondono alle esigenze del sistema sanitario in generale, migliorando i risultati dei pazienti, riducendo i costi, aumentando l&#8217;efficienza e allineando gli incentivi delle parti interessate.<br \/>\n[\/et_pb_text][\/et_pb_column][\/et_pb_row][\/et_pb_section][et_pb_section fb_built=&#8221;1&#8243; module_class=&#8221;section-point bg-light-grey&#8221; _builder_version=&#8221;4.16&#8243; global_colors_info=&#8221;{}&#8221; collapsed=&#8221;on&#8221;][et_pb_row make_equal=&#8221;on&#8221; module_class=&#8221;row-points&#8221; _builder_version=&#8221;4.16&#8243; global_colors_info=&#8221;{}&#8221; column_structure=&#8221;1_4,3_4&#8243;][et_pb_column type=&#8221;1_4&#8243; module_class=&#8221;points-icon-container&#8221; _builder_version=&#8221;4.16&#8243; custom_padding=&#8221;|||&#8221; global_colors_info=&#8221;{}&#8221; custom_padding__hover=&#8221;|||&#8221;][et_pb_image src=&#8221;https:\/\/aston.ch\/wp-content\/uploads\/2022\/09\/profile.png&#8221; align_tablet=&#8221;center&#8221; align_last_edited=&#8221;on|desktop&#8221; _builder_version=&#8221;4.16&#8243; global_colors_info=&#8221;{}&#8221; align_phone=&#8221;center&#8221;][\/et_pb_image][\/et_pb_column][et_pb_column type=&#8221;3_4&#8243; module_class=&#8221;points-text-container&#8221; _builder_version=&#8221;4.16&#8243; custom_padding=&#8221;|||&#8221; global_colors_info=&#8221;{}&#8221; custom_padding__hover=&#8221;|||&#8221;][et_pb_text _builder_version=&#8221;4.16&#8243; global_colors_info=&#8221;{}&#8221;]<\/p>\n<h3>Il nostro fondatore<\/h3>\n<p>[\/et_pb_text][et_pb_text _builder_version=&#8221;4.16&#8243; global_colors_info=&#8221;{}&#8221;]Dirigente immobiliare e filantropo di grande esperienza, Manuel Barreiro Casta\u00f1eda \u00e8 il fondatore e presidente del Gruppo Aston.<\/p>\n<p><a href=\"https:\/\/aston.ch\/it\/manuel-barreiro-castaneda\/\">Click here to learn more<\/a>.<br \/>\n[\/et_pb_text][\/et_pb_column][\/et_pb_row][\/et_pb_section]<\/p>\n","protected":false},"excerpt":{"rendered":"<p>Chi siamo Aston \u00e8 una piattaforma orientata alla performance che identifica opportunit\u00e0 uniche nel loro genere e offre un portafoglio diversificato nei settori dei servizi finanziari, immobiliare, risorse naturali, infrastrutture, alimenti e bevande, tecnologia, istruzione e salute. Gli investimenti di Aston coprono un&#8217;ampia gamma di settori in Messico, Europa e Nord America, con particolare attenzione [&hellip;]<\/p>\n","protected":false},"author":1,"featured_media":0,"parent":0,"menu_order":0,"comment_status":"closed","ping_status":"closed","template":"","meta":{"_et_pb_use_builder":"on","_et_pb_old_content":"","_et_gb_content_width":"","ngg_post_thumbnail":0,"footnotes":""},"class_list":["post-743","page","type-page","status-publish","hentry"],"_links":{"self":[{"href":"https:\/\/aston.ch\/it\/wp-json\/wp\/v2\/pages\/743","targetHints":{"allow":["GET"]}}],"collection":[{"href":"https:\/\/aston.ch\/it\/wp-json\/wp\/v2\/pages"}],"about":[{"href":"https:\/\/aston.ch\/it\/wp-json\/wp\/v2\/types\/page"}],"author":[{"embeddable":true,"href":"https:\/\/aston.ch\/it\/wp-json\/wp\/v2\/users\/1"}],"replies":[{"embeddable":true,"href":"https:\/\/aston.ch\/it\/wp-json\/wp\/v2\/comments?post=743"}],"version-history":[{"count":6,"href":"https:\/\/aston.ch\/it\/wp-json\/wp\/v2\/pages\/743\/revisions"}],"predecessor-version":[{"id":1870,"href":"https:\/\/aston.ch\/it\/wp-json\/wp\/v2\/pages\/743\/revisions\/1870"}],"wp:attachment":[{"href":"https:\/\/aston.ch\/it\/wp-json\/wp\/v2\/media?parent=743"}],"curies":[{"name":"wp","href":"https:\/\/api.w.org\/{rel}","templated":true}]}}