{"id":964,"date":"2022-09-07T15:47:25","date_gmt":"2022-09-07T15:47:25","guid":{"rendered":"https:\/\/aston.ch\/manuel-barreiro-castaneda\/"},"modified":"2025-09-17T13:13:28","modified_gmt":"2025-09-17T13:13:28","slug":"manuel-barreiro-castaneda","status":"publish","type":"page","link":"https:\/\/aston.ch\/fr\/manuel-barreiro-castaneda\/","title":{"rendered":"Notre fondateur &#8211; Manuel Barreiro Casta\u00f1eda"},"content":{"rendered":"<p>[et_pb_section fb_built=\u00a0\u00bb1&Prime; _builder_version=\u00a0\u00bb4.16&Prime; global_colors_info=\u00a0\u00bb{}\u00a0\u00bb][et_pb_row module_class=\u00a0\u00bbfull-width-row manuel-row-title h500&Prime; _builder_version=\u00a0\u00bb4.16&Prime; background_image=\u00a0\u00bbhttps:\/\/aston.ch\/wp-content\/uploads\/2019\/03\/who-we-are.jpg\u00a0\u00bb background_position=\u00a0\u00bbcenter_right\u00a0\u00bb locked=\u00a0\u00bboff\u00a0\u00bb global_colors_info=\u00a0\u00bb{}\u00a0\u00bb][et_pb_column type=\u00a0\u00bb4_4&Prime; _builder_version=\u00a0\u00bb4.16&Prime; custom_padding=\u00a0\u00bb|||\u00a0\u00bb global_colors_info=\u00a0\u00bb{}\u00a0\u00bb custom_padding__hover=\u00a0\u00bb|||\u00a0\u00bb][et_pb_text _builder_version=\u00a0\u00bb4.16&Prime; global_colors_info=\u00a0\u00bb{}\u00a0\u00bb]<\/p>\n<h1>NOTRE FONDATEUR &#8211; MANUEL BARREIRO CASTA\u00d1EDA<\/h1>\n<p>[\/et_pb_text][et_pb_divider module_class=\u00a0\u00bbseparator\u00a0\u00bb _builder_version=\u00a0\u00bb4.16&Prime; global_colors_info=\u00a0\u00bb{}\u00a0\u00bb][\/et_pb_divider][et_pb_text module_class=\u00a0\u00bbtitle-description\u00a0\u00bb _builder_version=\u00a0\u00bb4.16&Prime; global_colors_info=\u00a0\u00bb{}\u00a0\u00bb]Cadre exp\u00e9riment\u00e9 dans le domaine de l&rsquo;immobilier et philanthrope, Manuel Barreiro Casta\u00f1eda est le fondateur et pr\u00e9sident de l&rsquo;Aston Group.<br \/>\n[\/et_pb_text][\/et_pb_column][\/et_pb_row][\/et_pb_section][et_pb_section fb_built=\u00a0\u00bb1&Prime; module_class=\u00a0\u00bbbio-section\u00a0\u00bb _builder_version=\u00a0\u00bb4.16&Prime; global_colors_info=\u00a0\u00bb{}\u00a0\u00bb][et_pb_row column_structure=\u00a0\u00bb2_3,1_3&Prime; _builder_version=\u00a0\u00bb4.16&Prime; background_size=\u00a0\u00bbinitial\u00a0\u00bb background_position=\u00a0\u00bbtop_left\u00a0\u00bb background_repeat=\u00a0\u00bbrepeat\u00a0\u00bb global_colors_info=\u00a0\u00bb{}\u00a0\u00bb][et_pb_column type=\u00a0\u00bb2_3&Prime; _builder_version=\u00a0\u00bb4.16&Prime; custom_padding=\u00a0\u00bb|||\u00a0\u00bb global_colors_info=\u00a0\u00bb{}\u00a0\u00bb custom_padding__hover=\u00a0\u00bb|||\u00a0\u00bb][et_pb_text _builder_version=\u00a0\u00bb4.27.4&Prime; hover_enabled=\u00a0\u00bb0&Prime; global_colors_info=\u00a0\u00bb{}\u00a0\u00bb sticky_enabled=\u00a0\u00bb0&Prime;]<\/p>\n<h2><b>NOTRE FONDATEUR &#8211; MANUEL BARREIRO CASTA\u00d1EDA<\/b><\/h2>\n<p>&nbsp;<\/p>\n<p><b>Leader de l\u2019immobilier engag\u00e9 pour un d\u00e9veloppement durable<\/b><\/p>\n<p>Manuel Barreiro Casta\u00f1eda est le fondateur et pr\u00e9sident du <b>groupe Aston<\/b>, une soci\u00e9t\u00e9 de capital-investissement ayant r\u00e9alis\u00e9 plus de <b>1 milliard de dollars d\u2019investissements<\/b> en Am\u00e9rique du Nord et en Europe. Fort de plus de vingt ans d\u2019exp\u00e9rience dans l\u2019immobilier international, il s\u2019est forg\u00e9 une r\u00e9putation de <b>leader strat\u00e9gique<\/b>, \u00e0 l\u2019intersection de <b>l\u2019immobilier, de la technologie, du d\u00e9veloppement durable, de la mobilit\u00e9 et des villes intelligentes<\/b>.<\/p>\n<p>Partisan r\u00e9solu du <b>d\u00e9veloppement urbain durable<\/b>, M. Barreiro Casta\u00f1eda int\u00e8gre les <b>objectifs de d\u00e9veloppement durable (ODD) des Nations Unies<\/b> dans les projets du groupe Aston, afin d\u2019am\u00e9liorer la qualit\u00e9 de vie, de r\u00e9duire les in\u00e9galit\u00e9s et d\u2019apporter une valeur durable aux communaut\u00e9s. Son engagement d\u00e9passe le cadre des affaires : il soutient activement <b>l\u2019entrepreneuriat et l\u2019innovation<\/b>, en accompagnant des fondateurs de startups technologiques et en les aidant \u00e0 transformer leurs id\u00e9es en entreprises d\u2019envergure mondiale.<\/p>\n<p>&nbsp;<\/p>\n<h3>Leadership mondial en technologie et durabilit\u00e9<\/h3>\n<p>M.Barreiro Casta\u00f1eda est membre actif de l\u2019<b>Union Internationale des T\u00e9l\u00e9communications (UIT)<\/b>, l\u2019agence sp\u00e9cialis\u00e9e des Nations Unies pour les technologies de l\u2019information et de la communication. Il a pr\u00e9c\u00e9demment exerc\u00e9 la fonction de <b>Vice-Pr\u00e9sident du Groupe de travail 8 sur le M\u00e9tavers \u2013 Durabilit\u00e9, Accessibilit\u00e9 et Inclusion<\/b>, o\u00f9 il s\u2019est concentr\u00e9 sur l\u2019\u00e9quit\u00e9 et la responsabilit\u00e9 environnementale dans les mondes virtuels \u00e9mergents. Aujourd\u2019hui, il si\u00e8ge au <b>Comit\u00e9 ex\u00e9cutif de l\u2019Initiative mondiale sur les mondes virtuels \u2013 Discovering the CitiVerse<\/b>, qui \u00e9labore des politiques et des cadres favorisant des environnements virtuels <b>ouverts, interop\u00e9rables et socialement responsables<\/b>.<\/p>\n<p>&nbsp;<\/p>\n<h3>Engagement acad\u00e9mique et expertise<\/h3>\n<p>En parall\u00e8le de son parcours professionnel, Mr. Barreiro Casta\u00f1eda est tr\u00e8s impliqu\u00e9 dans le milieu acad\u00e9mique. Il enseigne dans le cadre du<b> programme immobilier d\u2019Oxford<\/b>, o\u00f9 il transmet \u00e0 des cadres du monde entier son expertise sur les march\u00e9s d\u00e9velopp\u00e9s et \u00e9mergents. Il a \u00e9galement suivi le <b>Programme immobilier d\u2019Oxford<\/b> et le p<b>rogramme d\u2019\u00e9valuation des actifs priv\u00e9s d\u2019Oxford<\/b>.<\/p>\n<p>Il est titulaire d\u2019un <b>Executive MSc in Cities<\/b> de la <b>London School of Economics (LSE)<\/b>, sp\u00e9cialis\u00e9 en d\u00e9veloppement urbain durable, mobilit\u00e9 et gestion de l\u2019eau. C\u2019est l\u00e0 qu\u2019il a approfondi son int\u00e9r\u00eat pour les <b>applications de l\u2019intelligence artificielle (IA) et de l\u2019Internet des objets (IoT) dans le d\u00e9veloppement urbain<\/b>. Actuellement, il poursuit le programme <b>Owner\/President Management<\/b> \u00e0 la <b>Harvard Business School<\/b> afin de perfectionner encore son leadership.<\/p>\n<p>Son parcours acad\u00e9mique comprend \u00e9galement un <b>MBA de la McCombs School of Business (Universit\u00e9 du Texas \u00e0 Austin)<\/b> et une <b>licence en commerce international de l\u2019ITESM<\/b>, avec des programmes d\u2019\u00e9changes au Japon et en Argentine. Son s\u00e9jour au Japon, o\u00f9 il a constat\u00e9 la capacit\u00e9 des technologies \u00e0 am\u00e9liorer la vie des populations vuln\u00e9rables, a fa\u00e7onn\u00e9 sa mission de toujours : <b>construire des villes meilleures et plus inclusives, en commen\u00e7ant par son Mexique natal<\/b>.<\/p>\n<p>&nbsp;<\/p>\n<h3>Reconnaissance et engagement communautaire<\/h3>\n<p>En reconnaissance de ses contributions \u00e0 <b>l\u2019\u00e9ducation, \u00e0 l\u2019innovation et au d\u00e9veloppement du Mexique<\/b>, M. Barreiro Casta\u00f1eda a re\u00e7u un <b>doctorat honorifique<\/b>. Il pr\u00e9side \u00e9galement la <b>Fondation Aston Barreiro-Ugalde<\/b> (<a href=\"http:\/\/www.astonfoundationbu.org\">astonfoundationbu.org<\/a>), une organisation \u00e0 but non lucratif qui offre un soutien \u00e9ducatif aux enfants issus de familles \u00e0 faibles revenus. Localement, il d\u00e9fend des <b>initiatives de durabilit\u00e9 \u00e0 Quer\u00e9taro<\/b>, notamment dans les domaines de la mobilit\u00e9 et de l\u2019environnement, tout en continuant d\u2019intervenir lors de forums internationaux sur l\u2019avenir des villes.<\/p>\n<p>[\/et_pb_text][et_pb_code admin_label=\u00a0\u00bbSocial\u00a0\u00bb _builder_version=\u00a0\u00bb4.27.4&Prime; global_colors_info=\u00a0\u00bb{}\u00a0\u00bb]<\/p>\n<ul class=\"social\"><!-- [et_pb_line_break_holder] --><\/p>\n<li><a href=\"https:\/\/manuelbarreirocastaneda.com\/\" target=\"_blank\"><svg xmlns=\"http:\/\/www.w3.org\/2000\/svg\" viewBox=\"0 0 512 512\" width=\"30\"><path fill=\"#99c43f\" d=\"M352 256c0 22.2-1.2 43.6-3.3 64l-185.3 0c-2.2-20.4-3.3-41.8-3.3-64s1.2-43.6 3.3-64l185.3 0c2.2 20.4 3.3 41.8 3.3 64zm28.8-64l123.1 0c5.3 20.5 8.1 41.9 8.1 64s-2.8 43.5-8.1 64l-123.1 0c2.1-20.6 3.2-42 3.2-64s-1.1-43.4-3.2-64zm112.6-32l-116.7 0c-10-63.9-29.8-117.4-55.3-151.6c78.3 20.7 142 77.5 171.9 151.6zm-149.1 0l-176.6 0c6.1-36.4 15.5-68.6 27-94.7c10.5-23.6 22.2-40.7 33.5-51.5C239.4 3.2 248.7 0 256 0s16.6 3.2 27.8 13.8c11.3 10.8 23 27.9 33.5 51.5c11.6 26 20.9 58.2 27 94.7zm-209 0L18.6 160C48.6 85.9 112.2 29.1 190.6 8.4C165.1 42.6 145.3 96.1 135.3 160zM8.1 192l123.1 0c-2.1 20.6-3.2 42-3.2 64s1.1 43.4 3.2 64L8.1 320C2.8 299.5 0 278.1 0 256s2.8-43.5 8.1-64zM194.7 446.6c-11.6-26-20.9-58.2-27-94.6l176.6 0c-6.1 36.4-15.5 68.6-27 94.6c-10.5 23.6-22.2 40.7-33.5 51.5C272.6 508.8 263.3 512 256 512s-16.6-3.2-27.8-13.8c-11.3-10.8-23-27.9-33.5-51.5zM135.3 352c10 63.9 29.8 117.4 55.3 151.6C112.2 482.9 48.6 426.1 18.6 352l116.7 0zm358.1 0c-30 74.1-93.6 130.9-171.9 151.6c25.5-34.2 45.2-87.7 55.3-151.6l116.7 0z\"\/><\/svg><\/a><\/li>\n<p><!-- [et_pb_line_break_holder] --><\/p>\n<li><a href=\"https:\/\/www.linkedin.com\/in\/manuel-barreiro-casta%C3%B1eda-346470182\/\" target=\"_blank\"><svg xmlns=\"http:\/\/www.w3.org\/2000\/svg\" viewBox=\"0 0 448 512\" width=\"30\"><path fill=\"#99c43f\" d=\"M100.3 448H7.4V148.9h92.9zM53.8 108.1C24.1 108.1 0 83.5 0 53.8a53.8 53.8 0 0 1 107.6 0c0 29.7-24.1 54.3-53.8 54.3zM447.9 448h-92.7V302.4c0-34.7-.7-79.2-48.3-79.2-48.3 0-55.7 37.7-55.7 76.7V448h-92.8V148.9h89.1v40.8h1.3c12.4-23.5 42.7-48.3 87.9-48.3 94 0 111.3 61.9 111.3 142.3V448z\"\/><\/svg><\/a><\/li>\n<p><!-- [et_pb_line_break_holder] --><\/p>\n<li><a href=\"https:\/\/twitter.com\/manuelBarreiroC\" target=\"_blank\"><svg xmlns=\"http:\/\/www.w3.org\/2000\/svg\" viewBox=\"0 0 512 512\" width=\"30\"><path fill=\"#99c340\" d=\"M389.2 48h70.6L305.6 224.2 487 464H345L233.7 318.6 106.5 464H35.8L200.7 275.5 26.8 48H172.4L272.9 180.9 389.2 48zM364.4 421.8h39.1L151.1 88h-42L364.4 421.8z\"\/><\/svg><\/a><\/li>\n<p><!-- [et_pb_line_break_holder] --><\/ul>\n<p>[\/et_pb_code][\/et_pb_column][et_pb_column type=\u00a0\u00bb1_3&Prime; _builder_version=\u00a0\u00bb4.16&Prime; custom_padding=\u00a0\u00bb|||\u00a0\u00bb global_colors_info=\u00a0\u00bb{}\u00a0\u00bb custom_padding__hover=\u00a0\u00bb|||\u00a0\u00bb][et_pb_image src=\u00a0\u00bbhttps:\/\/aston.ch\/wp-content\/uploads\/2022\/09\/manuel-barreiro.jpg\u00a0\u00bb align_tablet=\u00a0\u00bbcenter\u00a0\u00bb align_phone=\u00a0\u00bbcenter\u00a0\u00bb align_last_edited=\u00a0\u00bbon|desktop\u00a0\u00bb _builder_version=\u00a0\u00bb4.16&Prime; global_colors_info=\u00a0\u00bb{}\u00a0\u00bb][\/et_pb_image][\/et_pb_column][\/et_pb_row][\/et_pb_section]<\/p>\n","protected":false},"excerpt":{"rendered":"<p>NOTRE FONDATEUR &#8211; MANUEL BARREIRO CASTA\u00d1EDA Cadre exp\u00e9riment\u00e9 dans le domaine de l&rsquo;immobilier et philanthrope, Manuel Barreiro Casta\u00f1eda est le fondateur et pr\u00e9sident de l&rsquo;Aston Group. NOTRE FONDATEUR &#8211; MANUEL BARREIRO CASTA\u00d1EDA &nbsp; Leader de l\u2019immobilier engag\u00e9 pour un d\u00e9veloppement durable Manuel Barreiro Casta\u00f1eda est le fondateur et pr\u00e9sident du groupe Aston, une soci\u00e9t\u00e9 de [&hellip;]<\/p>\n","protected":false},"author":1,"featured_media":0,"parent":0,"menu_order":0,"comment_status":"closed","ping_status":"closed","template":"","meta":{"_et_pb_use_builder":"on","_et_pb_old_content":"","_et_gb_content_width":"","ngg_post_thumbnail":0,"footnotes":""},"class_list":["post-964","page","type-page","status-publish","hentry"],"_links":{"self":[{"href":"https:\/\/aston.ch\/fr\/wp-json\/wp\/v2\/pages\/964","targetHints":{"allow":["GET"]}}],"collection":[{"href":"https:\/\/aston.ch\/fr\/wp-json\/wp\/v2\/pages"}],"about":[{"href":"https:\/\/aston.ch\/fr\/wp-json\/wp\/v2\/types\/page"}],"author":[{"embeddable":true,"href":"https:\/\/aston.ch\/fr\/wp-json\/wp\/v2\/users\/1"}],"replies":[{"embeddable":true,"href":"https:\/\/aston.ch\/fr\/wp-json\/wp\/v2\/comments?post=964"}],"version-history":[{"count":9,"href":"https:\/\/aston.ch\/fr\/wp-json\/wp\/v2\/pages\/964\/revisions"}],"predecessor-version":[{"id":2165,"href":"https:\/\/aston.ch\/fr\/wp-json\/wp\/v2\/pages\/964\/revisions\/2165"}],"wp:attachment":[{"href":"https:\/\/aston.ch\/fr\/wp-json\/wp\/v2\/media?parent=964"}],"curies":[{"name":"wp","href":"https:\/\/api.w.org\/{rel}","templated":true}]}}