{"id":718,"date":"2019-03-05T10:18:56","date_gmt":"2019-03-05T10:18:56","guid":{"rendered":"https:\/\/aston.ch\/cookies-policy\/"},"modified":"2025-06-12T08:24:50","modified_gmt":"2025-06-12T08:24:50","slug":"cookies-policy","status":"publish","type":"page","link":"https:\/\/aston.ch\/fr\/cookies-policy\/","title":{"rendered":"Cookies policy"},"content":{"rendered":"<p>[et_pb_section fb_built=\u00a0\u00bb1&Prime; admin_label=\u00a0\u00bbsection\u00a0\u00bb _builder_version=\u00a0\u00bb4.16&Prime; global_colors_info=\u00a0\u00bb{}\u00a0\u00bb][et_pb_row admin_label=\u00a0\u00bbrow\u00a0\u00bb _builder_version=\u00a0\u00bb4.16&Prime; background_size=\u00a0\u00bbinitial\u00a0\u00bb background_position=\u00a0\u00bbtop_left\u00a0\u00bb background_repeat=\u00a0\u00bbrepeat\u00a0\u00bb global_colors_info=\u00a0\u00bb{}\u00a0\u00bb][et_pb_column type=\u00a0\u00bb4_4&Prime; _builder_version=\u00a0\u00bb4.16&Prime; custom_padding=\u00a0\u00bb|||\u00a0\u00bb global_colors_info=\u00a0\u00bb{}\u00a0\u00bb custom_padding__hover=\u00a0\u00bb|||\u00a0\u00bb][et_pb_text admin_label=\u00a0\u00bbText\u00a0\u00bb _builder_version=\u00a0\u00bb4.27.4&Prime; background_size=\u00a0\u00bbinitial\u00a0\u00bb background_position=\u00a0\u00bbtop_left\u00a0\u00bb background_repeat=\u00a0\u00bbrepeat\u00a0\u00bb hover_enabled=\u00a0\u00bb0&Prime; global_colors_info=\u00a0\u00bb{}\u00a0\u00bb sticky_enabled=\u00a0\u00bb0&Prime;]<\/p>\n<h3><b>QUE SONT LES COOKIES ?<\/b><\/h3>\n<p><span style=\"font-weight: 400;\">Les cookies sont de petits fichiers texte que certains sites web placent et stockent sur les ordinateurs et appareils mobiles de leurs utilisateurs. Ces fichiers sont g\u00e9n\u00e9ralement utilis\u00e9s pour am\u00e9liorer l\u2019exp\u00e9rience utilisateur en recueillant des informations sur les habitudes de navigation. Selon les informations stock\u00e9es, ils peuvent \u00e9galement servir \u00e0 reconna\u00eetre l\u2019utilisateur. Le navigateur de l\u2019utilisateur m\u00e9morise les cookies sur son disque dur uniquement pendant la session active, utilisant donc un espace de stockage minimal et sans nuire \u00e0 l\u2019ordinateur.<\/span><\/p>\n<p><span style=\"font-weight: 400;\">Les cookies ne contiennent pas d\u2019informations personnelles sp\u00e9cifiques ; la plupart du temps, ils sont supprim\u00e9s \u00e0 la fin de la session (appel\u00e9s \u00ab cookies de session \u00bb).<\/span><\/p>\n<p>La plupart des navigateurs web acceptent les cookies par d\u00e9faut et, ind\u00e9pendamment de cela, permettent ou emp\u00eachent les cookies temporaires ou enregistr\u00e9s dans les param\u00e8tres de s\u00e9curit\u00e9.<\/p>\n<h3>&nbsp;<\/h3>\n<h3><b>QUELS TYPES DE COOKIES UTILISONS-NOUS ?<\/b><\/h3>\n<p><span style=\"font-weight: 400;\">Ce site web utilise les types de cookies suivants :<\/span><\/p>\n<p><strong>Cookies d\u2019analyse :<\/strong>&nbsp;<span style=\"font-weight: 400;\">Ces cookies sont utilis\u00e9s pour collecter des informations et suivre les visiteurs du site web afin de mieux comprendre son utilisation. Ces donn\u00e9es servent \u00e0 am\u00e9liorer la performance du site et donc l\u2019exp\u00e9rience utilisateur.<\/span><\/p>\n<p><strong>Cookies techniques :<\/strong><span style=\"font-weight: 400;\">Ces cookies permettent \u00e0 l\u2019utilisateur de naviguer sur le site web et d\u2019utiliser les diff\u00e9rentes options ou services disponibles, comme effectuer un achat en ligne.<\/span><\/p>\n<p><span style=\"font-weight: 400;\"><strong>Cookies de personnalisation :<\/strong>Ces cookies peuvent \u00eatre plac\u00e9s par ce site web ou par un tiers ; ils permettent \u00e0 l\u2019utilisateur d\u2019acc\u00e9der \u00e0 des services web avec certaines caract\u00e9ristiques pr\u00e9d\u00e9finies bas\u00e9es sur une s\u00e9rie de crit\u00e8res sur l\u2019ordinateur de l\u2019utilisateur ; cela peut inclure les pr\u00e9f\u00e9rences de langue, le type de navigateur utilis\u00e9, la configuration r\u00e9gionale, etc.<\/span><\/p>\n<p><b>Cookies publicitaires :<\/b> <span style=\"font-weight: 400;\">Ces cookies peuvent \u00eatre plac\u00e9s par ce site ou par un tiers ; ils sont utilis\u00e9s pour cibler les publicit\u00e9s vers un utilisateur. Ils permettent de suivre la navigation sur plusieurs sites \u00e0 des fins de marketing similaires.<\/span><\/p>\n<p><b>Cookies de publicit\u00e9 comportementale :<\/b><span style=\"font-weight: 400;\">Ces cookies sont d\u00e9finis par nos partenaires publicitaires pour fournir de la publicit\u00e9 comportementale et des donn\u00e9es analytiques de remarketing. Ils collectent des informations de navigation n\u00e9cessaires pour cr\u00e9er des profils et comprendre les habitudes des utilisateurs afin de d\u00e9velopper une routine publicitaire individualis\u00e9e.<\/span><\/p>\n<p>&nbsp;<\/p>\n<h3><b>BLOCAGE DES COOKIES.<\/b><\/h3>\n<p>Vous pouvez choisir d\u2019autoriser, de bloquer ou de supprimer les cookies install\u00e9s sur votre appareil via les param\u00e8tres de votre navigateur. La plupart des navigateurs permettent de bloquer ou de supprimer les cookies.<\/p>\n<p><span style=\"font-weight: 400;\">Vous pouvez acc\u00e9der aux param\u00e8tres des navigateurs les plus courants pour accepter, installer ou d\u00e9sactiver les cookies :<\/span><\/p>\n<p><a href=\"https:\/\/support.google.com\/chrome\/answer\/95647?hl=es\" target=\"_blank\" rel=\"noopener noreferrer\"><span style=\"font-weight: 400;\">Param\u00e8tres des cookies dans Google Chrome<\/span><\/a><\/p>\n<p><a href=\"http:\/\/windows.microsoft.com\/es-es\/windows7\/how-to-manage-cookies-in-internet-explorer-9\" target=\"_blank\" rel=\"noopener noreferrer\"><span style=\"font-weight: 400;\">Param\u00e8tres des cookies dans Microsoft Internet Explorer<\/span><\/a><\/p>\n<p><a href=\"https:\/\/support.mozilla.org\/es\/kb\/habilitar-y-deshabilitar-cookies-sitios-web-rastrear-preferencias?redirectlocale=es&amp;redirectslug=habilitar-y-deshabilitar-cookies-que-los-sitios-we\" target=\"_blank\" rel=\"noopener noreferrer\"><span style=\"font-weight: 400;\">Param\u00e8tres des cookies dans Mozilla Firefox<\/span><\/a><\/p>\n<p><a href=\"https:\/\/support.apple.com\/es-es\/HT201265\" target=\"_blank\" rel=\"noopener noreferrer\"><span style=\"font-weight: 400;\">Param\u00e8tres des cookies dans Safari (Apple)<\/span><\/a><\/p>\n<h3>&nbsp;<\/h3>\n<h3><b>COOKIES DE TIERS.<\/b><\/h3>\n<p>Ce site utilise les services de tiers pour recueillir des informations \u00e0 des fins statistiques. Nous utilisons les services de Google Adsense et Google Analytics pour nos statistiques et notre marketing. Certaines de ces cookies sont n\u00e9cessaires au bon fonctionnement du site, comme le moteur de recherche int\u00e9gr\u00e9. Notre site inclut \u00e9galement d\u2019autres fonctionnalit\u00e9s fournies par des tiers. Vous pouvez partager facilement notre contenu sur les r\u00e9seaux sociaux tels que Facebook, Twitter ou Google+ \u00e0 l\u2019aide des boutons pr\u00e9vus \u00e0 cet effet.<\/p>\n<h4>&nbsp;<\/h4>\n<h4><b>AVERTISSEMENT SUR LA SUPPRESSION DES COOKIES.<\/b><\/h4>\n<p><span style=\"font-weight: 400;\">Vous pouvez autoriser, bloquer ou supprimer les cookies install\u00e9s sur votre ordinateur en configurant les param\u00e8tres de votre navigateur web. Toutefois, cela peut limiter votre capacit\u00e9 \u00e0 visiter certaines parties du site et affecter votre exp\u00e9rience utilisateur.<\/span><\/p>\n<p><span style=\"font-weight: 400;\">Vous pouvez contacter ce site via nos canaux de communication si vous avez des questions concernant notre politique relative aux cookies.<\/span><\/p>\n<p>[\/et_pb_text][\/et_pb_column][\/et_pb_row][\/et_pb_section]<\/p>\n","protected":false},"excerpt":{"rendered":"<p>QUE SONT LES COOKIES ? Les cookies sont de petits fichiers texte que certains sites web placent et stockent sur les ordinateurs et appareils mobiles de leurs utilisateurs. Ces fichiers sont g\u00e9n\u00e9ralement utilis\u00e9s pour am\u00e9liorer l\u2019exp\u00e9rience utilisateur en recueillant des informations sur les habitudes de navigation. Selon les informations stock\u00e9es, ils peuvent \u00e9galement servir \u00e0 [&hellip;]<\/p>\n","protected":false},"author":1,"featured_media":0,"parent":0,"menu_order":0,"comment_status":"closed","ping_status":"open","template":"","meta":{"_et_pb_use_builder":"on","_et_pb_old_content":"<h2>Qui\u00e9nes somos<\/h2>\r\n\r\n<p>La direcci\u00f3n de nuestra web es: https:\/\/aston.ch.<\/p>\r\n\r\n<h2>Qu\u00e9 datos personales recogemos y por qu\u00e9 los recogemos<\/h2>\r\n\r\n<h3>Comentarios<\/h3>\r\n\r\n<p>Cuando los visitantes dejan comentarios en la web, recopilamos los datos que se muestran en el formulario de comentarios, as\u00ed como la direcci\u00f3n IP del visitante y la cadena de agentes de usuario del navegador para ayudar a la detecci\u00f3n de spam.<\/p>\r\n\r\n<p>Una cadena an\u00f3nima creada a partir de tu direcci\u00f3n de correo electr\u00f3nico (tambi\u00e9n llamada hash) puede ser proporcionada al servicio de Gravatar para ver si la est\u00e1s usando. La pol\u00edtica de privacidad del servicio Gravatar est\u00e1 disponible aqu\u00ed: https:\/\/automattic.com\/privacy\/. Despu\u00e9s de la aprobaci\u00f3n de tu comentario, la imagen de tu perfil es visible para el p\u00fablico en el contexto de su comentario.<\/p>\r\n\r\n<h3>Medios<\/h3>\r\n\r\n<p>Si subes im\u00e1genes a la web deber\u00edas evitar subir im\u00e1genes con datos de ubicaci\u00f3n (GPS EXIF) incluidos. Los visitantes de la web pueden descargar y extraer cualquier dato de localizaci\u00f3n de las im\u00e1genes de la web.<\/p>\r\n\r\n<h3>Formularios de contacto<\/h3>\r\n\r\n<h3>Cookies<\/h3>\r\n\r\n<p>Si dejas un comentario en nuestro sitio puedes elegir guardar tu nombre, direcci\u00f3n de correo electr\u00f3nico y web en cookies. Esto es para tu comodidad, para que no tengas que volver a rellenar tus datos cuando dejes otro comentario. Estas cookies tendr\u00e1n una duraci\u00f3n de un a\u00f1o.<\/p>\r\n\r\n<p>Si tienes una cuenta y te conectas a este sitio, instalaremos una cookie temporal para determinar si tu navegador acepta cookies. Esta cookie no contiene datos personales y se elimina al cerrar el navegador.<\/p>\r\n\r\n<p>Cuando inicias sesi\u00f3n, tambi\u00e9n instalaremos varias cookies para guardar tu informaci\u00f3n de inicio de sesi\u00f3n y tus opciones de visualizaci\u00f3n de pantalla. Las cookies de inicio de sesi\u00f3n duran dos d\u00edas, y las cookies de opciones de pantalla duran un a\u00f1o. Si seleccionas \"Recordarme\", tu inicio de sesi\u00f3n perdurar\u00e1 durante dos semanas. Si sales de tu cuenta, las cookies de inicio de sesi\u00f3n se eliminar\u00e1n.<\/p>\r\n\r\n<p>Si editas o publicas un art\u00edculo se guardar\u00e1 una cookie adicional en tu navegador. Esta cookie no incluye datos personales y simplemente indica el ID del art\u00edculo que acabas de editar. Caduca despu\u00e9s de 1 d\u00eda.<\/p>\r\n\r\n<h3>Contenido incrustado de otros sitios web<\/h3>\r\n\r\n<p>Los art\u00edculos de este sitio pueden incluir contenido incrustado (por ejemplo, v\u00eddeos, im\u00e1genes, art\u00edculos, etc.). El contenido incrustado de otras web se comporta exactamente de la misma manera que si el visitante hubiera visitado la otra web.<\/p>\r\n\r\n<p>Estas web pueden recopilar datos sobre ti, utilizar cookies, incrustar un seguimiento adicional de terceros, y supervisar tu interacci\u00f3n con ese contenido incrustado, incluido el seguimiento de tu interacci\u00f3n con el contenido incrustado si tienes una cuenta y est\u00e1s conectado a esa web.<\/p>\r\n\r\n<h3>Anal\u00edtica<\/h3>\r\n\r\n<h2>Con qui\u00e9n compartimos tus datos<\/h2>\r\n\r\n<h2>Cu\u00e1nto tiempo conservamos tus datos<\/h2>\r\n\r\n<p>Si dejas un comentario, el comentario y sus metadatos se conservan indefinidamente. Esto es para que podamos reconocer y aprobar comentarios sucesivos autom\u00e1ticamente en lugar de mantenerlos en una cola de moderaci\u00f3n.<\/p>\r\n\r\n<p>De los usuarios que se registran en nuestra web (si los hay), tambi\u00e9n almacenamos la informaci\u00f3n personal que proporcionan en su perfil de usuario. Todos los usuarios pueden ver, editar o eliminar su informaci\u00f3n personal en cualquier momento (excepto que no pueden cambiar su nombre de usuario). Los administradores de la web tambi\u00e9n pueden ver y editar esa informaci\u00f3n.<\/p>\r\n\r\n<h2>Qu\u00e9 derechos tienes sobre tus datos<\/h2>\r\n\r\n<p>Si tienes una cuenta o has dejado comentarios en esta web, puedes solicitar recibir un archivo de exportaci\u00f3n de los datos personales que tenemos sobre ti, incluyendo cualquier dato que nos hayas proporcionado. Tambi\u00e9n puedes solicitar que eliminemos cualquier dato personal que tengamos sobre ti. Esto no incluye ning\u00fan dato que estemos obligados a conservar con fines administrativos, legales o de seguridad.<\/p>\r\n\r\n<h2>D\u00f3nde enviamos tus datos<\/h2>\r\n\r\n<p>Los comentarios de los visitantes puede que los revise un servicio de detecci\u00f3n autom\u00e1tica de spam.<\/p>\r\n\r\n<h2>Tu informaci\u00f3n de contacto<\/h2>\r\n\r\n<h2>Informaci\u00f3n adicional<\/h2>\r\n\r\n<h3>C\u00f3mo protegemos tus datos<\/h3>\r\n\r\n<h3>Qu\u00e9 procedimientos utilizamos contra las brechas de datos<\/h3>\r\n\r\n<h3>De qu\u00e9 terceros recibimos datos<\/h3>\r\n\r\n<h3>Qu\u00e9 tipo de toma de decisiones automatizada y\/o perfilado hacemos con los datos del usuario<\/h3>\r\n\r\n<h3>Requerimientos regulatorios de revelaci\u00f3n de informaci\u00f3n del sector<\/h3>\r\n","_et_gb_content_width":"","ngg_post_thumbnail":0,"footnotes":""},"class_list":["post-718","page","type-page","status-publish","hentry"],"_links":{"self":[{"href":"https:\/\/aston.ch\/fr\/wp-json\/wp\/v2\/pages\/718","targetHints":{"allow":["GET"]}}],"collection":[{"href":"https:\/\/aston.ch\/fr\/wp-json\/wp\/v2\/pages"}],"about":[{"href":"https:\/\/aston.ch\/fr\/wp-json\/wp\/v2\/types\/page"}],"author":[{"embeddable":true,"href":"https:\/\/aston.ch\/fr\/wp-json\/wp\/v2\/users\/1"}],"replies":[{"embeddable":true,"href":"https:\/\/aston.ch\/fr\/wp-json\/wp\/v2\/comments?post=718"}],"version-history":[{"count":9,"href":"https:\/\/aston.ch\/fr\/wp-json\/wp\/v2\/pages\/718\/revisions"}],"predecessor-version":[{"id":2126,"href":"https:\/\/aston.ch\/fr\/wp-json\/wp\/v2\/pages\/718\/revisions\/2126"}],"wp:attachment":[{"href":"https:\/\/aston.ch\/fr\/wp-json\/wp\/v2\/media?parent=718"}],"curies":[{"name":"wp","href":"https:\/\/api.w.org\/{rel}","templated":true}]}}