{"id":714,"date":"2019-03-05T14:40:38","date_gmt":"2019-03-05T14:40:38","guid":{"rendered":"https:\/\/aston.ch\/privacy-policy\/"},"modified":"2025-06-12T08:05:32","modified_gmt":"2025-06-12T08:05:32","slug":"privacy-policy","status":"publish","type":"page","link":"https:\/\/aston.ch\/fr\/privacy-policy\/","title":{"rendered":"Privacy policy"},"content":{"rendered":"<p>[et_pb_section fb_built=\u00a0\u00bb1&Prime; admin_label=\u00a0\u00bbsection\u00a0\u00bb _builder_version=\u00a0\u00bb4.16&Prime; global_colors_info=\u00a0\u00bb{}\u00a0\u00bb][et_pb_row admin_label=\u00a0\u00bbrow\u00a0\u00bb _builder_version=\u00a0\u00bb4.16&Prime; background_size=\u00a0\u00bbinitial\u00a0\u00bb background_position=\u00a0\u00bbtop_left\u00a0\u00bb background_repeat=\u00a0\u00bbrepeat\u00a0\u00bb global_colors_info=\u00a0\u00bb{}\u00a0\u00bb][et_pb_column type=\u00a0\u00bb4_4&Prime; _builder_version=\u00a0\u00bb4.16&Prime; custom_padding=\u00a0\u00bb|||\u00a0\u00bb global_colors_info=\u00a0\u00bb{}\u00a0\u00bb custom_padding__hover=\u00a0\u00bb|||\u00a0\u00bb][et_pb_text admin_label=\u00a0\u00bbText\u00a0\u00bb _builder_version=\u00a0\u00bb4.27.4&Prime; background_size=\u00a0\u00bbinitial\u00a0\u00bb background_position=\u00a0\u00bbtop_left\u00a0\u00bb background_repeat=\u00a0\u00bbrepeat\u00a0\u00bb hover_enabled=\u00a0\u00bb0&Prime; global_colors_info=\u00a0\u00bb{}\u00a0\u00bb sticky_enabled=\u00a0\u00bb0&Prime;]<\/p>\n<h3><strong>POLITIQUE DE CONFIDENTIALIT\u00c9<\/strong><\/h3>\n<p><strong>Aston Properties Opco, S.A. de C.V. (\u201cAston Properties\u201d)<\/strong>, situ\u00e9e \u00e0 Senda Eterna 627, Colonia Milenio III, Code Postal 76060, Santiago de Quer\u00e9taro, Quer\u00e9taro, est responsable de la collecte, de l&rsquo;utilisation et de la protection de vos informations personnelles de mani\u00e8re confidentielle et strictement conforme \u00e0 la Loi mexicaine sur la protection des donn\u00e9es personnelles d\u00e9tenues par des particuliers et son r\u00e8glement.<\/p>\n<p>Vos informations personnelles seront utilis\u00e9es pour fournir les services que vous demandez, vous informer de tout changement et \u00e9valuer les services fournis. \u00c0 ces fins, nous avons besoin de recueillir les informations personnelles suivantes : nom complet, adresse, adresse \u00e9lectronique et num\u00e9ro de t\u00e9l\u00e9phone. Si, en outre, Aston Properties et vous concluez une relation contractuelle, il vous sera demand\u00e9 de fournir d&rsquo;autres informations personnelles en lien avec ledit contrat. Vous avez le droit d\u2019acc\u00e9der \u00e0 vos donn\u00e9es personnelles, de les rectifier ou de les annuler, ainsi que de vous opposer \u00e0 leur traitement ou de r\u00e9voquer votre consentement via le processus mis en place.<\/p>\n<p>Pour conna\u00eetre ce processus, ses exigences et d\u00e9lais, vous pouvez contacter notre d\u00e9partement des donn\u00e9es personnelles \u00e0 l&rsquo;adresse \u00e9lectronique suivante : info@aston.ch. Vous consentez par la pr\u00e9sente \u00e0 ce qu&rsquo;Aston Properties transf\u00e8re et partage vos informations personnelles avec ses soci\u00e9t\u00e9s affili\u00e9es, clients et fournisseurs. Il est entendu que vos informations continueront d&rsquo;\u00eatre prot\u00e9g\u00e9es et utilis\u00e9es de mani\u00e8re confidentielle et conform\u00e9ment \u00e0 la Loi mexicaine sur la protection des donn\u00e9es personnelles d\u00e9tenues par des particuliers et son r\u00e8glement. Toute modification de cette Politique de Confidentialit\u00e9 pourra \u00eatre consult\u00e9e sur <a href=\"http:\/\/www.aston.ch\">www.aston.ch<\/a><\/p>\n<p>[\/et_pb_text][\/et_pb_column][\/et_pb_row][\/et_pb_section]<\/p>\n","protected":false},"excerpt":{"rendered":"<p>POLITIQUE DE CONFIDENTIALIT\u00c9 Aston Properties Opco, S.A. de C.V. (\u201cAston Properties\u201d), situ\u00e9e \u00e0 Senda Eterna 627, Colonia Milenio III, Code Postal 76060, Santiago de Quer\u00e9taro, Quer\u00e9taro, est responsable de la collecte, de l&rsquo;utilisation et de la protection de vos informations personnelles de mani\u00e8re confidentielle et strictement conforme \u00e0 la Loi mexicaine sur la protection des [&hellip;]<\/p>\n","protected":false},"author":1,"featured_media":0,"parent":0,"menu_order":0,"comment_status":"closed","ping_status":"closed","template":"","meta":{"_et_pb_use_builder":"on","_et_pb_old_content":"<h2>Qui\u00e9nes somos<\/h2>\r\n\r\n<p>La direcci\u00f3n de nuestra web es: https:\/\/aston.ch.<\/p>\r\n\r\n<h2>Qu\u00e9 datos personales recogemos y por qu\u00e9 los recogemos<\/h2>\r\n\r\n<h3>Comentarios<\/h3>\r\n\r\n<p>Cuando los visitantes dejan comentarios en la web, recopilamos los datos que se muestran en el formulario de comentarios, as\u00ed como la direcci\u00f3n IP del visitante y la cadena de agentes de usuario del navegador para ayudar a la detecci\u00f3n de spam.<\/p>\r\n\r\n<p>Una cadena an\u00f3nima creada a partir de tu direcci\u00f3n de correo electr\u00f3nico (tambi\u00e9n llamada hash) puede ser proporcionada al servicio de Gravatar para ver si la est\u00e1s usando. La pol\u00edtica de privacidad del servicio Gravatar est\u00e1 disponible aqu\u00ed: https:\/\/automattic.com\/privacy\/. Despu\u00e9s de la aprobaci\u00f3n de tu comentario, la imagen de tu perfil es visible para el p\u00fablico en el contexto de su comentario.<\/p>\r\n\r\n<h3>Medios<\/h3>\r\n\r\n<p>Si subes im\u00e1genes a la web deber\u00edas evitar subir im\u00e1genes con datos de ubicaci\u00f3n (GPS EXIF) incluidos. Los visitantes de la web pueden descargar y extraer cualquier dato de localizaci\u00f3n de las im\u00e1genes de la web.<\/p>\r\n\r\n<h3>Formularios de contacto<\/h3>\r\n\r\n<h3>Cookies<\/h3>\r\n\r\n<p>Si dejas un comentario en nuestro sitio puedes elegir guardar tu nombre, direcci\u00f3n de correo electr\u00f3nico y web en cookies. Esto es para tu comodidad, para que no tengas que volver a rellenar tus datos cuando dejes otro comentario. Estas cookies tendr\u00e1n una duraci\u00f3n de un a\u00f1o.<\/p>\r\n\r\n<p>Si tienes una cuenta y te conectas a este sitio, instalaremos una cookie temporal para determinar si tu navegador acepta cookies. Esta cookie no contiene datos personales y se elimina al cerrar el navegador.<\/p>\r\n\r\n<p>Cuando inicias sesi\u00f3n, tambi\u00e9n instalaremos varias cookies para guardar tu informaci\u00f3n de inicio de sesi\u00f3n y tus opciones de visualizaci\u00f3n de pantalla. Las cookies de inicio de sesi\u00f3n duran dos d\u00edas, y las cookies de opciones de pantalla duran un a\u00f1o. Si seleccionas \"Recordarme\", tu inicio de sesi\u00f3n perdurar\u00e1 durante dos semanas. Si sales de tu cuenta, las cookies de inicio de sesi\u00f3n se eliminar\u00e1n.<\/p>\r\n\r\n<p>Si editas o publicas un art\u00edculo se guardar\u00e1 una cookie adicional en tu navegador. Esta cookie no incluye datos personales y simplemente indica el ID del art\u00edculo que acabas de editar. Caduca despu\u00e9s de 1 d\u00eda.<\/p>\r\n\r\n<h3>Contenido incrustado de otros sitios web<\/h3>\r\n\r\n<p>Los art\u00edculos de este sitio pueden incluir contenido incrustado (por ejemplo, v\u00eddeos, im\u00e1genes, art\u00edculos, etc.). El contenido incrustado de otras web se comporta exactamente de la misma manera que si el visitante hubiera visitado la otra web.<\/p>\r\n\r\n<p>Estas web pueden recopilar datos sobre ti, utilizar cookies, incrustar un seguimiento adicional de terceros, y supervisar tu interacci\u00f3n con ese contenido incrustado, incluido el seguimiento de tu interacci\u00f3n con el contenido incrustado si tienes una cuenta y est\u00e1s conectado a esa web.<\/p>\r\n\r\n<h3>Anal\u00edtica<\/h3>\r\n\r\n<h2>Con qui\u00e9n compartimos tus datos<\/h2>\r\n\r\n<h2>Cu\u00e1nto tiempo conservamos tus datos<\/h2>\r\n\r\n<p>Si dejas un comentario, el comentario y sus metadatos se conservan indefinidamente. Esto es para que podamos reconocer y aprobar comentarios sucesivos autom\u00e1ticamente en lugar de mantenerlos en una cola de moderaci\u00f3n.<\/p>\r\n\r\n<p>De los usuarios que se registran en nuestra web (si los hay), tambi\u00e9n almacenamos la informaci\u00f3n personal que proporcionan en su perfil de usuario. Todos los usuarios pueden ver, editar o eliminar su informaci\u00f3n personal en cualquier momento (excepto que no pueden cambiar su nombre de usuario). Los administradores de la web tambi\u00e9n pueden ver y editar esa informaci\u00f3n.<\/p>\r\n\r\n<h2>Qu\u00e9 derechos tienes sobre tus datos<\/h2>\r\n\r\n<p>Si tienes una cuenta o has dejado comentarios en esta web, puedes solicitar recibir un archivo de exportaci\u00f3n de los datos personales que tenemos sobre ti, incluyendo cualquier dato que nos hayas proporcionado. Tambi\u00e9n puedes solicitar que eliminemos cualquier dato personal que tengamos sobre ti. Esto no incluye ning\u00fan dato que estemos obligados a conservar con fines administrativos, legales o de seguridad.<\/p>\r\n\r\n<h2>D\u00f3nde enviamos tus datos<\/h2>\r\n\r\n<p>Los comentarios de los visitantes puede que los revise un servicio de detecci\u00f3n autom\u00e1tica de spam.<\/p>\r\n\r\n<h2>Tu informaci\u00f3n de contacto<\/h2>\r\n\r\n<h2>Informaci\u00f3n adicional<\/h2>\r\n\r\n<h3>C\u00f3mo protegemos tus datos<\/h3>\r\n\r\n<h3>Qu\u00e9 procedimientos utilizamos contra las brechas de datos<\/h3>\r\n\r\n<h3>De qu\u00e9 terceros recibimos datos<\/h3>\r\n\r\n<h3>Qu\u00e9 tipo de toma de decisiones automatizada y\/o perfilado hacemos con los datos del usuario<\/h3>\r\n\r\n<h3>Requerimientos regulatorios de revelaci\u00f3n de informaci\u00f3n del sector<\/h3>\r\n","_et_gb_content_width":"","ngg_post_thumbnail":0,"footnotes":""},"class_list":["post-714","page","type-page","status-publish","hentry"],"_links":{"self":[{"href":"https:\/\/aston.ch\/fr\/wp-json\/wp\/v2\/pages\/714","targetHints":{"allow":["GET"]}}],"collection":[{"href":"https:\/\/aston.ch\/fr\/wp-json\/wp\/v2\/pages"}],"about":[{"href":"https:\/\/aston.ch\/fr\/wp-json\/wp\/v2\/types\/page"}],"author":[{"embeddable":true,"href":"https:\/\/aston.ch\/fr\/wp-json\/wp\/v2\/users\/1"}],"replies":[{"embeddable":true,"href":"https:\/\/aston.ch\/fr\/wp-json\/wp\/v2\/comments?post=714"}],"version-history":[{"count":11,"href":"https:\/\/aston.ch\/fr\/wp-json\/wp\/v2\/pages\/714\/revisions"}],"predecessor-version":[{"id":2108,"href":"https:\/\/aston.ch\/fr\/wp-json\/wp\/v2\/pages\/714\/revisions\/2108"}],"wp:attachment":[{"href":"https:\/\/aston.ch\/fr\/wp-json\/wp\/v2\/media?parent=714"}],"curies":[{"name":"wp","href":"https:\/\/api.w.org\/{rel}","templated":true}]}}