{"id":164,"date":"2019-03-05T10:18:56","date_gmt":"2019-03-05T10:18:56","guid":{"rendered":"https:\/\/aston.ch\/?page_id=164"},"modified":"2025-06-12T08:26:59","modified_gmt":"2025-06-12T08:26:59","slug":"politica-de-cookies","status":"publish","type":"page","link":"https:\/\/aston.ch\/es\/politica-de-cookies\/","title":{"rendered":"Pol\u00edtica de cookies"},"content":{"rendered":"<p>[et_pb_section fb_built=\u00bb1&#8243; admin_label=\u00bbsection\u00bb _builder_version=\u00bb4.16&#8243; global_colors_info=\u00bb{}\u00bb][et_pb_row admin_label=\u00bbrow\u00bb _builder_version=\u00bb4.16&#8243; background_size=\u00bbinitial\u00bb background_position=\u00bbtop_left\u00bb background_repeat=\u00bbrepeat\u00bb global_colors_info=\u00bb{}\u00bb][et_pb_column type=\u00bb4_4&#8243; _builder_version=\u00bb4.16&#8243; custom_padding=\u00bb|||\u00bb global_colors_info=\u00bb{}\u00bb custom_padding__hover=\u00bb|||\u00bb][et_pb_text admin_label=\u00bbText\u00bb _builder_version=\u00bb4.27.4&#8243; background_size=\u00bbinitial\u00bb background_position=\u00bbtop_left\u00bb background_repeat=\u00bbrepeat\u00bb hover_enabled=\u00bb0&#8243; global_colors_info=\u00bb{}\u00bb sticky_enabled=\u00bb0&#8243;]<\/p>\n<h3><b>\u00bfQU\u00c9 SON LAS COOKIES?<\/b><\/h3>\n<p><span style=\"font-weight: 400;\">Las cookies son peque\u00f1os archivos de texto que ciertos sitios web colocan y almacenan en las computadoras y dispositivos m\u00f3viles de sus usuarios. Estos archivos generalmente se usan para mejorar la experiencia del usuario al recopilar informaci\u00f3n sobre sus h\u00e1bitos de navegaci\u00f3n. Dependiendo de la informaci\u00f3n almacenada, tambi\u00e9n pueden utilizarse para reconocer al usuario. El navegador del usuario memoriza las cookies en su disco duro solo durante la sesi\u00f3n activa, utilizando por lo tanto un espacio de almacenamiento m\u00ednimo y sin da\u00f1ar la computadora.<\/span><\/p>\n<p><span style=\"font-weight: 400;\">Las cookies no contienen informaci\u00f3n personal espec\u00edfica; la mayor\u00eda de las veces se eliminan al finalizar la sesi\u00f3n (llamadas \u00abcookies de sesi\u00f3n\u00bb).<\/span><\/p>\n<p>La mayor\u00eda de los navegadores web aceptan cookies como est\u00e1ndar y, independientemente de ellas, permiten o impiden las cookies temporales o memorizadas en la configuraci\u00f3n de seguridad.<\/p>\n<h3>&nbsp;<\/h3>\n<h3><b>\u00bfQU\u00c9 TIPO DE COOKIES UTILIZAMOS?<\/b><\/h3>\n<p><span style=\"font-weight: 400;\">Este sitio web utiliza los siguientes tipos de cookies:<\/span><\/p>\n<p><strong>Cookies de an\u00e1lisis:<\/strong>&nbsp;<span style=\"font-weight: 400;\">Estas cookies se utilizan para recopilar informaci\u00f3n y rastrear a los visitantes del sitio web para ayudarnos a comprender c\u00f3mo se utiliza nuestro sitio. Estos datos se utilizan para mejorar el rendimiento del sitio y, por ende, la experiencia del usuario.<\/span><\/p>\n<p><strong>Cookies t\u00e9cnicas:<\/strong><span style=\"font-weight: 400;\">Estas cookies permiten al usuario navegar por el sitio web y utilizar las diferentes opciones o servicios existentes en \u00e9l, como realizar una compra en l\u00ednea.<\/span><\/p>\n<p><span style=\"font-weight: 400;\"><strong>Cookies de personalizaci\u00f3n:<\/strong>Estas cookies pueden ser establecidas por este sitio web o por un tercero; permiten al usuario acceder a servicios web con ciertas caracter\u00edsticas predefinidas establecidas a trav\u00e9s de una serie de criterios en su computadora; estos pueden incluir preferencias de idioma, tipo de navegador utilizado para acceder a los servicios, configuraci\u00f3n regional desde donde se accede al servicio, etc.<\/span><\/p>\n<p><b>Cookies de publicidad:<\/b> <span style=\"font-weight: 400;\">Estas cookies pueden ser establecidas por este sitio web o por un tercero; se utilizan para orientar la publicidad al usuario. Permiten el seguimiento de los h\u00e1bitos de navegaci\u00f3n en varios sitios web con fines de marketing similares.<\/span><\/p>\n<p><b>Cookies de publicidad comportamental:<\/b><span style=\"font-weight: 400;\">Estas cookies son establecidas por nuestros socios publicitarios para proporcionar publicidad basada en el comportamiento y datos anal\u00edticos de remarketing. Recogen cualquier tipo de informaci\u00f3n de navegaci\u00f3n necesaria para crear perfiles y comprender los h\u00e1bitos del usuario para desarrollar una rutina publicitaria individual y espec\u00edfica.<\/span><\/p>\n<p>&nbsp;<\/p>\n<h3><b>BLOQUEO DE COOKIES.<\/b><\/h3>\n<p>Puede elegir permitir, bloquear o eliminar las cookies instaladas en su dispositivo a trav\u00e9s de las opciones de configuraci\u00f3n de su navegador. La mayor\u00eda de los navegadores ofrecen la posibilidad de bloquear o eliminar las cookies instaladas en su dispositivo.<\/p>\n<p><span style=\"font-weight: 400;\">A continuaci\u00f3n puede acceder a la configuraci\u00f3n de los navegadores webs m\u00e1s frecuentes para aceptar, instalar o desactivar las cookies:<\/span><\/p>\n<p><a href=\"https:\/\/support.google.com\/chrome\/answer\/95647?hl=es\" target=\"_blank\" rel=\"noopener noreferrer\"><span style=\"font-weight: 400;\">Configuraci\u00f3n de cookies en Google Chrome<\/span><\/a><\/p>\n<p><a href=\"http:\/\/windows.microsoft.com\/es-es\/windows7\/how-to-manage-cookies-in-internet-explorer-9\" target=\"_blank\" rel=\"noopener noreferrer\"><span style=\"font-weight: 400;\">Configuraci\u00f3n de cookies en Microsoft Internet Explorer<\/span><\/a><\/p>\n<p><a href=\"https:\/\/support.mozilla.org\/es\/kb\/habilitar-y-deshabilitar-cookies-sitios-web-rastrear-preferencias?redirectlocale=es&amp;redirectslug=habilitar-y-deshabilitar-cookies-que-los-sitios-we\" target=\"_blank\" rel=\"noopener noreferrer\"><span style=\"font-weight: 400;\">Configuraci\u00f3n de cookies en Mozilla Firefox<\/span><\/a><\/p>\n<p><a href=\"https:\/\/support.apple.com\/es-es\/HT201265\" target=\"_blank\" rel=\"noopener noreferrer\"><span style=\"font-weight: 400;\">Configuraci\u00f3n de cookies en Safari (Apple)<\/span><\/a><\/p>\n<h3>&nbsp;<\/h3>\n<h3><b>COOKIES DE TERCEROS.<\/b><\/h3>\n<p>Este sitio web utiliza servicios de terceros para recopilar informaci\u00f3n con fines estad\u00edsticos. Usamos los servicios de Google Adsense y Google Analytics para nuestras estad\u00edsticas y marketing. Algunas de estas cookies son necesarias para el funcionamiento del sitio, como el motor de b\u00fasqueda integrado. Nuestro sitio web tambi\u00e9n incluye otras funcionalidades proporcionadas por terceros. Puede compartir f\u00e1cilmente nuestro contenido en redes sociales como Facebook, Twitter o Google+ con los botones que se incluyen para tal fin.<\/p>\n<h4>&nbsp;<\/h4>\n<h4><b>ADVERTENCIA SOBRE LA ELIMINACI\u00d3N DE COOKIES.<\/b><\/h4>\n<p><span style=\"font-weight: 400;\">Puede elegir permitir, bloquear o eliminar las cookies instaladas en su computadora ajustando la configuraci\u00f3n del navegador web que use. Pero al hacerlo podr\u00eda limitar su capacidad de visitar ciertas partes del sitio web y afectar su experiencia.<\/span><\/p>\n<p><span style=\"font-weight: 400;\">Puede contactar a este sitio web a trav\u00e9s de nuestros canales de comunicaci\u00f3n si tiene alguna duda respecto a nuestra pol\u00edtica de cookies.<\/span><\/p>\n<p>[\/et_pb_text][\/et_pb_column][\/et_pb_row][\/et_pb_section]<\/p>\n","protected":false},"excerpt":{"rendered":"<p>\u00bfQU\u00c9 SON LAS COOKIES? Las cookies son peque\u00f1os archivos de texto que ciertos sitios web colocan y almacenan en las computadoras y dispositivos m\u00f3viles de sus usuarios. Estos archivos generalmente se usan para mejorar la experiencia del usuario al recopilar informaci\u00f3n sobre sus h\u00e1bitos de navegaci\u00f3n. Dependiendo de la informaci\u00f3n almacenada, tambi\u00e9n pueden utilizarse para [&hellip;]<\/p>\n","protected":false},"author":1,"featured_media":0,"parent":0,"menu_order":0,"comment_status":"closed","ping_status":"open","template":"","meta":{"_et_pb_use_builder":"on","_et_pb_old_content":"<h2>Qui\u00e9nes somos<\/h2>\r\n\r\n<p>La direcci\u00f3n de nuestra web es: https:\/\/aston.ch.<\/p>\r\n\r\n<h2>Qu\u00e9 datos personales recogemos y por qu\u00e9 los recogemos<\/h2>\r\n\r\n<h3>Comentarios<\/h3>\r\n\r\n<p>Cuando los visitantes dejan comentarios en la web, recopilamos los datos que se muestran en el formulario de comentarios, as\u00ed como la direcci\u00f3n IP del visitante y la cadena de agentes de usuario del navegador para ayudar a la detecci\u00f3n de spam.<\/p>\r\n\r\n<p>Una cadena an\u00f3nima creada a partir de tu direcci\u00f3n de correo electr\u00f3nico (tambi\u00e9n llamada hash) puede ser proporcionada al servicio de Gravatar para ver si la est\u00e1s usando. La pol\u00edtica de privacidad del servicio Gravatar est\u00e1 disponible aqu\u00ed: https:\/\/automattic.com\/privacy\/. Despu\u00e9s de la aprobaci\u00f3n de tu comentario, la imagen de tu perfil es visible para el p\u00fablico en el contexto de su comentario.<\/p>\r\n\r\n<h3>Medios<\/h3>\r\n\r\n<p>Si subes im\u00e1genes a la web deber\u00edas evitar subir im\u00e1genes con datos de ubicaci\u00f3n (GPS EXIF) incluidos. Los visitantes de la web pueden descargar y extraer cualquier dato de localizaci\u00f3n de las im\u00e1genes de la web.<\/p>\r\n\r\n<h3>Formularios de contacto<\/h3>\r\n\r\n<h3>Cookies<\/h3>\r\n\r\n<p>Si dejas un comentario en nuestro sitio puedes elegir guardar tu nombre, direcci\u00f3n de correo electr\u00f3nico y web en cookies. Esto es para tu comodidad, para que no tengas que volver a rellenar tus datos cuando dejes otro comentario. Estas cookies tendr\u00e1n una duraci\u00f3n de un a\u00f1o.<\/p>\r\n\r\n<p>Si tienes una cuenta y te conectas a este sitio, instalaremos una cookie temporal para determinar si tu navegador acepta cookies. Esta cookie no contiene datos personales y se elimina al cerrar el navegador.<\/p>\r\n\r\n<p>Cuando inicias sesi\u00f3n, tambi\u00e9n instalaremos varias cookies para guardar tu informaci\u00f3n de inicio de sesi\u00f3n y tus opciones de visualizaci\u00f3n de pantalla. Las cookies de inicio de sesi\u00f3n duran dos d\u00edas, y las cookies de opciones de pantalla duran un a\u00f1o. Si seleccionas \"Recordarme\", tu inicio de sesi\u00f3n perdurar\u00e1 durante dos semanas. Si sales de tu cuenta, las cookies de inicio de sesi\u00f3n se eliminar\u00e1n.<\/p>\r\n\r\n<p>Si editas o publicas un art\u00edculo se guardar\u00e1 una cookie adicional en tu navegador. Esta cookie no incluye datos personales y simplemente indica el ID del art\u00edculo que acabas de editar. Caduca despu\u00e9s de 1 d\u00eda.<\/p>\r\n\r\n<h3>Contenido incrustado de otros sitios web<\/h3>\r\n\r\n<p>Los art\u00edculos de este sitio pueden incluir contenido incrustado (por ejemplo, v\u00eddeos, im\u00e1genes, art\u00edculos, etc.). El contenido incrustado de otras web se comporta exactamente de la misma manera que si el visitante hubiera visitado la otra web.<\/p>\r\n\r\n<p>Estas web pueden recopilar datos sobre ti, utilizar cookies, incrustar un seguimiento adicional de terceros, y supervisar tu interacci\u00f3n con ese contenido incrustado, incluido el seguimiento de tu interacci\u00f3n con el contenido incrustado si tienes una cuenta y est\u00e1s conectado a esa web.<\/p>\r\n\r\n<h3>Anal\u00edtica<\/h3>\r\n\r\n<h2>Con qui\u00e9n compartimos tus datos<\/h2>\r\n\r\n<h2>Cu\u00e1nto tiempo conservamos tus datos<\/h2>\r\n\r\n<p>Si dejas un comentario, el comentario y sus metadatos se conservan indefinidamente. Esto es para que podamos reconocer y aprobar comentarios sucesivos autom\u00e1ticamente en lugar de mantenerlos en una cola de moderaci\u00f3n.<\/p>\r\n\r\n<p>De los usuarios que se registran en nuestra web (si los hay), tambi\u00e9n almacenamos la informaci\u00f3n personal que proporcionan en su perfil de usuario. Todos los usuarios pueden ver, editar o eliminar su informaci\u00f3n personal en cualquier momento (excepto que no pueden cambiar su nombre de usuario). Los administradores de la web tambi\u00e9n pueden ver y editar esa informaci\u00f3n.<\/p>\r\n\r\n<h2>Qu\u00e9 derechos tienes sobre tus datos<\/h2>\r\n\r\n<p>Si tienes una cuenta o has dejado comentarios en esta web, puedes solicitar recibir un archivo de exportaci\u00f3n de los datos personales que tenemos sobre ti, incluyendo cualquier dato que nos hayas proporcionado. Tambi\u00e9n puedes solicitar que eliminemos cualquier dato personal que tengamos sobre ti. Esto no incluye ning\u00fan dato que estemos obligados a conservar con fines administrativos, legales o de seguridad.<\/p>\r\n\r\n<h2>D\u00f3nde enviamos tus datos<\/h2>\r\n\r\n<p>Los comentarios de los visitantes puede que los revise un servicio de detecci\u00f3n autom\u00e1tica de spam.<\/p>\r\n\r\n<h2>Tu informaci\u00f3n de contacto<\/h2>\r\n\r\n<h2>Informaci\u00f3n adicional<\/h2>\r\n\r\n<h3>C\u00f3mo protegemos tus datos<\/h3>\r\n\r\n<h3>Qu\u00e9 procedimientos utilizamos contra las brechas de datos<\/h3>\r\n\r\n<h3>De qu\u00e9 terceros recibimos datos<\/h3>\r\n\r\n<h3>Qu\u00e9 tipo de toma de decisiones automatizada y\/o perfilado hacemos con los datos del usuario<\/h3>\r\n\r\n<h3>Requerimientos regulatorios de revelaci\u00f3n de informaci\u00f3n del sector<\/h3>\r\n","_et_gb_content_width":"","ngg_post_thumbnail":0,"footnotes":""},"class_list":["post-164","page","type-page","status-publish","hentry"],"_links":{"self":[{"href":"https:\/\/aston.ch\/es\/wp-json\/wp\/v2\/pages\/164","targetHints":{"allow":["GET"]}}],"collection":[{"href":"https:\/\/aston.ch\/es\/wp-json\/wp\/v2\/pages"}],"about":[{"href":"https:\/\/aston.ch\/es\/wp-json\/wp\/v2\/types\/page"}],"author":[{"embeddable":true,"href":"https:\/\/aston.ch\/es\/wp-json\/wp\/v2\/users\/1"}],"replies":[{"embeddable":true,"href":"https:\/\/aston.ch\/es\/wp-json\/wp\/v2\/comments?post=164"}],"version-history":[{"count":5,"href":"https:\/\/aston.ch\/es\/wp-json\/wp\/v2\/pages\/164\/revisions"}],"predecessor-version":[{"id":2130,"href":"https:\/\/aston.ch\/es\/wp-json\/wp\/v2\/pages\/164\/revisions\/2130"}],"wp:attachment":[{"href":"https:\/\/aston.ch\/es\/wp-json\/wp\/v2\/media?parent=164"}],"curies":[{"name":"wp","href":"https:\/\/api.w.org\/{rel}","templated":true}]}}