{"id":140,"date":"2019-03-01T11:24:20","date_gmt":"2019-03-01T11:24:20","guid":{"rendered":"https:\/\/aston.ch\/?page_id=140"},"modified":"2025-05-20T14:25:47","modified_gmt":"2025-05-20T14:25:47","slug":"nosotros","status":"publish","type":"page","link":"https:\/\/aston.ch\/es\/nosotros\/","title":{"rendered":"Nosotros"},"content":{"rendered":"<p>[et_pb_section fb_built=\u00bb1&#8243; disabled_on=\u00bboff|off|off\u00bb _builder_version=\u00bb4.16&#8243; global_colors_info=\u00bb{}\u00bb collapsed=\u00bbon\u00bb][et_pb_row module_class=\u00bbfull-width-row who-we-are-row-title h500&#8243; _builder_version=\u00bb4.16&#8243; background_image=\u00bbhttps:\/\/aston.ch\/wp-content\/uploads\/2019\/03\/who-we-are.jpg\u00bb background_position=\u00bbcenter_right\u00bb global_colors_info=\u00bb{}\u00bb][et_pb_column type=\u00bb4_4&#8243; _builder_version=\u00bb4.16&#8243; custom_padding=\u00bb|||\u00bb global_colors_info=\u00bb{}\u00bb custom_padding__hover=\u00bb|||\u00bb][et_pb_text _builder_version=\u00bb4.16&#8243; global_colors_info=\u00bb{}\u00bb]<\/p>\n<h1>Nosotros<\/h1>\n<p>[\/et_pb_text][et_pb_divider module_class=\u00bbseparator\u00bb _builder_version=\u00bb4.16&#8243; global_colors_info=\u00bb{}\u00bb][\/et_pb_divider][et_pb_text module_class=\u00bbtitle-description\u00bb _builder_version=\u00bb4.16&#8243; global_colors_info=\u00bb{}\u00bb]Aston se enfoca en identificar oportunidades \u00fanicas ofreciendo una cartera diversificada de inversiones en diferentes sectores: Servicios Financieros, Bienes Ra\u00edces, Recursos Naturales, Infraestructura, Alimentos y Bebidas, Tecnolog\u00eda, Educaci\u00f3n y Salud.<\/p>\n<p>Aston abarca una amplia variedad de industrias en M\u00e9xico, Norte Am\u00e9rica y Europa, con un enfoque especial en empresas orientadas al crecimiento. Nos enfocamos en crear valor de largo plazo aportando capital y orientaci\u00f3n estrat\u00e9gica para impulsar su potencial y para competir en entornos m\u00e1s competitivos.<br \/>\n[\/et_pb_text][\/et_pb_column][\/et_pb_row][\/et_pb_section][et_pb_section fb_built=\u00bb1&#8243; disabled_on=\u00bbon|on|on\u00bb _builder_version=\u00bb4.16&#8243; disabled=\u00bbon\u00bb global_colors_info=\u00bb{}\u00bb collapsed=\u00bbon\u00bb][et_pb_row module_class=\u00bbfull-width-row who-we-are-row-title h500&#8243; _builder_version=\u00bb4.16&#8243; background_image=\u00bbhttps:\/\/aston.ch\/wp-content\/uploads\/2019\/03\/who-we-are.jpg\u00bb background_position=\u00bbcenter_right\u00bb global_colors_info=\u00bb{}\u00bb][et_pb_column type=\u00bb4_4&#8243; _builder_version=\u00bb4.16&#8243; custom_padding=\u00bb|||\u00bb global_colors_info=\u00bb{}\u00bb custom_padding__hover=\u00bb|||\u00bb][et_pb_text _builder_version=\u00bb4.16&#8243; global_colors_info=\u00bb{}\u00bb]<\/p>\n<h1>Nosotros<\/h1>\n<p>[\/et_pb_text][et_pb_divider module_class=\u00bbseparator\u00bb _builder_version=\u00bb4.16&#8243; global_colors_info=\u00bb{}\u00bb][\/et_pb_divider][\/et_pb_column][\/et_pb_row][\/et_pb_section][et_pb_section fb_built=\u00bb1&#8243; disabled_on=\u00bbon|on|on\u00bb _builder_version=\u00bb4.16&#8243; disabled=\u00bbon\u00bb global_colors_info=\u00bb{}\u00bb collapsed=\u00bbon\u00bb][et_pb_row module_class=\u00bbfull-width-row who-we-are-row-description bg-aston\u00bb _builder_version=\u00bb4.16&#8243; background_position=\u00bbcenter_right\u00bb global_colors_info=\u00bb{}\u00bb][et_pb_column type=\u00bb4_4&#8243; _builder_version=\u00bb4.16&#8243; custom_padding=\u00bb|||\u00bb global_colors_info=\u00bb{}\u00bb custom_padding__hover=\u00bb|||\u00bb][et_pb_text module_class=\u00bbtitle-description\u00bb _builder_version=\u00bb4.16&#8243; global_colors_info=\u00bb{}\u00bb]Aston se enfoca en identificar oportunidades \u00fanicas ofreciendo una cartera diversificada de inversiones en diferentes sectores: Servicios Financieros, Bienes Ra\u00ecces, Recursos Naturales, Infraestructura, Alimentos y Bebidas, Tecnolog\u00eda, Educaci\u00f3n y Salud.<\/p>\n<p>Aston abarca una amplia variedad de industrias en M\u00e9xico, Norte Am\u00e9rica y Europa, con un enfoque especial en empresas orientadas al crecimiento. Nos centramos en construir valor a largo plazo a trav\u00e9s de orientaci\u00f3n estrat\u00e9gica, capital, y ayuda a las empresas a descubrir su mayor potencial y sobresalir en un entorno de mercados competitivos.<br \/>\n[\/et_pb_text][\/et_pb_column][\/et_pb_row][\/et_pb_section][et_pb_section fb_built=\u00bb1&#8243; module_class=\u00bbsection-point bg-dark-grey\u00bb _builder_version=\u00bb4.16&#8243; global_colors_info=\u00bb{}\u00bb collapsed=\u00bbon\u00bb][et_pb_row make_equal=\u00bbon\u00bb module_class=\u00bbrow-points\u00bb _builder_version=\u00bb4.16&#8243; global_colors_info=\u00bb{}\u00bb column_structure=\u00bb1_4,3_4&#8243;][et_pb_column type=\u00bb1_4&#8243; module_class=\u00bbpoints-icon-container\u00bb _builder_version=\u00bb4.16&#8243; custom_padding=\u00bb|||\u00bb global_colors_info=\u00bb{}\u00bb custom_padding__hover=\u00bb|||\u00bb][et_pb_image src=\u00bbhttps:\/\/aston.ch\/wp-content\/uploads\/2019\/02\/estate.svg\u00bb align_tablet=\u00bbcenter\u00bb align_last_edited=\u00bbon|desktop\u00bb _builder_version=\u00bb4.16&#8243; global_colors_info=\u00bb{}\u00bb align_phone=\u00bbcenter\u00bb][\/et_pb_image][\/et_pb_column][et_pb_column type=\u00bb3_4&#8243; module_class=\u00bbpoints-text-container\u00bb _builder_version=\u00bb4.16&#8243; custom_padding=\u00bb|||\u00bb global_colors_info=\u00bb{}\u00bb custom_padding__hover=\u00bb|||\u00bb][et_pb_text _builder_version=\u00bb4.16&#8243; global_colors_info=\u00bb{}\u00bb]<\/p>\n<h3>Real Estate<\/h3>\n<p>[\/et_pb_text][et_pb_text _builder_version=\u00bb4.16&#8243; global_colors_info=\u00bb{}\u00bb]Aston realiza inversiones inmobiliarias inteligentes en mercados s\u00f3lidos y crecientes en una gran variedad de clases de activos, a trav\u00e9s de sus cuatro plataformas operativas: Aspen, Akua, Auren &amp; Abac.<br \/>\n[\/et_pb_text][\/et_pb_column][\/et_pb_row][\/et_pb_section][et_pb_section fb_built=\u00bb1&#8243; module_class=\u00bbsection-point bg-light-grey\u00bb _builder_version=\u00bb4.16&#8243; global_colors_info=\u00bb{}\u00bb collapsed=\u00bbon\u00bb][et_pb_row make_equal=\u00bbon\u00bb module_class=\u00bbrow-points\u00bb _builder_version=\u00bb4.16&#8243; global_colors_info=\u00bb{}\u00bb column_structure=\u00bb1_4,3_4&#8243;][et_pb_column type=\u00bb1_4&#8243; module_class=\u00bbpoints-icon-container\u00bb _builder_version=\u00bb4.16&#8243; custom_padding=\u00bb|||\u00bb global_colors_info=\u00bb{}\u00bb custom_padding__hover=\u00bb|||\u00bb][et_pb_image src=\u00bbhttps:\/\/aston.ch\/wp-content\/uploads\/2019\/02\/financial.svg\u00bb align_tablet=\u00bbcenter\u00bb align_last_edited=\u00bbon|desktop\u00bb _builder_version=\u00bb4.16&#8243; global_colors_info=\u00bb{}\u00bb align_phone=\u00bbcenter\u00bb][\/et_pb_image][\/et_pb_column][et_pb_column type=\u00bb3_4&#8243; module_class=\u00bbpoints-text-container\u00bb _builder_version=\u00bb4.16&#8243; custom_padding=\u00bb|||\u00bb global_colors_info=\u00bb{}\u00bb custom_padding__hover=\u00bb|||\u00bb][et_pb_text _builder_version=\u00bb4.16&#8243; global_colors_info=\u00bb{}\u00bb]<\/p>\n<h3>Servicios financieros<\/h3>\n<p>[\/et_pb_text][et_pb_text _builder_version=\u00bb4.16&#8243; global_colors_info=\u00bb{}\u00bb]Buscamos involucrarnos en el \u00e1rea financiera y proveer soporte financiero a peque\u00f1as y medianas empresas en b\u00fasqueda de capital para desarrollar sus proyectos.<br \/>\n[\/et_pb_text][\/et_pb_column][\/et_pb_row][\/et_pb_section][et_pb_section fb_built=\u00bb1&#8243; module_class=\u00bbsection-point bg-dark-grey\u00bb _builder_version=\u00bb4.16&#8243; global_colors_info=\u00bb{}\u00bb collapsed=\u00bbon\u00bb][et_pb_row make_equal=\u00bbon\u00bb module_class=\u00bbrow-points\u00bb _builder_version=\u00bb4.16&#8243; global_colors_info=\u00bb{}\u00bb column_structure=\u00bb1_4,3_4&#8243;][et_pb_column type=\u00bb1_4&#8243; module_class=\u00bbpoints-icon-container\u00bb _builder_version=\u00bb4.16&#8243; custom_padding=\u00bb|||\u00bb global_colors_info=\u00bb{}\u00bb custom_padding__hover=\u00bb|||\u00bb][et_pb_image src=\u00bbhttps:\/\/aston.ch\/wp-content\/uploads\/2019\/02\/natural.svg\u00bb align_tablet=\u00bbcenter\u00bb align_last_edited=\u00bbon|desktop\u00bb _builder_version=\u00bb4.16&#8243; global_colors_info=\u00bb{}\u00bb align_phone=\u00bbcenter\u00bb][\/et_pb_image][\/et_pb_column][et_pb_column type=\u00bb3_4&#8243; module_class=\u00bbpoints-text-container\u00bb _builder_version=\u00bb4.16&#8243; custom_padding=\u00bb|||\u00bb global_colors_info=\u00bb{}\u00bb custom_padding__hover=\u00bb|||\u00bb][et_pb_text _builder_version=\u00bb4.16&#8243; global_colors_info=\u00bb{}\u00bb]<\/p>\n<h3>Recursos Naturales e Infraestructuras<\/h3>\n<p>[\/et_pb_text][et_pb_text _builder_version=\u00bb4.16&#8243; global_colors_info=\u00bb{}\u00bb]Al participar en \u00e1reas como servicios de agua, energ\u00edas limpias y transporte, hemos desarrollado proyectos sustentables que impulsan el crecimiento econ\u00f3mico local, promueven la generaci\u00f3n de empleos y mejoran la calidad de vida de las personas.<br \/>\n[\/et_pb_text][\/et_pb_column][\/et_pb_row][\/et_pb_section][et_pb_section fb_built=\u00bb1&#8243; module_class=\u00bbsection-point bg-light-grey\u00bb _builder_version=\u00bb4.16&#8243; global_colors_info=\u00bb{}\u00bb collapsed=\u00bbon\u00bb][et_pb_row make_equal=\u00bbon\u00bb module_class=\u00bbrow-points\u00bb _builder_version=\u00bb4.16&#8243; global_colors_info=\u00bb{}\u00bb column_structure=\u00bb1_4,3_4&#8243;][et_pb_column type=\u00bb1_4&#8243; module_class=\u00bbpoints-icon-container\u00bb _builder_version=\u00bb4.16&#8243; custom_padding=\u00bb|||\u00bb global_colors_info=\u00bb{}\u00bb custom_padding__hover=\u00bb|||\u00bb][et_pb_image src=\u00bbhttps:\/\/aston.ch\/wp-content\/uploads\/2019\/02\/food.svg\u00bb align_tablet=\u00bbcenter\u00bb align_last_edited=\u00bbon|desktop\u00bb _builder_version=\u00bb4.16&#8243; global_colors_info=\u00bb{}\u00bb align_phone=\u00bbcenter\u00bb][\/et_pb_image][\/et_pb_column][et_pb_column type=\u00bb3_4&#8243; module_class=\u00bbpoints-text-container\u00bb _builder_version=\u00bb4.16&#8243; custom_padding=\u00bb|||\u00bb global_colors_info=\u00bb{}\u00bb custom_padding__hover=\u00bb|||\u00bb][et_pb_text _builder_version=\u00bb4.16&#8243; global_colors_info=\u00bb{}\u00bb]<\/p>\n<h3>Alimentos y bebidas<\/h3>\n<p>[\/et_pb_text][et_pb_text _builder_version=\u00bb4.16&#8243; global_colors_info=\u00bb{}\u00bb]Nos especializamos en la inyecci\u00f3n de capital a empresas de comidas y bebidas en etapas de crecimiento que se benefician de servicios de valor agregado los cuales incluyen planeaci\u00f3n estrat\u00e9gica, marketing, finanzas, recursos humanos y una extensa red de contactos que presentan grandes oportunidades de crecimiento.<br \/>\n[\/et_pb_text][\/et_pb_column][\/et_pb_row][\/et_pb_section][et_pb_section fb_built=\u00bb1&#8243; module_class=\u00bbsection-point bg-dark-grey\u00bb _builder_version=\u00bb4.16&#8243; global_colors_info=\u00bb{}\u00bb collapsed=\u00bbon\u00bb][et_pb_row make_equal=\u00bbon\u00bb module_class=\u00bbrow-points\u00bb _builder_version=\u00bb4.16&#8243; global_colors_info=\u00bb{}\u00bb column_structure=\u00bb1_4,3_4&#8243;][et_pb_column type=\u00bb1_4&#8243; module_class=\u00bbpoints-icon-container\u00bb _builder_version=\u00bb4.16&#8243; custom_padding=\u00bb|||\u00bb global_colors_info=\u00bb{}\u00bb custom_padding__hover=\u00bb|||\u00bb][et_pb_image src=\u00bbhttps:\/\/aston.ch\/wp-content\/uploads\/2019\/02\/technology.svg\u00bb align_tablet=\u00bbcenter\u00bb align_last_edited=\u00bbon|desktop\u00bb _builder_version=\u00bb4.16&#8243; global_colors_info=\u00bb{}\u00bb align_phone=\u00bbcenter\u00bb][\/et_pb_image][\/et_pb_column][et_pb_column type=\u00bb3_4&#8243; module_class=\u00bbpoints-text-container\u00bb _builder_version=\u00bb4.16&#8243; custom_padding=\u00bb|||\u00bb global_colors_info=\u00bb{}\u00bb custom_padding__hover=\u00bb|||\u00bb][et_pb_text _builder_version=\u00bb4.16&#8243; global_colors_info=\u00bb{}\u00bb]<\/p>\n<h3>Tecnolog\u00eda<\/h3>\n<p>[\/et_pb_text][et_pb_text _builder_version=\u00bb4.16&#8243; global_colors_info=\u00bb{}\u00bb]Invertimos en empresas de tecnolog\u00eda que se enfrentan a puntos de inflexi\u00f3n tanto estrat\u00e9gicos como operacionales. Buscamos empresas de software, data, etc con perspectivas de largo plazo.<br \/>\n[\/et_pb_text][\/et_pb_column][\/et_pb_row][\/et_pb_section][et_pb_section fb_built=\u00bb1&#8243; module_class=\u00bbsection-point bg-light-grey\u00bb _builder_version=\u00bb4.16&#8243; global_colors_info=\u00bb{}\u00bb collapsed=\u00bbon\u00bb][et_pb_row make_equal=\u00bbon\u00bb module_class=\u00bbrow-points\u00bb _builder_version=\u00bb4.16&#8243; global_colors_info=\u00bb{}\u00bb column_structure=\u00bb1_4,3_4&#8243;][et_pb_column type=\u00bb1_4&#8243; module_class=\u00bbpoints-icon-container\u00bb _builder_version=\u00bb4.16&#8243; custom_padding=\u00bb|||\u00bb global_colors_info=\u00bb{}\u00bb custom_padding__hover=\u00bb|||\u00bb][et_pb_image src=\u00bbhttps:\/\/aston.ch\/wp-content\/uploads\/2019\/02\/education.svg\u00bb align_tablet=\u00bbcenter\u00bb align_last_edited=\u00bbon|desktop\u00bb _builder_version=\u00bb4.16&#8243; global_colors_info=\u00bb{}\u00bb align_phone=\u00bbcenter\u00bb][\/et_pb_image][\/et_pb_column][et_pb_column type=\u00bb3_4&#8243; module_class=\u00bbpoints-text-container\u00bb _builder_version=\u00bb4.16&#8243; custom_padding=\u00bb|||\u00bb global_colors_info=\u00bb{}\u00bb custom_padding__hover=\u00bb|||\u00bb][et_pb_text _builder_version=\u00bb4.16&#8243; global_colors_info=\u00bb{}\u00bb]<\/p>\n<h3>Educaci\u00f3n<\/h3>\n<p>[\/et_pb_text][et_pb_text _builder_version=\u00bb4.16&#8243; global_colors_info=\u00bb{}\u00bb]Nos adentramos en el sector de la educaci\u00f3n y buscamos empresas que cuenten con soluciones innovadoras y con enfoques en encontrar soluciones para las necesidades especiales de alumnos y profesionales.<br \/>\n[\/et_pb_text][\/et_pb_column][\/et_pb_row][\/et_pb_section][et_pb_section fb_built=\u00bb1&#8243; module_class=\u00bbsection-point bg-dark-grey\u00bb _builder_version=\u00bb4.16&#8243; global_colors_info=\u00bb{}\u00bb collapsed=\u00bbon\u00bb][et_pb_row make_equal=\u00bbon\u00bb module_class=\u00bbrow-points\u00bb _builder_version=\u00bb4.16&#8243; global_colors_info=\u00bb{}\u00bb column_structure=\u00bb1_4,3_4&#8243;][et_pb_column type=\u00bb1_4&#8243; module_class=\u00bbpoints-icon-container\u00bb _builder_version=\u00bb4.16&#8243; custom_padding=\u00bb|||\u00bb global_colors_info=\u00bb{}\u00bb custom_padding__hover=\u00bb|||\u00bb][et_pb_image src=\u00bbhttps:\/\/aston.ch\/wp-content\/uploads\/2019\/02\/health.svg\u00bb align_tablet=\u00bbcenter\u00bb align_last_edited=\u00bbon|desktop\u00bb _builder_version=\u00bb4.16&#8243; global_colors_info=\u00bb{}\u00bb align_phone=\u00bbcenter\u00bb][\/et_pb_image][\/et_pb_column][et_pb_column type=\u00bb3_4&#8243; module_class=\u00bbpoints-text-container\u00bb _builder_version=\u00bb4.16&#8243; custom_padding=\u00bb|||\u00bb global_colors_info=\u00bb{}\u00bb custom_padding__hover=\u00bb|||\u00bb][et_pb_text _builder_version=\u00bb4.16&#8243; global_colors_info=\u00bb{}\u00bb]<\/p>\n<h3>Salud<\/h3>\n<p>[\/et_pb_text][et_pb_text _builder_version=\u00bb4.16&#8243; global_colors_info=\u00bb{}\u00bb]Realizamos inversiones en empresas con talento en la administraci\u00f3n de equipos que se dirigen a las necesidades b\u00e1sicas del sistema de salud mediante la mejora de los resultados de los pacientes, la reducci\u00f3n de costos y el incremento de eficiencias en sus procesos.<br \/>\n[\/et_pb_text][\/et_pb_column][\/et_pb_row][\/et_pb_section]<\/p>\n","protected":false},"excerpt":{"rendered":"<p>Nosotros Aston se enfoca en identificar oportunidades \u00fanicas ofreciendo una cartera diversificada de inversiones en diferentes sectores: Servicios Financieros, Bienes Ra\u00edces, Recursos Naturales, Infraestructura, Alimentos y Bebidas, Tecnolog\u00eda, Educaci\u00f3n y Salud. Aston abarca una amplia variedad de industrias en M\u00e9xico, Norte Am\u00e9rica y Europa, con un enfoque especial en empresas orientadas al crecimiento. Nos enfocamos [&hellip;]<\/p>\n","protected":false},"author":1,"featured_media":0,"parent":0,"menu_order":0,"comment_status":"closed","ping_status":"closed","template":"","meta":{"_et_pb_use_builder":"on","_et_pb_old_content":"","_et_gb_content_width":"","ngg_post_thumbnail":0,"footnotes":""},"class_list":["post-140","page","type-page","status-publish","hentry"],"_links":{"self":[{"href":"https:\/\/aston.ch\/es\/wp-json\/wp\/v2\/pages\/140","targetHints":{"allow":["GET"]}}],"collection":[{"href":"https:\/\/aston.ch\/es\/wp-json\/wp\/v2\/pages"}],"about":[{"href":"https:\/\/aston.ch\/es\/wp-json\/wp\/v2\/types\/page"}],"author":[{"embeddable":true,"href":"https:\/\/aston.ch\/es\/wp-json\/wp\/v2\/users\/1"}],"replies":[{"embeddable":true,"href":"https:\/\/aston.ch\/es\/wp-json\/wp\/v2\/comments?post=140"}],"version-history":[{"count":22,"href":"https:\/\/aston.ch\/es\/wp-json\/wp\/v2\/pages\/140\/revisions"}],"predecessor-version":[{"id":1867,"href":"https:\/\/aston.ch\/es\/wp-json\/wp\/v2\/pages\/140\/revisions\/1867"}],"wp:attachment":[{"href":"https:\/\/aston.ch\/es\/wp-json\/wp\/v2\/media?parent=140"}],"curies":[{"name":"wp","href":"https:\/\/api.w.org\/{rel}","templated":true}]}}