{"id":105,"date":"2019-02-28T12:40:39","date_gmt":"2019-02-28T12:40:39","guid":{"rendered":"https:\/\/aston.ch\/?page_id=105"},"modified":"2025-05-21T07:46:12","modified_gmt":"2025-05-21T07:46:12","slug":"sustentabilidad","status":"publish","type":"page","link":"https:\/\/aston.ch\/es\/sustentabilidad\/","title":{"rendered":"Sustentabilidad"},"content":{"rendered":"<p>[et_pb_section fb_built=\u00bb1&#8243; _builder_version=\u00bb4.16&#8243; global_colors_info=\u00bb{}\u00bb][et_pb_row module_class=\u00bbfull-width-row sustainability-row-title h500&#8243; _builder_version=\u00bb4.27.4&#8243; background_image=\u00bbhttps:\/\/aston.ch\/wp-content\/uploads\/2025\/05\/sustainability-1.jpg\u00bb global_colors_info=\u00bb{}\u00bb][et_pb_column type=\u00bb4_4&#8243; _builder_version=\u00bb4.16&#8243; custom_padding=\u00bb|||\u00bb global_colors_info=\u00bb{}\u00bb custom_padding__hover=\u00bb|||\u00bb][et_pb_text admin_label=\u00bbSustainability\u00bb _builder_version=\u00bb4.16&#8243; global_colors_info=\u00bb{}\u00bb]<\/p>\n<h1>Sustentabilidad<\/h1>\n<p>[\/et_pb_text][et_pb_divider module_class=\u00bbseparator\u00bb _builder_version=\u00bb4.16&#8243; global_colors_info=\u00bb{}\u00bb][\/et_pb_divider][\/et_pb_column][\/et_pb_row][et_pb_row column_structure=\u00bb1_3,2_3&#8243; make_equal=\u00bbon\u00bb module_class=\u00bbfull-width-row h500&#8243; _builder_version=\u00bb4.27.4&#8243; global_colors_info=\u00bb{}\u00bb][et_pb_column type=\u00bb1_3&#8243; module_class=\u00bbcontainer-block\u00bb _builder_version=\u00bb4.16&#8243; custom_padding=\u00bb|||\u00bb global_colors_info=\u00bb{}\u00bb custom_padding__hover=\u00bb|||\u00bb][et_pb_text _builder_version=\u00bb4.16&#8243; global_colors_info=\u00bb{}\u00bb]<\/p>\n<h2>los valores primero<\/h2>\n<p>[\/et_pb_text][et_pb_divider module_class=\u00bbseparator\u00bb _builder_version=\u00bb4.16&#8243; global_colors_info=\u00bb{}\u00bb][\/et_pb_divider][et_pb_text module_class=\u00bbtitle-description\u00bb _builder_version=\u00bb4.16&#8243; global_colors_info=\u00bb{}\u00bb]En cada proyecto que llevamos a cabo, no importa la escala, nuestra prioridad es proteger a las personas y el entorno. Adem\u00e1s, creamos y promovemos el desarrollo econ\u00f3mico local.<br \/>\n[\/et_pb_text][\/et_pb_column][et_pb_column type=\u00bb2_3&#8243; module_class=\u00bbcontainer-block-list\u00bb _builder_version=\u00bb4.27.4&#8243; background_image=\u00bbhttps:\/\/aston.ch\/wp-content\/uploads\/2025\/05\/sustainability-2.jpg\u00bb custom_padding=\u00bb|||\u00bb global_colors_info=\u00bb{}\u00bb custom_padding__hover=\u00bb|||\u00bb][et_pb_text module_class=\u00bbblock-list\u00bb _builder_version=\u00bb4.16&#8243; global_colors_info=\u00bb{}\u00bb]<\/p>\n<ul>\n<li>Responsabilidad<\/li>\n<li>Compromiso<\/li>\n<li>Adquisici\u00f3n de talento<\/li>\n<li>Rendimiento<\/li>\n<li>Innovaci\u00f3n<\/li>\n<\/ul>\n<p>[\/et_pb_text][\/et_pb_column][\/et_pb_row][et_pb_row column_structure=\u00bb2_3,1_3&#8243; make_equal=\u00bbon\u00bb module_class=\u00bbfull-width-row h500&#8243; _builder_version=\u00bb4.27.4&#8243; global_colors_info=\u00bb{}\u00bb][et_pb_column type=\u00bb2_3&#8243; module_class=\u00bbcontainer-block-list container-block-list-right\u00bb _builder_version=\u00bb4.27.4&#8243; background_image=\u00bbhttps:\/\/aston.ch\/wp-content\/uploads\/2025\/05\/sustainability-3.jpg\u00bb custom_padding=\u00bb|||\u00bb global_colors_info=\u00bb{}\u00bb custom_padding__hover=\u00bb|||\u00bb][et_pb_text module_class=\u00bbblock-list\u00bb _builder_version=\u00bb4.16&#8243; global_colors_info=\u00bb{}\u00bb]<\/p>\n<ul>\n<li>Renovabilidad<\/li>\n<li>Eficiencia<\/li>\n<li>Durabilidad<\/li>\n<\/ul>\n<p>[\/et_pb_text][\/et_pb_column][et_pb_column type=\u00bb1_3&#8243; module_class=\u00bbcontainer-block\u00bb _builder_version=\u00bb4.16&#8243; custom_padding=\u00bb|||\u00bb global_colors_info=\u00bb{}\u00bb custom_padding__hover=\u00bb|||\u00bb][et_pb_text _builder_version=\u00bb4.16&#8243; global_colors_info=\u00bb{}\u00bb]<\/p>\n<h2>Sustentabilidad y Medio Ambiente<\/h2>\n<p>[\/et_pb_text][et_pb_divider module_class=\u00bbseparator\u00bb _builder_version=\u00bb4.16&#8243; global_colors_info=\u00bb{}\u00bb][\/et_pb_divider][et_pb_text module_class=\u00bbtitle-description\u00bb _builder_version=\u00bb4.16&#8243; global_colors_info=\u00bb{}\u00bb]Trabajamos para tener un impacto positivo y responsable sobre el planeta mediante operaciones preferibles para medio ambiente.<br \/>\n[\/et_pb_text][\/et_pb_column][\/et_pb_row][\/et_pb_section]<\/p>\n","protected":false},"excerpt":{"rendered":"<p>Sustentabilidad los valores primero En cada proyecto que llevamos a cabo, no importa la escala, nuestra prioridad es proteger a las personas y el entorno. Adem\u00e1s, creamos y promovemos el desarrollo econ\u00f3mico local. Responsabilidad Compromiso Adquisici\u00f3n de talento Rendimiento Innovaci\u00f3n Renovabilidad Eficiencia Durabilidad Sustentabilidad y Medio Ambiente Trabajamos para tener un impacto positivo y responsable [&hellip;]<\/p>\n","protected":false},"author":1,"featured_media":0,"parent":0,"menu_order":0,"comment_status":"closed","ping_status":"closed","template":"","meta":{"_et_pb_use_builder":"on","_et_pb_old_content":"","_et_gb_content_width":"","ngg_post_thumbnail":0,"footnotes":""},"class_list":["post-105","page","type-page","status-publish","hentry"],"_links":{"self":[{"href":"https:\/\/aston.ch\/es\/wp-json\/wp\/v2\/pages\/105","targetHints":{"allow":["GET"]}}],"collection":[{"href":"https:\/\/aston.ch\/es\/wp-json\/wp\/v2\/pages"}],"about":[{"href":"https:\/\/aston.ch\/es\/wp-json\/wp\/v2\/types\/page"}],"author":[{"embeddable":true,"href":"https:\/\/aston.ch\/es\/wp-json\/wp\/v2\/users\/1"}],"replies":[{"embeddable":true,"href":"https:\/\/aston.ch\/es\/wp-json\/wp\/v2\/comments?post=105"}],"version-history":[{"count":28,"href":"https:\/\/aston.ch\/es\/wp-json\/wp\/v2\/pages\/105\/revisions"}],"predecessor-version":[{"id":1899,"href":"https:\/\/aston.ch\/es\/wp-json\/wp\/v2\/pages\/105\/revisions\/1899"}],"wp:attachment":[{"href":"https:\/\/aston.ch\/es\/wp-json\/wp\/v2\/media?parent=105"}],"curies":[{"name":"wp","href":"https:\/\/api.w.org\/{rel}","templated":true}]}}