{"id":101,"date":"2019-02-28T12:29:49","date_gmt":"2019-02-28T12:29:49","guid":{"rendered":"https:\/\/aston.ch\/?page_id=101"},"modified":"2025-06-04T04:05:39","modified_gmt":"2025-06-04T04:05:39","slug":"ubicaciones","status":"publish","type":"page","link":"https:\/\/aston.ch\/es\/ubicaciones\/","title":{"rendered":"Ubicaciones"},"content":{"rendered":"<p>[et_pb_section fb_built=\u00bb1&#8243; admin_label=\u00bbSecci\u00f3n\u00bb module_class=\u00bbcontainer-location\u00bb _builder_version=\u00bb4.27.4&#8243; background_color=\u00bb#010020&#8243; background_image=\u00bbhttps:\/\/aston.ch\/wp-content\/uploads\/2025\/05\/Mapamundi-ESPANOL-txt-RU.jpg\u00bb background_size=\u00bbcontain\u00bb hover_enabled=\u00bb0&#8243; background_color_tablet=\u00bbRGBA(255,255,255,0)\u00bb background_color_phone=\u00bbRGBA(255,255,255,0)\u00bb background_last_edited=\u00bboff|desktop\u00bb background_enable_color_tablet=\u00bbon\u00bb background_enable_color_phone=\u00bbon\u00bb background_image_tablet=\u00bbhttps:\/\/aston.ch\/wp-content\/uploads\/2025\/06\/ubiaciones-ES-1024.jpg\u00bb background_enable_image_tablet=\u00bbon\u00bb background_enable_image_phone=\u00bboff\u00bb collapsed=\u00bboff\u00bb global_colors_info=\u00bb{}\u00bb background__hover_enabled=\u00bboff|desktop\u00bb sticky_enabled=\u00bb0&#8243;][et_pb_row disabled_on=\u00bbon|on|off\u00bb admin_label=\u00bbFila\u00bb module_class=\u00bbfull-width-row container-locations\u00bb _builder_version=\u00bb4.27.4&#8243; background_enable_image=\u00bboff\u00bb background_size=\u00bbcontain\u00bb background_last_edited=\u00bbon|tablet\u00bb background_image_tablet=\u00bbhttps:\/\/aston.ch\/wp-content\/uploads\/2025\/06\/ubiaciones-ES-1024.jpg\u00bb background_image_phone=\u00bbhttps:\/\/aston.ch\/wp-content\/uploads\/2025\/05\/Mapamundi-ESPANOL-txt-RU.jpg\u00bb background_enable_image_tablet=\u00bbon\u00bb background_enable_image_phone=\u00bbon\u00bb background_size_tablet=\u00bbcontain\u00bb background_blend_tablet=\u00bbnormal\u00bb global_colors_info=\u00bb{}\u00bb][et_pb_column type=\u00bb4_4&#8243; _builder_version=\u00bb4.16&#8243; custom_padding=\u00bb|||\u00bb global_colors_info=\u00bb{}\u00bb custom_padding__hover=\u00bb|||\u00bb][et_pb_text _builder_version=\u00bb4.16&#8243; global_colors_info=\u00bb{}\u00bb]<\/p>\n<h1>Ubicaciones<\/h1>\n<p>[\/et_pb_text][et_pb_divider module_class=\u00bbseparator\u00bb _builder_version=\u00bb4.16&#8243; global_colors_info=\u00bb{}\u00bb][\/et_pb_divider][\/et_pb_column][\/et_pb_row][et_pb_row disabled_on=\u00bboff|off|on\u00bb module_class=\u00bb et_pb_row_fullwidth\u00bb _builder_version=\u00bb4.27.4&#8243; background_enable_color=\u00bboff\u00bb background_enable_image=\u00bboff\u00bb background_color_tablet=\u00bb#FFFFFF\u00bb background_color_phone=\u00bb#FFFFFF\u00bb background_last_edited=\u00bbon|phone\u00bb background_enable_color_tablet=\u00bbon\u00bb background_enable_color_phone=\u00bbon\u00bb background_enable_image_phone=\u00bboff\u00bb global_colors_info=\u00bb{}\u00bb][et_pb_column type=\u00bb4_4&#8243; _builder_version=\u00bb4.16&#8243; custom_padding=\u00bb|||\u00bb global_colors_info=\u00bb{}\u00bb custom_padding__hover=\u00bb|||\u00bb][et_pb_image title_text=\u00bbubiaciones-ES-430&#8243; url=\u00bbhttps:\/\/aston.ch\/wp-content\/uploads\/2025\/05\/Mapamundi-ESPANOL-txt-RU.jpg\u00bb url_new_window=\u00bbon\u00bb src_tablet=\u00bbhttps:\/\/aston.ch\/wp-content\/uploads\/2025\/06\/ubiaciones-ES-1024.jpg\u00bb src_phone=\u00bbhttps:\/\/aston.ch\/wp-content\/uploads\/2025\/06\/ubiaciones-ES-430.jpg\u00bb src_last_edited=\u00bbon|tablet\u00bb _builder_version=\u00bb4.27.4&#8243; _module_preset=\u00bbdefault\u00bb global_colors_info=\u00bb{}\u00bb src__hover_enabled=\u00bbon|desktop\u00bb][\/et_pb_image][et_pb_text _builder_version=\u00bb4.16&#8243; global_colors_info=\u00bb{}\u00bb]<\/p>\n<h1>Ubicaciones<\/h1>\n<p>[\/et_pb_text][et_pb_divider module_class=\u00bbseparator\u00bb _builder_version=\u00bb4.27.4&#8243; background_last_edited=\u00bbon|phone\u00bb global_colors_info=\u00bb{}\u00bb][\/et_pb_divider][et_pb_text admin_label=\u00bbTexto\u00bb _builder_version=\u00bb4.27.4&#8243; _module_preset=\u00bbdefault\u00bb global_colors_info=\u00bb{}\u00bb]<\/p>\n<ul>\n<li>Canad\u00e1<\/li>\n<li>Estados Unidos<\/li>\n<li>M\u00e9xico<\/li>\n<li>Reino Unido<\/li>\n<li>Francia<\/li>\n<li>Espa\u00f1a<\/li>\n<li>Alemania<\/li>\n<li>Suiza<\/li>\n<li>Austria<\/li>\n<li>Albania<\/li>\n<li>Hungr\u00eda<\/li>\n<li>Ruman\u00eda<\/li>\n<li>Kosovo<\/li>\n<li>Macedonia del Norte<\/li>\n<\/ul>\n<p>[\/et_pb_text][\/et_pb_column][\/et_pb_row][\/et_pb_section]<\/p>\n","protected":false},"excerpt":{"rendered":"<p>Ubicaciones Ubicaciones Canad\u00e1 Estados Unidos M\u00e9xico Reino Unido Francia Espa\u00f1a Alemania Suiza Austria Albania Hungr\u00eda Ruman\u00eda Kosovo Macedonia del Norte<\/p>\n","protected":false},"author":1,"featured_media":0,"parent":0,"menu_order":0,"comment_status":"closed","ping_status":"closed","template":"","meta":{"_et_pb_use_builder":"on","_et_pb_old_content":"","_et_gb_content_width":"","ngg_post_thumbnail":0,"footnotes":""},"class_list":["post-101","page","type-page","status-publish","hentry"],"_links":{"self":[{"href":"https:\/\/aston.ch\/es\/wp-json\/wp\/v2\/pages\/101","targetHints":{"allow":["GET"]}}],"collection":[{"href":"https:\/\/aston.ch\/es\/wp-json\/wp\/v2\/pages"}],"about":[{"href":"https:\/\/aston.ch\/es\/wp-json\/wp\/v2\/types\/page"}],"author":[{"embeddable":true,"href":"https:\/\/aston.ch\/es\/wp-json\/wp\/v2\/users\/1"}],"replies":[{"embeddable":true,"href":"https:\/\/aston.ch\/es\/wp-json\/wp\/v2\/comments?post=101"}],"version-history":[{"count":88,"href":"https:\/\/aston.ch\/es\/wp-json\/wp\/v2\/pages\/101\/revisions"}],"predecessor-version":[{"id":2058,"href":"https:\/\/aston.ch\/es\/wp-json\/wp\/v2\/pages\/101\/revisions\/2058"}],"wp:attachment":[{"href":"https:\/\/aston.ch\/es\/wp-json\/wp\/v2\/media?parent=101"}],"curies":[{"name":"wp","href":"https:\/\/api.w.org\/{rel}","templated":true}]}}