{"id":975,"date":"2022-09-07T15:47:25","date_gmt":"2022-09-07T15:47:25","guid":{"rendered":"https:\/\/aston.ch\/manuel-barreiro-castaneda\/"},"modified":"2025-09-17T13:16:23","modified_gmt":"2025-09-17T13:16:23","slug":"manuel-barreiro-castaneda","status":"publish","type":"page","link":"https:\/\/aston.ch\/de\/manuel-barreiro-castaneda\/","title":{"rendered":"Unser gr\u00fcnder &#8211; Manuel Barreiro Casta\u00f1eda"},"content":{"rendered":"<p>[et_pb_section fb_built=&#8220;1&#8243; _builder_version=&#8220;4.16&#8243; global_colors_info=&#8220;{}&#8220;][et_pb_row module_class=&#8220;full-width-row manuel-row-title h500&#8243; _builder_version=&#8220;4.16&#8243; background_image=&#8220;https:\/\/aston.ch\/wp-content\/uploads\/2019\/03\/who-we-are.jpg&#8220; background_position=&#8220;center_right&#8220; locked=&#8220;off&#8220; global_colors_info=&#8220;{}&#8220;][et_pb_column type=&#8220;4_4&#8243; _builder_version=&#8220;4.16&#8243; custom_padding=&#8220;|||&#8220; global_colors_info=&#8220;{}&#8220; custom_padding__hover=&#8220;|||&#8220;][et_pb_text _builder_version=&#8220;4.16&#8243; global_colors_info=&#8220;{}&#8220;]<\/p>\n<h1>UNSER GR\u00dcNDER &#8211; MANUEL BARREIRO CASTA\u00d1EDA<\/h1>\n<p>[\/et_pb_text][et_pb_divider module_class=&#8220;separator&#8220; _builder_version=&#8220;4.16&#8243; global_colors_info=&#8220;{}&#8220;][\/et_pb_divider][et_pb_text module_class=&#8220;title-description&#8220; _builder_version=&#8220;4.16&#8243; global_colors_info=&#8220;{}&#8220;]Manuel Barreiro Casta\u00f1eda, ein erfahrener Immobilienmanager und Philanthrop, ist der Gr\u00fcnder und Vorsitzende der Aston Group.<br \/>\n[\/et_pb_text][\/et_pb_column][\/et_pb_row][\/et_pb_section][et_pb_section fb_built=&#8220;1&#8243; module_class=&#8220;bio-section&#8220; _builder_version=&#8220;4.16&#8243; global_colors_info=&#8220;{}&#8220;][et_pb_row column_structure=&#8220;2_3,1_3&#8243; _builder_version=&#8220;4.16&#8243; background_size=&#8220;initial&#8220; background_position=&#8220;top_left&#8220; background_repeat=&#8220;repeat&#8220; global_colors_info=&#8220;{}&#8220;][et_pb_column type=&#8220;2_3&#8243; _builder_version=&#8220;4.16&#8243; custom_padding=&#8220;|||&#8220; global_colors_info=&#8220;{}&#8220; custom_padding__hover=&#8220;|||&#8220;][et_pb_text _builder_version=&#8220;4.27.4&#8243; hover_enabled=&#8220;0&#8243; global_colors_info=&#8220;{}&#8220; sticky_enabled=&#8220;0&#8243;]<\/p>\n<h2><b>UNSER GR\u00dcNDER &#8211; MANUEL BARREIRO CASTA\u00d1EDA<\/b><\/h2>\n<p>&nbsp;<\/p>\n<p><b>Immobilienf\u00fchrer mit Schwerpunkt auf nachhaltiger Entwicklung<\/b><\/p>\n<p>Manuel Barreiro Casta\u00f1eda ist Gr\u00fcnder und Vorsitzender der <b>Aston Group<\/b>, einer Private-Equity-Gesellschaft mit \u00fcber <b>1 Milliarde US-Dollar an Investitionen<\/b> in Nordamerika und Europa. Mit mehr als zwanzig Jahren Erfahrung im internationalen Immobiliensektor hat er sich einen Ruf als <b>strategischer Vordenker<\/b> erworben \u2013 an der Schnittstelle von <b>Immobilien, Technologie, Nachhaltigkeit, Mobilit\u00e4t und Smart Cities<\/b>.<\/p>\n<p>Als \u00fcberzeugter Verfechter der <b>nachhaltigen Stadtentwicklung<\/b> integriert Herr Barreiro Casta\u00f1eda die <b>Ziele f\u00fcr nachhaltige Entwicklung (SDGs) der Vereinten Nationen<\/b> in die Projekte der Aston Group. Ziel ist es, die Lebensqualit\u00e4t zu verbessern, Ungleichheiten zu verringern und langfristigen Nutzen f\u00fcr die Gesellschaft zu schaffen. Sein Engagement geht \u00fcber die Wirtschaft hinaus: Er f\u00f6rdert aktiv <b>Unternehmertum und Innovation<\/b>, indem er junge Technologiegr\u00fcnder begleitet und ihnen hilft, ihre Ideen in international erfolgreiche Unternehmen umzusetzen.<\/p>\n<p>&nbsp;<\/p>\n<h3>Globale F\u00fchrungsrolle in Technologie und Nachhaltigkeit<\/h3>\n<p>Herr Barreiro Casta\u00f1eda ist aktives Mitglied der <b>Internationalen Fernmeldeunion (ITU)<\/b>, der UN-Sonderorganisation f\u00fcr Informations- und Kommunikationstechnologien. Zuvor war er <b>stellvertretender Vorsitzender der Arbeitsgruppe 8 zum Metaversum \u2013 Nachhaltigkeit, Barrierefreiheit und Inklusion<\/b>, wo er sich auf soziale Gerechtigkeit und \u00f6kologische Verantwortung in entstehenden virtuellen Welten konzentrierte. Heute ist er Mitglied des <b>Exekutivausschusses der Global Initiative on Virtual Worlds \u2013 Discovering the CitiVerse<\/b>, die politische Rahmenbedingungen f\u00fcr <b>offene, interoperable und gesellschaftlich verantwortungsvolle virtuelle Umgebungen<\/b> entwickelt.<\/p>\n<p>&nbsp;<\/p>\n<h3>Akademisches Engagement und Fachwissen<\/h3>\n<p>Neben seiner beruflichen Laufbahn ist Herr Barreiro Casta\u00f1eda auch im akademischen Bereich aktiv. Er ist Dozent im <b>Real Estate Programme der Universit\u00e4t Oxford<\/b>, wo er F\u00fchrungskr\u00e4ften aus aller Welt seine Expertise \u00fcber entwickelte und aufstrebende M\u00e4rkte vermittelt. Zudem absolvierte er das <b>Oxford Real Estate Programme<\/b> sowie das <b>Oxford Programme on Valuation of Private Assets<\/b>.<\/p>\n<p>Er besitzt einen <b>Executive MSc in Cities<\/b> von der <b>London School of Economics (LSE)<\/b> mit Schwerpunkt auf nachhaltiger Stadtentwicklung, Mobilit\u00e4t und Wasserwirtschaft. Dort vertiefte er sein Interesse an den <b>Anwendungen von K\u00fcnstlicher Intelligenz (KI) und dem Internet der Dinge (IoT) in der Stadtentwicklung<\/b>. Derzeit nimmt er am <b>Owner\/President Management Program<\/b> der <b>Harvard Business School<\/b> teil, um seine F\u00fchrungsqualit\u00e4ten weiter auszubauen.<\/p>\n<p>Sein akademischer Werdegang umfasst au\u00dferdem einen <b>MBA an der McCombs School of Business (University of Texas at Austin)<\/b> sowie einen <b>Bachelor in International Business vom ITESM<\/b>, erg\u00e4nzt durch Austauschprogramme in Japan und Argentinien. W\u00e4hrend seines Aufenthalts in Japan, wo er erlebte, wie Technologie das Leben benachteiligter Bev\u00f6lkerungsgruppen verbessern kann, entwickelte er seine lebenslange Mission: <b>bessere und inklusivere St\u00e4dte zu bauen \u2013 beginnend in seiner Heimat Mexiko<\/b>.<\/p>\n<p>&nbsp;<\/p>\n<h3>Anerkennung und gesellschaftliches Engagement<\/h3>\n<p>In Anerkennung seiner Beitr\u00e4ge zu <b>Bildung, Innovation und der Entwicklung Mexikos<\/b> erhielt Herr Barreiro Casta\u00f1eda die Auszeichnung eines <b>Ehrendoktors<\/b>. Dar\u00fcber hinaus ist er Pr\u00e4sident der <b>Aston Barreiro-Ugalde Stiftung<\/b> (<a href=\"http:\/\/www.astonfoundationbu.org\">astonfoundationbu.org<\/a>), einer gemeinn\u00fctzigen Organisation, die Kindern aus einkommensschwachen Familien Bildungschancen er\u00f6ffnet. In seiner Heimatstadt Quer\u00e9taro setzt er sich f\u00fcr <b>Nachhaltigkeitsinitiativen<\/b> insbesondere in den Bereichen Mobilit\u00e4t und Umwelt ein und tritt regelm\u00e4\u00dfig auf internationalen Foren zur <b>Zukunft der St\u00e4dte<\/b> als Redner auf.<\/p>\n<p>[\/et_pb_text][et_pb_code admin_label=&#8220;Social&#8220; _builder_version=&#8220;4.27.4&#8243; global_colors_info=&#8220;{}&#8220;]<\/p>\n<ul class=\"social\"><!-- [et_pb_line_break_holder] --><\/p>\n<li><a href=\"https:\/\/manuelbarreirocastaneda.com\/\" target=\"_blank\"><svg xmlns=\"http:\/\/www.w3.org\/2000\/svg\" viewBox=\"0 0 512 512\" width=\"30\"><path fill=\"#99c43f\" d=\"M352 256c0 22.2-1.2 43.6-3.3 64l-185.3 0c-2.2-20.4-3.3-41.8-3.3-64s1.2-43.6 3.3-64l185.3 0c2.2 20.4 3.3 41.8 3.3 64zm28.8-64l123.1 0c5.3 20.5 8.1 41.9 8.1 64s-2.8 43.5-8.1 64l-123.1 0c2.1-20.6 3.2-42 3.2-64s-1.1-43.4-3.2-64zm112.6-32l-116.7 0c-10-63.9-29.8-117.4-55.3-151.6c78.3 20.7 142 77.5 171.9 151.6zm-149.1 0l-176.6 0c6.1-36.4 15.5-68.6 27-94.7c10.5-23.6 22.2-40.7 33.5-51.5C239.4 3.2 248.7 0 256 0s16.6 3.2 27.8 13.8c11.3 10.8 23 27.9 33.5 51.5c11.6 26 20.9 58.2 27 94.7zm-209 0L18.6 160C48.6 85.9 112.2 29.1 190.6 8.4C165.1 42.6 145.3 96.1 135.3 160zM8.1 192l123.1 0c-2.1 20.6-3.2 42-3.2 64s1.1 43.4 3.2 64L8.1 320C2.8 299.5 0 278.1 0 256s2.8-43.5 8.1-64zM194.7 446.6c-11.6-26-20.9-58.2-27-94.6l176.6 0c-6.1 36.4-15.5 68.6-27 94.6c-10.5 23.6-22.2 40.7-33.5 51.5C272.6 508.8 263.3 512 256 512s-16.6-3.2-27.8-13.8c-11.3-10.8-23-27.9-33.5-51.5zM135.3 352c10 63.9 29.8 117.4 55.3 151.6C112.2 482.9 48.6 426.1 18.6 352l116.7 0zm358.1 0c-30 74.1-93.6 130.9-171.9 151.6c25.5-34.2 45.2-87.7 55.3-151.6l116.7 0z\"\/><\/svg><\/a><\/li>\n<p><!-- [et_pb_line_break_holder] --><\/p>\n<li><a href=\"https:\/\/www.linkedin.com\/in\/manuel-barreiro-casta%C3%B1eda-346470182\/\" target=\"_blank\"><svg xmlns=\"http:\/\/www.w3.org\/2000\/svg\" viewBox=\"0 0 448 512\" width=\"30\"><path fill=\"#99c43f\" d=\"M100.3 448H7.4V148.9h92.9zM53.8 108.1C24.1 108.1 0 83.5 0 53.8a53.8 53.8 0 0 1 107.6 0c0 29.7-24.1 54.3-53.8 54.3zM447.9 448h-92.7V302.4c0-34.7-.7-79.2-48.3-79.2-48.3 0-55.7 37.7-55.7 76.7V448h-92.8V148.9h89.1v40.8h1.3c12.4-23.5 42.7-48.3 87.9-48.3 94 0 111.3 61.9 111.3 142.3V448z\"\/><\/svg><\/a><\/li>\n<p><!-- [et_pb_line_break_holder] --><\/p>\n<li><a href=\"https:\/\/twitter.com\/manuelBarreiroC\" target=\"_blank\"><svg xmlns=\"http:\/\/www.w3.org\/2000\/svg\" viewBox=\"0 0 512 512\" width=\"30\"><path fill=\"#99c340\" d=\"M389.2 48h70.6L305.6 224.2 487 464H345L233.7 318.6 106.5 464H35.8L200.7 275.5 26.8 48H172.4L272.9 180.9 389.2 48zM364.4 421.8h39.1L151.1 88h-42L364.4 421.8z\"\/><\/svg><\/a><\/li>\n<p><!-- [et_pb_line_break_holder] --><\/ul>\n<p>[\/et_pb_code][\/et_pb_column][et_pb_column type=&#8220;1_3&#8243; _builder_version=&#8220;4.16&#8243; custom_padding=&#8220;|||&#8220; global_colors_info=&#8220;{}&#8220; custom_padding__hover=&#8220;|||&#8220;][et_pb_image src=&#8220;https:\/\/aston.ch\/wp-content\/uploads\/2022\/09\/manuel-barreiro.jpg&#8220; align_tablet=&#8220;center&#8220; align_phone=&#8220;center&#8220; align_last_edited=&#8220;on|desktop&#8220; _builder_version=&#8220;4.16&#8243; global_colors_info=&#8220;{}&#8220;][\/et_pb_image][\/et_pb_column][\/et_pb_row][\/et_pb_section]<\/p>\n","protected":false},"excerpt":{"rendered":"<p>UNSER GR\u00dcNDER &#8211; MANUEL BARREIRO CASTA\u00d1EDA Manuel Barreiro Casta\u00f1eda, ein erfahrener Immobilienmanager und Philanthrop, ist der Gr\u00fcnder und Vorsitzende der Aston Group. UNSER GR\u00dcNDER &#8211; MANUEL BARREIRO CASTA\u00d1EDA &nbsp; Immobilienf\u00fchrer mit Schwerpunkt auf nachhaltiger Entwicklung Manuel Barreiro Casta\u00f1eda ist Gr\u00fcnder und Vorsitzender der Aston Group, einer Private-Equity-Gesellschaft mit \u00fcber 1 Milliarde US-Dollar an Investitionen in [&hellip;]<\/p>\n","protected":false},"author":1,"featured_media":0,"parent":0,"menu_order":0,"comment_status":"closed","ping_status":"closed","template":"","meta":{"_et_pb_use_builder":"on","_et_pb_old_content":"","_et_gb_content_width":"","ngg_post_thumbnail":0,"footnotes":""},"class_list":["post-975","page","type-page","status-publish","hentry"],"_links":{"self":[{"href":"https:\/\/aston.ch\/de\/wp-json\/wp\/v2\/pages\/975","targetHints":{"allow":["GET"]}}],"collection":[{"href":"https:\/\/aston.ch\/de\/wp-json\/wp\/v2\/pages"}],"about":[{"href":"https:\/\/aston.ch\/de\/wp-json\/wp\/v2\/types\/page"}],"author":[{"embeddable":true,"href":"https:\/\/aston.ch\/de\/wp-json\/wp\/v2\/users\/1"}],"replies":[{"embeddable":true,"href":"https:\/\/aston.ch\/de\/wp-json\/wp\/v2\/comments?post=975"}],"version-history":[{"count":7,"href":"https:\/\/aston.ch\/de\/wp-json\/wp\/v2\/pages\/975\/revisions"}],"predecessor-version":[{"id":2168,"href":"https:\/\/aston.ch\/de\/wp-json\/wp\/v2\/pages\/975\/revisions\/2168"}],"wp:attachment":[{"href":"https:\/\/aston.ch\/de\/wp-json\/wp\/v2\/media?parent=975"}],"curies":[{"name":"wp","href":"https:\/\/api.w.org\/{rel}","templated":true}]}}