{"id":852,"date":"2019-03-05T10:18:56","date_gmt":"2019-03-05T10:18:56","guid":{"rendered":"https:\/\/aston.ch\/politica-sui-cookie\/"},"modified":"2025-06-12T08:21:18","modified_gmt":"2025-06-12T08:21:18","slug":"cookie-policy","status":"publish","type":"page","link":"https:\/\/aston.ch\/de\/cookie-policy\/","title":{"rendered":"Cookie policy"},"content":{"rendered":"<p>[et_pb_section fb_built=&#8220;1&#8243; admin_label=&#8220;section&#8220; _builder_version=&#8220;4.16&#8243; global_colors_info=&#8220;{}&#8220;][et_pb_row admin_label=&#8220;row&#8220; _builder_version=&#8220;4.16&#8243; background_size=&#8220;initial&#8220; background_position=&#8220;top_left&#8220; background_repeat=&#8220;repeat&#8220; global_colors_info=&#8220;{}&#8220;][et_pb_column type=&#8220;4_4&#8243; _builder_version=&#8220;4.16&#8243; custom_padding=&#8220;|||&#8220; global_colors_info=&#8220;{}&#8220; custom_padding__hover=&#8220;|||&#8220;][et_pb_text admin_label=&#8220;Text&#8220; _builder_version=&#8220;4.27.4&#8243; background_size=&#8220;initial&#8220; background_position=&#8220;top_left&#8220; background_repeat=&#8220;repeat&#8220; hover_enabled=&#8220;0&#8243; global_colors_info=&#8220;{}&#8220; sticky_enabled=&#8220;0&#8243;]<\/p>\n<h3><b>WAS SIND COOKIES?<\/b><\/h3>\n<p><span style=\"font-weight: 400;\">Cookies sind kleine Textdateien, die bestimmte Websites auf den Computern und mobilen Ger\u00e4ten der Nutzer speichern. Diese Dateien werden in der Regel verwendet, um die Benutzererfahrung zu verbessern, indem Informationen \u00fcber das Surfverhalten gesammelt werden. Abh\u00e4ngig von den gespeicherten Informationen k\u00f6nnen sie auch zur Wiedererkennung des Nutzers verwendet werden. Der Browser speichert Cookies nur w\u00e4hrend der aktiven Sitzung auf der Festplatte und beansprucht daher nur minimalen Speicherplatz, ohne den Computer zu besch\u00e4digen.<\/span><\/p>\n<p><span style=\"font-weight: 400;\">Cookies enthalten keine spezifischen personenbezogenen Daten; meist werden sie am Ende der Sitzung gel\u00f6scht (sogenannte \u201eSitzungscookies\u201c).<\/span><\/p>\n<p>Die meisten Webbrowser akzeptieren Cookies standardm\u00e4\u00dfig und erm\u00f6glichen unabh\u00e4ngig davon die Verwaltung von tempor\u00e4ren oder gespeicherten Cookies in den Sicherheitseinstellungen.<\/p>\n<h3>&nbsp;<\/h3>\n<h3><b>WELCHE ARTEN VON COOKIES VERWENDEN WIR?<\/b><\/h3>\n<p><span style=\"font-weight: 400;\">Diese Website verwendet folgende Arten von Cookies:<\/span><\/p>\n<p><strong>Analyse-Cookies:<\/strong>&nbsp;<span style=\"font-weight: 400;\">Diese Cookies sammeln Informationen und verfolgen Website-Besucher, um zu verstehen, wie unsere Website genutzt wird. Diese Daten helfen dabei, die Leistung der Website zu verbessern.<\/span><\/p>\n<p><strong>Technische Cookies:<\/strong><span style=\"font-weight: 400;\">Diese Cookies erm\u00f6glichen dem Nutzer, auf der Website zu navigieren und die verschiedenen Optionen oder Dienste zu nutzen, wie z.B. einen Online-Kauf.<\/span><\/p>\n<p><span style=\"font-weight: 400;\"><strong>Personalisierungs-Cookies:<\/strong>Diese Cookies k\u00f6nnen von dieser Website oder einem Dritten gesetzt werden; sie erm\u00f6glichen den Zugriff auf Webdienste mit bestimmten vordefinierten Merkmalen wie Spracheinstellungen, Browsertyp, regionale Konfiguration usw.<\/span><\/p>\n<p><b>Werbe-Cookies:<\/b> <span style=\"font-weight: 400;\">Diese Cookies k\u00f6nnen von dieser Website oder von Dritten gesetzt werden und dienen dazu, Werbung gezielt an den Nutzer zu richten und sein Surfverhalten \u00fcber mehrere Websites hinweg zu verfolgen.<\/span><\/p>\n<p><b>Verhaltensbasierte Werbe-Cookies:<\/b><span style=\"font-weight: 400;\">Diese Cookies werden von unseren Werbepartnern gesetzt, um verhaltensbezogene Werbung und Remarketing-Analysen bereitzustellen. Sie sammeln Informationen \u00fcber das Surfverhalten zur Erstellung von Nutzerprofilen.<\/span><\/p>\n<p>&nbsp;<\/p>\n<h3><b>BLOCKIERUNG VON COOKIES.<\/b><\/h3>\n<p>Sie k\u00f6nnen Cookies \u00fcber die Einstellungen Ihres Browsers erlauben, blockieren oder l\u00f6schen. Die meisten Browser bieten die M\u00f6glichkeit, installierte Cookies zu blockieren oder zu l\u00f6schen.<\/p>\n<p><span style=\"font-weight: 400;\">Nachfolgend finden Sie die Konfigurationseinstellungen der g\u00e4ngigsten Webbrowser zum Akzeptieren, Installieren oder Deaktivieren von Cookies:<\/span><\/p>\n<p><a href=\"https:\/\/support.google.com\/chrome\/answer\/95647?hl=es\" target=\"_blank\" rel=\"noopener noreferrer\"><span style=\"font-weight: 400;\">Cookie-Einstellungen in Google Chrome<\/span><\/a><\/p>\n<p><a href=\"http:\/\/windows.microsoft.com\/es-es\/windows7\/how-to-manage-cookies-in-internet-explorer-9\" target=\"_blank\" rel=\"noopener noreferrer\"><span style=\"font-weight: 400;\">Cookie-Einstellungen in Microsoft Internet Explorer<\/span><\/a><\/p>\n<p><a href=\"https:\/\/support.mozilla.org\/es\/kb\/habilitar-y-deshabilitar-cookies-sitios-web-rastrear-preferencias?redirectlocale=es&amp;redirectslug=habilitar-y-deshabilitar-cookies-que-los-sitios-we\" target=\"_blank\" rel=\"noopener noreferrer\"><span style=\"font-weight: 400;\">Cookie-Einstellungen in Mozilla Firefox<\/span><\/a><\/p>\n<p><a href=\"https:\/\/support.apple.com\/es-es\/HT201265\" target=\"_blank\" rel=\"noopener noreferrer\"><span style=\"font-weight: 400;\">Cookie-Einstellungen in Safari (Apple)<\/span><\/a><\/p>\n<h3>&nbsp;<\/h3>\n<h3><b>COOKIES VON DRITTANBIETERN.<\/b><\/h3>\n<p>Diese Website verwendet Dienste von Drittanbietern zur Sammlung statistischer Informationen. Wir verwenden Google Adsense und Google Analytics f\u00fcr Statistik und Marketing. Einige dieser Cookies sind f\u00fcr die Funktionalit\u00e4t der Seite erforderlich. \u00dcber die enthaltenen Schaltfl\u00e4chen k\u00f6nnen Inhalte auf sozialen Netzwerken geteilt werden.<\/p>\n<h4><b>WARNUNG BEIM L\u00d6SCHEN VON COOKIES.<\/b><\/h4>\n<p><span style=\"font-weight: 400;\">Wenn Sie Cookies blockieren oder l\u00f6schen, kann dies Ihre Nutzung bestimmter Bereiche der Website einschr\u00e4nken. Bei Fragen zur Cookie-Richtlinie k\u00f6nnen Sie uns kontaktieren.<\/span><\/p>\n<p>[\/et_pb_text][\/et_pb_column][\/et_pb_row][\/et_pb_section]<\/p>\n","protected":false},"excerpt":{"rendered":"<p>WAS SIND COOKIES? Cookies sind kleine Textdateien, die bestimmte Websites auf den Computern und mobilen Ger\u00e4ten der Nutzer speichern. Diese Dateien werden in der Regel verwendet, um die Benutzererfahrung zu verbessern, indem Informationen \u00fcber das Surfverhalten gesammelt werden. Abh\u00e4ngig von den gespeicherten Informationen k\u00f6nnen sie auch zur Wiedererkennung des Nutzers verwendet werden. Der Browser speichert [&hellip;]<\/p>\n","protected":false},"author":1,"featured_media":0,"parent":0,"menu_order":0,"comment_status":"closed","ping_status":"open","template":"","meta":{"_et_pb_use_builder":"on","_et_pb_old_content":"<h2>Qui\u00e9nes somos<\/h2>\r\n\r\n<p>La direcci\u00f3n de nuestra web es: https:\/\/aston.ch.<\/p>\r\n\r\n<h2>Qu\u00e9 datos personales recogemos y por qu\u00e9 los recogemos<\/h2>\r\n\r\n<h3>Comentarios<\/h3>\r\n\r\n<p>Cuando los visitantes dejan comentarios en la web, recopilamos los datos que se muestran en el formulario de comentarios, as\u00ed como la direcci\u00f3n IP del visitante y la cadena de agentes de usuario del navegador para ayudar a la detecci\u00f3n de spam.<\/p>\r\n\r\n<p>Una cadena an\u00f3nima creada a partir de tu direcci\u00f3n de correo electr\u00f3nico (tambi\u00e9n llamada hash) puede ser proporcionada al servicio de Gravatar para ver si la est\u00e1s usando. La pol\u00edtica de privacidad del servicio Gravatar est\u00e1 disponible aqu\u00ed: https:\/\/automattic.com\/privacy\/. Despu\u00e9s de la aprobaci\u00f3n de tu comentario, la imagen de tu perfil es visible para el p\u00fablico en el contexto de su comentario.<\/p>\r\n\r\n<h3>Medios<\/h3>\r\n\r\n<p>Si subes im\u00e1genes a la web deber\u00edas evitar subir im\u00e1genes con datos de ubicaci\u00f3n (GPS EXIF) incluidos. Los visitantes de la web pueden descargar y extraer cualquier dato de localizaci\u00f3n de las im\u00e1genes de la web.<\/p>\r\n\r\n<h3>Formularios de contacto<\/h3>\r\n\r\n<h3>Cookies<\/h3>\r\n\r\n<p>Si dejas un comentario en nuestro sitio puedes elegir guardar tu nombre, direcci\u00f3n de correo electr\u00f3nico y web en cookies. Esto es para tu comodidad, para que no tengas que volver a rellenar tus datos cuando dejes otro comentario. Estas cookies tendr\u00e1n una duraci\u00f3n de un a\u00f1o.<\/p>\r\n\r\n<p>Si tienes una cuenta y te conectas a este sitio, instalaremos una cookie temporal para determinar si tu navegador acepta cookies. Esta cookie no contiene datos personales y se elimina al cerrar el navegador.<\/p>\r\n\r\n<p>Cuando inicias sesi\u00f3n, tambi\u00e9n instalaremos varias cookies para guardar tu informaci\u00f3n de inicio de sesi\u00f3n y tus opciones de visualizaci\u00f3n de pantalla. Las cookies de inicio de sesi\u00f3n duran dos d\u00edas, y las cookies de opciones de pantalla duran un a\u00f1o. Si seleccionas \"Recordarme\", tu inicio de sesi\u00f3n perdurar\u00e1 durante dos semanas. Si sales de tu cuenta, las cookies de inicio de sesi\u00f3n se eliminar\u00e1n.<\/p>\r\n\r\n<p>Si editas o publicas un art\u00edculo se guardar\u00e1 una cookie adicional en tu navegador. Esta cookie no incluye datos personales y simplemente indica el ID del art\u00edculo que acabas de editar. Caduca despu\u00e9s de 1 d\u00eda.<\/p>\r\n\r\n<h3>Contenido incrustado de otros sitios web<\/h3>\r\n\r\n<p>Los art\u00edculos de este sitio pueden incluir contenido incrustado (por ejemplo, v\u00eddeos, im\u00e1genes, art\u00edculos, etc.). El contenido incrustado de otras web se comporta exactamente de la misma manera que si el visitante hubiera visitado la otra web.<\/p>\r\n\r\n<p>Estas web pueden recopilar datos sobre ti, utilizar cookies, incrustar un seguimiento adicional de terceros, y supervisar tu interacci\u00f3n con ese contenido incrustado, incluido el seguimiento de tu interacci\u00f3n con el contenido incrustado si tienes una cuenta y est\u00e1s conectado a esa web.<\/p>\r\n\r\n<h3>Anal\u00edtica<\/h3>\r\n\r\n<h2>Con qui\u00e9n compartimos tus datos<\/h2>\r\n\r\n<h2>Cu\u00e1nto tiempo conservamos tus datos<\/h2>\r\n\r\n<p>Si dejas un comentario, el comentario y sus metadatos se conservan indefinidamente. Esto es para que podamos reconocer y aprobar comentarios sucesivos autom\u00e1ticamente en lugar de mantenerlos en una cola de moderaci\u00f3n.<\/p>\r\n\r\n<p>De los usuarios que se registran en nuestra web (si los hay), tambi\u00e9n almacenamos la informaci\u00f3n personal que proporcionan en su perfil de usuario. Todos los usuarios pueden ver, editar o eliminar su informaci\u00f3n personal en cualquier momento (excepto que no pueden cambiar su nombre de usuario). Los administradores de la web tambi\u00e9n pueden ver y editar esa informaci\u00f3n.<\/p>\r\n\r\n<h2>Qu\u00e9 derechos tienes sobre tus datos<\/h2>\r\n\r\n<p>Si tienes una cuenta o has dejado comentarios en esta web, puedes solicitar recibir un archivo de exportaci\u00f3n de los datos personales que tenemos sobre ti, incluyendo cualquier dato que nos hayas proporcionado. Tambi\u00e9n puedes solicitar que eliminemos cualquier dato personal que tengamos sobre ti. Esto no incluye ning\u00fan dato que estemos obligados a conservar con fines administrativos, legales o de seguridad.<\/p>\r\n\r\n<h2>D\u00f3nde enviamos tus datos<\/h2>\r\n\r\n<p>Los comentarios de los visitantes puede que los revise un servicio de detecci\u00f3n autom\u00e1tica de spam.<\/p>\r\n\r\n<h2>Tu informaci\u00f3n de contacto<\/h2>\r\n\r\n<h2>Informaci\u00f3n adicional<\/h2>\r\n\r\n<h3>C\u00f3mo protegemos tus datos<\/h3>\r\n\r\n<h3>Qu\u00e9 procedimientos utilizamos contra las brechas de datos<\/h3>\r\n\r\n<h3>De qu\u00e9 terceros recibimos datos<\/h3>\r\n\r\n<h3>Qu\u00e9 tipo de toma de decisiones automatizada y\/o perfilado hacemos con los datos del usuario<\/h3>\r\n\r\n<h3>Requerimientos regulatorios de revelaci\u00f3n de informaci\u00f3n del sector<\/h3>\r\n","_et_gb_content_width":"","ngg_post_thumbnail":0,"footnotes":""},"class_list":["post-852","page","type-page","status-publish","hentry"],"_links":{"self":[{"href":"https:\/\/aston.ch\/de\/wp-json\/wp\/v2\/pages\/852","targetHints":{"allow":["GET"]}}],"collection":[{"href":"https:\/\/aston.ch\/de\/wp-json\/wp\/v2\/pages"}],"about":[{"href":"https:\/\/aston.ch\/de\/wp-json\/wp\/v2\/types\/page"}],"author":[{"embeddable":true,"href":"https:\/\/aston.ch\/de\/wp-json\/wp\/v2\/users\/1"}],"replies":[{"embeddable":true,"href":"https:\/\/aston.ch\/de\/wp-json\/wp\/v2\/comments?post=852"}],"version-history":[{"count":6,"href":"https:\/\/aston.ch\/de\/wp-json\/wp\/v2\/pages\/852\/revisions"}],"predecessor-version":[{"id":2121,"href":"https:\/\/aston.ch\/de\/wp-json\/wp\/v2\/pages\/852\/revisions\/2121"}],"wp:attachment":[{"href":"https:\/\/aston.ch\/de\/wp-json\/wp\/v2\/media?parent=852"}],"curies":[{"name":"wp","href":"https:\/\/api.w.org\/{rel}","templated":true}]}}