{"id":827,"date":"2019-02-28T12:40:39","date_gmt":"2019-02-28T12:40:39","guid":{"rendered":"https:\/\/aston.ch\/sostenibilita\/"},"modified":"2025-05-21T07:50:10","modified_gmt":"2025-05-21T07:50:10","slug":"nachhaltigkeit","status":"publish","type":"page","link":"https:\/\/aston.ch\/de\/nachhaltigkeit\/","title":{"rendered":"Nachhaltigkeit"},"content":{"rendered":"<p>[et_pb_section fb_built=&#8220;1&#8243; _builder_version=&#8220;4.16&#8243; global_colors_info=&#8220;{}&#8220;][et_pb_row module_class=&#8220;full-width-row sustainability-row-title h500&#8243; _builder_version=&#8220;4.27.4&#8243; background_image=&#8220;https:\/\/aston.ch\/wp-content\/uploads\/2025\/05\/sustainability-1.jpg&#8220; global_colors_info=&#8220;{}&#8220;][et_pb_column type=&#8220;4_4&#8243; _builder_version=&#8220;4.16&#8243; custom_padding=&#8220;|||&#8220; global_colors_info=&#8220;{}&#8220; custom_padding__hover=&#8220;|||&#8220;][et_pb_text admin_label=&#8220;Sustainability&#8220; _builder_version=&#8220;4.16&#8243; global_colors_info=&#8220;{}&#8220;]<\/p>\n<h1>Nachhaltigkeit<\/h1>\n<p>[\/et_pb_text][et_pb_divider module_class=&#8220;separator&#8220; _builder_version=&#8220;4.16&#8243; global_colors_info=&#8220;{}&#8220;][\/et_pb_divider][\/et_pb_column][\/et_pb_row][et_pb_row column_structure=&#8220;1_3,2_3&#8243; make_equal=&#8220;on&#8220; module_class=&#8220;full-width-row h500&#8243; _builder_version=&#8220;4.27.4&#8243; global_colors_info=&#8220;{}&#8220;][et_pb_column type=&#8220;1_3&#8243; module_class=&#8220;container-block&#8220; _builder_version=&#8220;4.16&#8243; custom_padding=&#8220;|||&#8220; global_colors_info=&#8220;{}&#8220; custom_padding__hover=&#8220;|||&#8220;][et_pb_text _builder_version=&#8220;4.16&#8243; global_colors_info=&#8220;{}&#8220;]<\/p>\n<h2>Werte zuerst<\/h2>\n<p>[\/et_pb_text][et_pb_divider module_class=&#8220;separator&#8220; _builder_version=&#8220;4.16&#8243; global_colors_info=&#8220;{}&#8220;][\/et_pb_divider][et_pb_text module_class=&#8220;title-description&#8220; _builder_version=&#8220;4.16&#8243; global_colors_info=&#8220;{}&#8220;]Bei jedem Projekt, das wir in Angriff nehmen, unabh\u00e4ngig von seiner Gr\u00f6\u00dfe, konzentrieren wir uns auf den Schutz der Menschen und der Umwelt und versuchen, die lokale wirtschaftliche Entwicklung zu f\u00f6rdern.<br \/>\n[\/et_pb_text][\/et_pb_column][et_pb_column type=&#8220;2_3&#8243; module_class=&#8220;container-block-list&#8220; _builder_version=&#8220;4.27.4&#8243; background_image=&#8220;https:\/\/aston.ch\/wp-content\/uploads\/2025\/05\/sustainability-2.jpg&#8220; custom_padding=&#8220;|||&#8220; global_colors_info=&#8220;{}&#8220; custom_padding__hover=&#8220;|||&#8220;][et_pb_text module_class=&#8220;block-list&#8220; _builder_version=&#8220;4.16&#8243; global_colors_info=&#8220;{}&#8220;]<\/p>\n<ul>\n<li>Verantwortung<\/li>\n<li>Verbindlichkeit<\/li>\n<li>Akquisition von<\/li>\n<li>Talenten<\/li>\n<li>Leistungsorientiert<\/li>\n<li>Innovation<\/li>\n<\/ul>\n<p>[\/et_pb_text][\/et_pb_column][\/et_pb_row][et_pb_row column_structure=&#8220;2_3,1_3&#8243; make_equal=&#8220;on&#8220; module_class=&#8220;full-width-row h500&#8243; _builder_version=&#8220;4.27.4&#8243; global_colors_info=&#8220;{}&#8220;][et_pb_column type=&#8220;2_3&#8243; module_class=&#8220;container-block-list container-block-list-right&#8220; _builder_version=&#8220;4.27.4&#8243; background_image=&#8220;https:\/\/aston.ch\/wp-content\/uploads\/2025\/05\/sustainability-3.jpg&#8220; custom_padding=&#8220;|||&#8220; global_colors_info=&#8220;{}&#8220; custom_padding__hover=&#8220;|||&#8220;][et_pb_text module_class=&#8220;block-list&#8220; _builder_version=&#8220;4.16&#8243; global_colors_info=&#8220;{}&#8220;]<\/p>\n<ul>\n<li>Renovierung<\/li>\n<li>Optimale Geb\u00e4udeleistung<\/li>\n<li>Dienst an der Gmeinschaft<\/li>\n<\/ul>\n<p>[\/et_pb_text][\/et_pb_column][et_pb_column type=&#8220;1_3&#8243; module_class=&#8220;container-block&#8220; _builder_version=&#8220;4.16&#8243; custom_padding=&#8220;|||&#8220; global_colors_info=&#8220;{}&#8220; custom_padding__hover=&#8220;|||&#8220;][et_pb_text _builder_version=&#8220;4.16&#8243; global_colors_info=&#8220;{}&#8220;]<\/p>\n<h2>\u00d6kologische nachhaltigkeit<\/h2>\n<p>[\/et_pb_text][et_pb_divider module_class=&#8220;separator&#8220; _builder_version=&#8220;4.16&#8243; global_colors_info=&#8220;{}&#8220;][\/et_pb_divider][et_pb_text module_class=&#8220;title-description&#8220; _builder_version=&#8220;4.16&#8243; global_colors_info=&#8220;{}&#8220;]Wir bem\u00fchen uns um einen positiven und verantwortungsvollen Einfluss auf unseren Planeten, indem wir umweltfreundliche Projekte durchf\u00fchren.<br \/>\n[\/et_pb_text][\/et_pb_column][\/et_pb_row][\/et_pb_section]<\/p>\n","protected":false},"excerpt":{"rendered":"<p>Nachhaltigkeit Werte zuerst Bei jedem Projekt, das wir in Angriff nehmen, unabh\u00e4ngig von seiner Gr\u00f6\u00dfe, konzentrieren wir uns auf den Schutz der Menschen und der Umwelt und versuchen, die lokale wirtschaftliche Entwicklung zu f\u00f6rdern. Verantwortung Verbindlichkeit Akquisition von Talenten Leistungsorientiert Innovation Renovierung Optimale Geb\u00e4udeleistung Dienst an der Gmeinschaft \u00d6kologische nachhaltigkeit Wir bem\u00fchen uns um einen [&hellip;]<\/p>\n","protected":false},"author":1,"featured_media":0,"parent":0,"menu_order":0,"comment_status":"closed","ping_status":"closed","template":"","meta":{"_et_pb_use_builder":"on","_et_pb_old_content":"","_et_gb_content_width":"","ngg_post_thumbnail":0,"footnotes":""},"class_list":["post-827","page","type-page","status-publish","hentry"],"_links":{"self":[{"href":"https:\/\/aston.ch\/de\/wp-json\/wp\/v2\/pages\/827","targetHints":{"allow":["GET"]}}],"collection":[{"href":"https:\/\/aston.ch\/de\/wp-json\/wp\/v2\/pages"}],"about":[{"href":"https:\/\/aston.ch\/de\/wp-json\/wp\/v2\/types\/page"}],"author":[{"embeddable":true,"href":"https:\/\/aston.ch\/de\/wp-json\/wp\/v2\/users\/1"}],"replies":[{"embeddable":true,"href":"https:\/\/aston.ch\/de\/wp-json\/wp\/v2\/comments?post=827"}],"version-history":[{"count":7,"href":"https:\/\/aston.ch\/de\/wp-json\/wp\/v2\/pages\/827\/revisions"}],"predecessor-version":[{"id":1903,"href":"https:\/\/aston.ch\/de\/wp-json\/wp\/v2\/pages\/827\/revisions\/1903"}],"wp:attachment":[{"href":"https:\/\/aston.ch\/de\/wp-json\/wp\/v2\/media?parent=827"}],"curies":[{"name":"wp","href":"https:\/\/api.w.org\/{rel}","templated":true}]}}