{"id":814,"date":"2019-02-28T12:29:49","date_gmt":"2019-02-28T12:29:49","guid":{"rendered":"https:\/\/aston.ch\/localizzazioni\/"},"modified":"2025-06-04T05:06:49","modified_gmt":"2025-06-04T05:06:49","slug":"standorte","status":"publish","type":"page","link":"https:\/\/aston.ch\/de\/standorte\/","title":{"rendered":"Standorte"},"content":{"rendered":"<p>[et_pb_section fb_built=&#8220;1&#8243; module_class=&#8220;container-location&#8220; _builder_version=&#8220;4.27.4&#8243; hover_enabled=&#8220;0&#8243; global_colors_info=&#8220;{}&#8220; background_last_edited=&#8220;on|tablet&#8220; background_color=&#8220;#010020&#8243; sticky_enabled=&#8220;0&#8243; background_color_tablet=&#8220;RGBA(255,255,255,0)&#8220; background_enable_color_tablet=&#8220;on&#8220; background_color_phone=&#8220;RGBA(255,255,255,0)&#8220; background_enable_color_phone=&#8220;on&#8220; title_text=&#8220;Mapamundi-ALEMAN-txt-RU&#8220; background_image=&#8220;https:\/\/aston.ch\/wp-content\/uploads\/2025\/05\/Mapamundi-ALEMAN-txt-RU.jpg&#8220; background_size=&#8220;contain&#8220; background_enable_image_tablet=&#8220;off&#8220;][et_pb_row disabled_on=&#8220;on|on|&#8220; module_class=&#8220;full-width-row container-locations&#8220; _builder_version=&#8220;4.27.4&#8243; hover_enabled=&#8220;0&#8243; global_colors_info=&#8220;{}&#8220; background_enable_image=&#8220;off&#8220; sticky_enabled=&#8220;0&#8243; background_last_edited=&#8220;on|phone&#8220;][et_pb_column type=&#8220;4_4&#8243; _builder_version=&#8220;4.16&#8243; custom_padding=&#8220;|||&#8220; global_colors_info=&#8220;{}&#8220; custom_padding__hover=&#8220;|||&#8220;][et_pb_text _builder_version=&#8220;4.16&#8243; global_colors_info=&#8220;{}&#8220;]<\/p>\n<h1>Standorte<\/h1>\n<p>[\/et_pb_text][et_pb_divider module_class=&#8220;separator&#8220; _builder_version=&#8220;4.16&#8243; global_colors_info=&#8220;{}&#8220;][\/et_pb_divider][\/et_pb_column][\/et_pb_row][et_pb_row disabled_on=&#8220;|off|on&#8220; module_class=&#8220; et_pb_row_fullwidth&#8220; _builder_version=&#8220;4.16&#8243; width=&#8220;89%&#8220; width_tablet=&#8220;80%&#8220; width_phone=&#8220;80%&#8220; width_last_edited=&#8220;on|desktop&#8220; max_width=&#8220;89%&#8220; max_width_tablet=&#8220;80%&#8220; max_width_phone=&#8220;80%&#8220; max_width_last_edited=&#8220;on|desktop&#8220; make_fullwidth=&#8220;on&#8220; global_colors_info=&#8220;{}&#8220;][et_pb_column type=&#8220;4_4&#8243; _builder_version=&#8220;4.16&#8243; custom_padding=&#8220;|||&#8220; global_colors_info=&#8220;{}&#8220; custom_padding__hover=&#8220;|||&#8220;][et_pb_image _builder_version=&#8220;4.27.4&#8243; _module_preset=&#8220;default&#8220; hover_enabled=&#8220;0&#8243; sticky_enabled=&#8220;0&#8243; src_last_edited=&#8220;on|tablet&#8220; title_text=&#8220;ubicaciones-DE-430&#8243; src_tablet=&#8220;https:\/\/aston.ch\/wp-content\/uploads\/2025\/06\/ubicaciones-DE-1024.jpg&#8220; src_phone=&#8220;https:\/\/aston.ch\/wp-content\/uploads\/2025\/06\/ubicaciones-DE-430.jpg&#8220; url=&#8220;@ET-DC@eyJkeW5hbWljIjp0cnVlLCJjb250ZW50IjoicG9zdF9saW5rX3VybF9hdHRhY2htZW50Iiwic2V0dGluZ3MiOnsicG9zdF9pZCI6IjEwNzAifX0=@&#8220; _dynamic_attributes=&#8220;url&#8220; url_new_window=&#8220;on&#8220;][\/et_pb_image][et_pb_text _builder_version=&#8220;4.16&#8243; global_colors_info=&#8220;{}&#8220;]<\/p>\n<h1>Standorte<\/h1>\n<p>[\/et_pb_text][et_pb_divider module_class=&#8220;separator&#8220; _builder_version=&#8220;4.16&#8243; global_colors_info=&#8220;{}&#8220;][\/et_pb_divider][et_pb_text _builder_version=&#8220;4.27.4&#8243; global_colors_info=&#8220;{}&#8220;]<\/p>\n<ul>\n<li>Kanada<\/li>\n<li>Vereinigte Staaten<\/li>\n<li>Mexiko<\/li>\n<li>Vereinigtes K\u00f6nigreich<\/li>\n<li>Frankreich<\/li>\n<li>Spanien<\/li>\n<li>Deutschland<\/li>\n<li>Schweiz<\/li>\n<li>\u00d6sterreich<\/li>\n<li>Albanien<\/li>\n<li>Ungarn<\/li>\n<li>Rum\u00e4nien<\/li>\n<li>Kosovo<\/li>\n<li>Nordmazedonien<\/li>\n<\/ul>\n<p>[\/et_pb_text][\/et_pb_column][\/et_pb_row][\/et_pb_section]<\/p>\n","protected":false},"excerpt":{"rendered":"<p>Standorte Standorte Kanada Vereinigte Staaten Mexiko Vereinigtes K\u00f6nigreich Frankreich Spanien Deutschland Schweiz \u00d6sterreich Albanien Ungarn Rum\u00e4nien Kosovo Nordmazedonien<\/p>\n","protected":false},"author":1,"featured_media":0,"parent":0,"menu_order":0,"comment_status":"closed","ping_status":"closed","template":"","meta":{"_et_pb_use_builder":"on","_et_pb_old_content":"","_et_gb_content_width":"","ngg_post_thumbnail":0,"footnotes":""},"class_list":["post-814","page","type-page","status-publish","hentry"],"_links":{"self":[{"href":"https:\/\/aston.ch\/de\/wp-json\/wp\/v2\/pages\/814","targetHints":{"allow":["GET"]}}],"collection":[{"href":"https:\/\/aston.ch\/de\/wp-json\/wp\/v2\/pages"}],"about":[{"href":"https:\/\/aston.ch\/de\/wp-json\/wp\/v2\/types\/page"}],"author":[{"embeddable":true,"href":"https:\/\/aston.ch\/de\/wp-json\/wp\/v2\/users\/1"}],"replies":[{"embeddable":true,"href":"https:\/\/aston.ch\/de\/wp-json\/wp\/v2\/comments?post=814"}],"version-history":[{"count":11,"href":"https:\/\/aston.ch\/de\/wp-json\/wp\/v2\/pages\/814\/revisions"}],"predecessor-version":[{"id":2090,"href":"https:\/\/aston.ch\/de\/wp-json\/wp\/v2\/pages\/814\/revisions\/2090"}],"wp:attachment":[{"href":"https:\/\/aston.ch\/de\/wp-json\/wp\/v2\/media?parent=814"}],"curies":[{"name":"wp","href":"https:\/\/api.w.org\/{rel}","templated":true}]}}