{"id":806,"date":"2019-03-01T11:24:20","date_gmt":"2019-03-01T11:24:20","guid":{"rendered":"https:\/\/aston.ch\/chi-siamo\/"},"modified":"2025-05-20T14:42:47","modified_gmt":"2025-05-20T14:42:47","slug":"wer-sind-wir","status":"publish","type":"page","link":"https:\/\/aston.ch\/de\/wer-sind-wir\/","title":{"rendered":"Wer sind wir"},"content":{"rendered":"<p>[et_pb_section fb_built=&#8220;1&#8243; disabled_on=&#8220;off|off|off&#8220; _builder_version=&#8220;4.16&#8243; global_colors_info=&#8220;{}&#8220; collapsed=&#8220;on&#8220;][et_pb_row module_class=&#8220;full-width-row who-we-are-row-title h500&#8243; _builder_version=&#8220;4.16&#8243; background_image=&#8220;https:\/\/aston.ch\/wp-content\/uploads\/2019\/03\/who-we-are.jpg&#8220; background_position=&#8220;center_right&#8220; global_colors_info=&#8220;{}&#8220;][et_pb_column type=&#8220;4_4&#8243; _builder_version=&#8220;4.16&#8243; custom_padding=&#8220;|||&#8220; global_colors_info=&#8220;{}&#8220; custom_padding__hover=&#8220;|||&#8220;][et_pb_text _builder_version=&#8220;4.16&#8243; global_colors_info=&#8220;{}&#8220;]<\/p>\n<h1>Wer sind wir<\/h1>\n<p>[\/et_pb_text][et_pb_divider module_class=&#8220;separator&#8220; _builder_version=&#8220;4.16&#8243; global_colors_info=&#8220;{}&#8220;][\/et_pb_divider][et_pb_text module_class=&#8220;title-description&#8220; _builder_version=&#8220;4.16&#8243; global_colors_info=&#8220;{}&#8220;]Aston ist eine leistungsorientierte Plattform, die einmalige Chancen identifiziert und ein diversifiziertes Portfolio in den Bereichen Finanzdienstleistungen, Immobilien, nat\u00fcrliche Ressourcen, Infrastruktur, Nahrungsmittel und Getr\u00e4nke, Technologie, Bildung und Gesundheit anbietet.<\/p>\n<p>Die Investitionen von Aston erstrecken sich auf eine breite Palette von Branchen in Mexiko, Europa und Nordamerika, wobei wachstumsorientierten Unternehmen besondere Aufmerksamkeit gewidmet wird. Der Schwerpunkt liegt auf dem Aufbau langfristiger Werte in starken Unternehmen, indem wir strategische Beratung und Kapital bereitstellen und Unternehmen dabei helfen, ihr gr\u00f6\u00dftes Potenzial auszusch\u00f6pfen, um auf wettbewerbsorientierten M\u00e4rkten erfolgreich zu sein.<br \/>\n[\/et_pb_text][\/et_pb_column][\/et_pb_row][\/et_pb_section][et_pb_section fb_built=&#8220;1&#8243; disabled_on=&#8220;on|on|on&#8220; _builder_version=&#8220;4.16&#8243; disabled=&#8220;on&#8220; global_colors_info=&#8220;{}&#8220; collapsed=&#8220;on&#8220;][et_pb_row module_class=&#8220;full-width-row who-we-are-row-title h500&#8243; _builder_version=&#8220;4.16&#8243; background_image=&#8220;https:\/\/aston.ch\/wp-content\/uploads\/2019\/03\/who-we-are.jpg&#8220; background_position=&#8220;center_right&#8220; global_colors_info=&#8220;{}&#8220;][et_pb_column type=&#8220;4_4&#8243; _builder_version=&#8220;4.16&#8243; custom_padding=&#8220;|||&#8220; global_colors_info=&#8220;{}&#8220; custom_padding__hover=&#8220;|||&#8220;][et_pb_text _builder_version=&#8220;4.16&#8243; global_colors_info=&#8220;{}&#8220;]<\/p>\n<h1>Nosotros<\/h1>\n<p>[\/et_pb_text][et_pb_divider module_class=&#8220;separator&#8220; _builder_version=&#8220;4.16&#8243; global_colors_info=&#8220;{}&#8220;][\/et_pb_divider][\/et_pb_column][\/et_pb_row][\/et_pb_section][et_pb_section fb_built=&#8220;1&#8243; disabled_on=&#8220;on|on|on&#8220; _builder_version=&#8220;4.16&#8243; disabled=&#8220;on&#8220; global_colors_info=&#8220;{}&#8220; collapsed=&#8220;on&#8220;][et_pb_row module_class=&#8220;full-width-row who-we-are-row-description bg-aston&#8220; _builder_version=&#8220;4.16&#8243; background_position=&#8220;center_right&#8220; global_colors_info=&#8220;{}&#8220;][et_pb_column type=&#8220;4_4&#8243; _builder_version=&#8220;4.16&#8243; custom_padding=&#8220;|||&#8220; global_colors_info=&#8220;{}&#8220; custom_padding__hover=&#8220;|||&#8220;][et_pb_text module_class=&#8220;title-description&#8220; _builder_version=&#8220;4.16&#8243; global_colors_info=&#8220;{}&#8220;]Aston se enfoca en identificar oportunidades \u00fanicas ofreciendo una cartera diversificada de inversiones en diferentes sectores: Servicios Financieros, Bienes Ra\u00ecces, Recursos Naturales, Infraestructura, Alimentos y Bebidas, Tecnolog\u00eda, Educaci\u00f3n y Salud.<\/p>\n<p>Aston abarca una amplia variedad de industrias en M\u00e9xico, Norte Am\u00e9rica y Europa, con un enfoque especial en empresas orientadas al crecimiento. Nos centramos en construir valor a largo plazo a trav\u00e9s de orientaci\u00f3n estrat\u00e9gica, capital, y ayuda a las empresas a descubrir su mayor potencial y sobresalir en un entorno de mercados competitivos.<br \/>\n[\/et_pb_text][\/et_pb_column][\/et_pb_row][\/et_pb_section][et_pb_section fb_built=&#8220;1&#8243; module_class=&#8220;section-point bg-dark-grey&#8220; _builder_version=&#8220;4.16&#8243; global_colors_info=&#8220;{}&#8220; collapsed=&#8220;on&#8220;][et_pb_row make_equal=&#8220;on&#8220; module_class=&#8220;row-points&#8220; _builder_version=&#8220;4.16&#8243; global_colors_info=&#8220;{}&#8220; column_structure=&#8220;1_4,3_4&#8243;][et_pb_column type=&#8220;1_4&#8243; module_class=&#8220;points-icon-container&#8220; _builder_version=&#8220;4.16&#8243; custom_padding=&#8220;|||&#8220; global_colors_info=&#8220;{}&#8220; custom_padding__hover=&#8220;|||&#8220;][et_pb_image src=&#8220;https:\/\/aston.ch\/wp-content\/uploads\/2019\/02\/estate.svg&#8220; align_tablet=&#8220;center&#8220; align_last_edited=&#8220;on|desktop&#8220; _builder_version=&#8220;4.16&#8243; global_colors_info=&#8220;{}&#8220; align_phone=&#8220;center&#8220;][\/et_pb_image][\/et_pb_column][et_pb_column type=&#8220;3_4&#8243; module_class=&#8220;points-text-container&#8220; _builder_version=&#8220;4.16&#8243; custom_padding=&#8220;|||&#8220; global_colors_info=&#8220;{}&#8220; custom_padding__hover=&#8220;|||&#8220;][et_pb_text _builder_version=&#8220;4.16&#8243; global_colors_info=&#8220;{}&#8220;]<\/p>\n<h3>Immobilien<\/h3>\n<p>[\/et_pb_text][et_pb_text _builder_version=&#8220;4.16&#8243; global_colors_info=&#8220;{}&#8220;]Aston t\u00e4tigt intelligente Immobilieninvestitionen in M\u00e4rkten mit starken Fundamentaldaten und konzentriert sich dabei auf Investitionen in eine Vielzahl von Verm\u00f6genswerten \u00fcber seine vier operativen Plattformen: Aspen, Akua, Auren und Abac.<br \/>\n[\/et_pb_text][\/et_pb_column][\/et_pb_row][\/et_pb_section][et_pb_section fb_built=&#8220;1&#8243; module_class=&#8220;section-point bg-light-grey&#8220; _builder_version=&#8220;4.16&#8243; global_colors_info=&#8220;{}&#8220; collapsed=&#8220;on&#8220;][et_pb_row make_equal=&#8220;on&#8220; module_class=&#8220;row-points&#8220; _builder_version=&#8220;4.16&#8243; global_colors_info=&#8220;{}&#8220; column_structure=&#8220;1_4,3_4&#8243;][et_pb_column type=&#8220;1_4&#8243; module_class=&#8220;points-icon-container&#8220; _builder_version=&#8220;4.16&#8243; custom_padding=&#8220;|||&#8220; global_colors_info=&#8220;{}&#8220; custom_padding__hover=&#8220;|||&#8220;][et_pb_image src=&#8220;https:\/\/aston.ch\/wp-content\/uploads\/2019\/02\/financial.svg&#8220; align_tablet=&#8220;center&#8220; align_last_edited=&#8220;on|desktop&#8220; _builder_version=&#8220;4.16&#8243; global_colors_info=&#8220;{}&#8220; align_phone=&#8220;center&#8220;][\/et_pb_image][\/et_pb_column][et_pb_column type=&#8220;3_4&#8243; module_class=&#8220;points-text-container&#8220; _builder_version=&#8220;4.16&#8243; custom_padding=&#8220;|||&#8220; global_colors_info=&#8220;{}&#8220; custom_padding__hover=&#8220;|||&#8220;][et_pb_text _builder_version=&#8220;4.16&#8243; global_colors_info=&#8220;{}&#8220;]<\/p>\n<h3>Finanzdienstleistungen<\/h3>\n<p>[\/et_pb_text][et_pb_text _builder_version=&#8220;4.16&#8243; global_colors_info=&#8220;{}&#8220;]Finanzielle Beteiligung an attraktiven Gesch\u00e4ftsm\u00f6glichkeiten. Wir bieten finanzielle Unterst\u00fctzung f\u00fcr kleine und mittlere Unternehmen, die auf der Suche nach Kapital sind, um ihre Projekte abzuschlie\u00dfen.<br \/>\n[\/et_pb_text][\/et_pb_column][\/et_pb_row][\/et_pb_section][et_pb_section fb_built=&#8220;1&#8243; module_class=&#8220;section-point bg-dark-grey&#8220; _builder_version=&#8220;4.16&#8243; global_colors_info=&#8220;{}&#8220; collapsed=&#8220;on&#8220;][et_pb_row make_equal=&#8220;on&#8220; module_class=&#8220;row-points&#8220; _builder_version=&#8220;4.16&#8243; global_colors_info=&#8220;{}&#8220; column_structure=&#8220;1_4,3_4&#8243;][et_pb_column type=&#8220;1_4&#8243; module_class=&#8220;points-icon-container&#8220; _builder_version=&#8220;4.16&#8243; custom_padding=&#8220;|||&#8220; global_colors_info=&#8220;{}&#8220; custom_padding__hover=&#8220;|||&#8220;][et_pb_image src=&#8220;https:\/\/aston.ch\/wp-content\/uploads\/2019\/02\/natural.svg&#8220; align_tablet=&#8220;center&#8220; align_last_edited=&#8220;on|desktop&#8220; _builder_version=&#8220;4.16&#8243; global_colors_info=&#8220;{}&#8220; align_phone=&#8220;center&#8220;][\/et_pb_image][\/et_pb_column][et_pb_column type=&#8220;3_4&#8243; module_class=&#8220;points-text-container&#8220; _builder_version=&#8220;4.16&#8243; custom_padding=&#8220;|||&#8220; global_colors_info=&#8220;{}&#8220; custom_padding__hover=&#8220;|||&#8220;][et_pb_text _builder_version=&#8220;4.16&#8243; global_colors_info=&#8220;{}&#8220;]<\/p>\n<h3>Nat\u00fcrliche ressourcen und infrastuktur<\/h3>\n<p>[\/et_pb_text][et_pb_text _builder_version=&#8220;4.16&#8243; global_colors_info=&#8220;{}&#8220;]Durch unsere Beteiligung in Bereichen wie Wasserversorgung, saubere Energie und Verkehr haben wir nachhaltige Projekte entwickelt, die das lokale Wirtschaftswachstum f\u00f6rdern, Arbeitspl\u00e4tze schaffen und die Lebensqualit\u00e4t verbessern.<br \/>\n[\/et_pb_text][\/et_pb_column][\/et_pb_row][\/et_pb_section][et_pb_section fb_built=&#8220;1&#8243; module_class=&#8220;section-point bg-light-grey&#8220; _builder_version=&#8220;4.16&#8243; global_colors_info=&#8220;{}&#8220; collapsed=&#8220;on&#8220;][et_pb_row make_equal=&#8220;on&#8220; module_class=&#8220;row-points&#8220; _builder_version=&#8220;4.16&#8243; global_colors_info=&#8220;{}&#8220; column_structure=&#8220;1_4,3_4&#8243;][et_pb_column type=&#8220;1_4&#8243; module_class=&#8220;points-icon-container&#8220; _builder_version=&#8220;4.16&#8243; custom_padding=&#8220;|||&#8220; global_colors_info=&#8220;{}&#8220; custom_padding__hover=&#8220;|||&#8220;][et_pb_image src=&#8220;https:\/\/aston.ch\/wp-content\/uploads\/2019\/02\/food.svg&#8220; align_tablet=&#8220;center&#8220; align_last_edited=&#8220;on|desktop&#8220; _builder_version=&#8220;4.16&#8243; global_colors_info=&#8220;{}&#8220; align_phone=&#8220;center&#8220;][\/et_pb_image][\/et_pb_column][et_pb_column type=&#8220;3_4&#8243; module_class=&#8220;points-text-container&#8220; _builder_version=&#8220;4.16&#8243; custom_padding=&#8220;|||&#8220; global_colors_info=&#8220;{}&#8220; custom_padding__hover=&#8220;|||&#8220;][et_pb_text _builder_version=&#8220;4.16&#8243; global_colors_info=&#8220;{}&#8220;]<\/p>\n<h3>Lebensmittel und getr\u00e4nke<\/h3>\n<p>[\/et_pb_text][et_pb_text _builder_version=&#8220;4.16&#8243; global_colors_info=&#8220;{}&#8220;]Wir sind auf die Bereitstellung von Kapital f\u00fcr aufstrebende Lebensmittel- und Getr\u00e4nkehersteller spezialisiert, die von Mehrwertdiensten profitieren. Dazu geh\u00f6ren strategische Planung, Marketing, Finanzen, Personalwesen und ein umfangreiches Netzwerk, das wachsende M\u00f6glichkeiten bietet.<br \/>\n[\/et_pb_text][\/et_pb_column][\/et_pb_row][\/et_pb_section][et_pb_section fb_built=&#8220;1&#8243; module_class=&#8220;section-point bg-dark-grey&#8220; _builder_version=&#8220;4.16&#8243; global_colors_info=&#8220;{}&#8220; collapsed=&#8220;on&#8220;][et_pb_row make_equal=&#8220;on&#8220; module_class=&#8220;row-points&#8220; _builder_version=&#8220;4.16&#8243; global_colors_info=&#8220;{}&#8220; column_structure=&#8220;1_4,3_4&#8243;][et_pb_column type=&#8220;1_4&#8243; module_class=&#8220;points-icon-container&#8220; _builder_version=&#8220;4.16&#8243; custom_padding=&#8220;|||&#8220; global_colors_info=&#8220;{}&#8220; custom_padding__hover=&#8220;|||&#8220;][et_pb_image src=&#8220;https:\/\/aston.ch\/wp-content\/uploads\/2019\/02\/technology.svg&#8220; align_tablet=&#8220;center&#8220; align_last_edited=&#8220;on|desktop&#8220; _builder_version=&#8220;4.16&#8243; global_colors_info=&#8220;{}&#8220; align_phone=&#8220;center&#8220;][\/et_pb_image][\/et_pb_column][et_pb_column type=&#8220;3_4&#8243; module_class=&#8220;points-text-container&#8220; _builder_version=&#8220;4.16&#8243; custom_padding=&#8220;|||&#8220; global_colors_info=&#8220;{}&#8220; custom_padding__hover=&#8220;|||&#8220;][et_pb_text _builder_version=&#8220;4.16&#8243; global_colors_info=&#8220;{}&#8220;]<\/p>\n<h3>Technologie<\/h3>\n<p>[\/et_pb_text][et_pb_text _builder_version=&#8220;4.16&#8243; global_colors_info=&#8220;{}&#8220;]Strategische Investitionen in der Technologiebranche und Bereitstellung von Kapital f\u00fcr Unternehmen, die sich an strategischen und\/oder operativen Wendepunkten befinden. Derzeit investieren wir in Software-, Daten- und Technologieunternehmen mit einer langfristigen Perspektive.<br \/>\n[\/et_pb_text][\/et_pb_column][\/et_pb_row][\/et_pb_section][et_pb_section fb_built=&#8220;1&#8243; module_class=&#8220;section-point bg-light-grey&#8220; _builder_version=&#8220;4.16&#8243; global_colors_info=&#8220;{}&#8220; collapsed=&#8220;on&#8220;][et_pb_row make_equal=&#8220;on&#8220; module_class=&#8220;row-points&#8220; _builder_version=&#8220;4.16&#8243; global_colors_info=&#8220;{}&#8220; column_structure=&#8220;1_4,3_4&#8243;][et_pb_column type=&#8220;1_4&#8243; module_class=&#8220;points-icon-container&#8220; _builder_version=&#8220;4.16&#8243; custom_padding=&#8220;|||&#8220; global_colors_info=&#8220;{}&#8220; custom_padding__hover=&#8220;|||&#8220;][et_pb_image src=&#8220;https:\/\/aston.ch\/wp-content\/uploads\/2019\/02\/education.svg&#8220; align_tablet=&#8220;center&#8220; align_last_edited=&#8220;on|desktop&#8220; _builder_version=&#8220;4.16&#8243; global_colors_info=&#8220;{}&#8220; align_phone=&#8220;center&#8220;][\/et_pb_image][\/et_pb_column][et_pb_column type=&#8220;3_4&#8243; module_class=&#8220;points-text-container&#8220; _builder_version=&#8220;4.16&#8243; custom_padding=&#8220;|||&#8220; global_colors_info=&#8220;{}&#8220; custom_padding__hover=&#8220;|||&#8220;][et_pb_text _builder_version=&#8220;4.16&#8243; global_colors_info=&#8220;{}&#8220;]<\/p>\n<h3>Bildung<\/h3>\n<p>[\/et_pb_text][et_pb_text _builder_version=&#8220;4.16&#8243; global_colors_info=&#8220;{}&#8220;]Eine Unternehmung im Bildungssektor, die innovative L\u00f6sungen anbietet und sich darauf konzentriert, die wachsenden spezialisierten Bed\u00fcrfnisse von Studenten und Berufst\u00e4tigen zu erf\u00fcllen.<br \/>\n[\/et_pb_text][\/et_pb_column][\/et_pb_row][\/et_pb_section][et_pb_section fb_built=&#8220;1&#8243; module_class=&#8220;section-point bg-dark-grey&#8220; _builder_version=&#8220;4.16&#8243; global_colors_info=&#8220;{}&#8220; collapsed=&#8220;on&#8220;][et_pb_row make_equal=&#8220;on&#8220; module_class=&#8220;row-points&#8220; _builder_version=&#8220;4.16&#8243; global_colors_info=&#8220;{}&#8220; column_structure=&#8220;1_4,3_4&#8243;][et_pb_column type=&#8220;1_4&#8243; module_class=&#8220;points-icon-container&#8220; _builder_version=&#8220;4.16&#8243; custom_padding=&#8220;|||&#8220; global_colors_info=&#8220;{}&#8220; custom_padding__hover=&#8220;|||&#8220;][et_pb_image src=&#8220;https:\/\/aston.ch\/wp-content\/uploads\/2019\/02\/health.svg&#8220; align_tablet=&#8220;center&#8220; align_last_edited=&#8220;on|desktop&#8220; _builder_version=&#8220;4.16&#8243; global_colors_info=&#8220;{}&#8220; align_phone=&#8220;center&#8220;][\/et_pb_image][\/et_pb_column][et_pb_column type=&#8220;3_4&#8243; module_class=&#8220;points-text-container&#8220; _builder_version=&#8220;4.16&#8243; custom_padding=&#8220;|||&#8220; global_colors_info=&#8220;{}&#8220; custom_padding__hover=&#8220;|||&#8220;][et_pb_text _builder_version=&#8220;4.16&#8243; global_colors_info=&#8220;{}&#8220;]<\/p>\n<h3>Gesundheit<\/h3>\n<p>[\/et_pb_text][et_pb_text _builder_version=&#8220;4.16&#8243; global_colors_info=&#8220;{}&#8220;]Wir zielen auf Unternehmen mit talentierten Managementteams ab, die den Bed\u00fcrfnissen des Gesundheitswesens im weiteren Sinne gerecht werden, indem sie die Ergebnisse f\u00fcr die Patienten verbessern, die Kosten senken, die Effizienz steigern und die Anreize f\u00fcr die Beteiligten angleichen.<br \/>\n[\/et_pb_text][\/et_pb_column][\/et_pb_row][\/et_pb_section][et_pb_section fb_built=&#8220;1&#8243; module_class=&#8220;section-point bg-light-grey&#8220; _builder_version=&#8220;4.16&#8243; global_colors_info=&#8220;{}&#8220; collapsed=&#8220;on&#8220;][et_pb_row make_equal=&#8220;on&#8220; module_class=&#8220;row-points&#8220; _builder_version=&#8220;4.16&#8243; global_colors_info=&#8220;{}&#8220; column_structure=&#8220;1_4,3_4&#8243;][et_pb_column type=&#8220;1_4&#8243; module_class=&#8220;points-icon-container&#8220; _builder_version=&#8220;4.16&#8243; custom_padding=&#8220;|||&#8220; global_colors_info=&#8220;{}&#8220; custom_padding__hover=&#8220;|||&#8220;][et_pb_image src=&#8220;https:\/\/aston.ch\/wp-content\/uploads\/2022\/09\/profile.png&#8220; align_tablet=&#8220;center&#8220; align_last_edited=&#8220;on|desktop&#8220; _builder_version=&#8220;4.16&#8243; global_colors_info=&#8220;{}&#8220; align_phone=&#8220;center&#8220;][\/et_pb_image][\/et_pb_column][et_pb_column type=&#8220;3_4&#8243; module_class=&#8220;points-text-container&#8220; _builder_version=&#8220;4.16&#8243; custom_padding=&#8220;|||&#8220; global_colors_info=&#8220;{}&#8220; custom_padding__hover=&#8220;|||&#8220;][et_pb_text _builder_version=&#8220;4.16&#8243; global_colors_info=&#8220;{}&#8220;]<\/p>\n<h3>Unser gr\u00fcnder<\/h3>\n<p>[\/et_pb_text][et_pb_text _builder_version=&#8220;4.16&#8243; global_colors_info=&#8220;{}&#8220;]Manuel Barreiro Casta\u00f1eda, ein erfahrener Immobilienmanager und Philanthrop, ist der Gr\u00fcnder und Vorsitzende der Aston Group.<\/p>\n<p><a href=\"https:\/\/aston.ch\/de\/manuel-barreiro-castaneda\/\">Klicken Sie hier, um mehr zu erfahren.<\/a><br \/>\n[\/et_pb_text][\/et_pb_column][\/et_pb_row][\/et_pb_section]<\/p>\n","protected":false},"excerpt":{"rendered":"<p>Wer sind wir Aston ist eine leistungsorientierte Plattform, die einmalige Chancen identifiziert und ein diversifiziertes Portfolio in den Bereichen Finanzdienstleistungen, Immobilien, nat\u00fcrliche Ressourcen, Infrastruktur, Nahrungsmittel und Getr\u00e4nke, Technologie, Bildung und Gesundheit anbietet. Die Investitionen von Aston erstrecken sich auf eine breite Palette von Branchen in Mexiko, Europa und Nordamerika, wobei wachstumsorientierten Unternehmen besondere Aufmerksamkeit gewidmet [&hellip;]<\/p>\n","protected":false},"author":1,"featured_media":0,"parent":0,"menu_order":0,"comment_status":"closed","ping_status":"closed","template":"","meta":{"_et_pb_use_builder":"on","_et_pb_old_content":"","_et_gb_content_width":"","ngg_post_thumbnail":0,"footnotes":""},"class_list":["post-806","page","type-page","status-publish","hentry"],"_links":{"self":[{"href":"https:\/\/aston.ch\/de\/wp-json\/wp\/v2\/pages\/806","targetHints":{"allow":["GET"]}}],"collection":[{"href":"https:\/\/aston.ch\/de\/wp-json\/wp\/v2\/pages"}],"about":[{"href":"https:\/\/aston.ch\/de\/wp-json\/wp\/v2\/types\/page"}],"author":[{"embeddable":true,"href":"https:\/\/aston.ch\/de\/wp-json\/wp\/v2\/users\/1"}],"replies":[{"embeddable":true,"href":"https:\/\/aston.ch\/de\/wp-json\/wp\/v2\/comments?post=806"}],"version-history":[{"count":11,"href":"https:\/\/aston.ch\/de\/wp-json\/wp\/v2\/pages\/806\/revisions"}],"predecessor-version":[{"id":1880,"href":"https:\/\/aston.ch\/de\/wp-json\/wp\/v2\/pages\/806\/revisions\/1880"}],"wp:attachment":[{"href":"https:\/\/aston.ch\/de\/wp-json\/wp\/v2\/media?parent=806"}],"curies":[{"name":"wp","href":"https:\/\/api.w.org\/{rel}","templated":true}]}}